{"id":6828,"date":"2025-12-15T13:02:36","date_gmt":"2025-12-15T18:02:36","guid":{"rendered":"https:\/\/dcobys.com\/services\/uncategorized\/autonomous-mobility-japan-2\/"},"modified":"2026-01-30T21:36:04","modified_gmt":"2026-01-31T02:36:04","slug":"autonomous-mobility-japan-2","status":"publish","type":"product","link":"https:\/\/dcobys.com\/es\/services\/misiones-comerciales\/automotriz-movilidad\/movilidad-autonoma\/autonomous-mobility-japan-2\/","title":{"rendered":"Movilidad aut\u00f3noma &#8211; Jap\u00f3n"},"content":{"rendered":"<p>La Misi\u00f3n Comercial en Jap\u00f3n introduce a los participantes en el ecosistema AV japon\u00e9s desde Tokio, donde CEATEC y conferencias de autonom\u00eda presentan avances en sensores, visi\u00f3n computacional, rob\u00f3tica m\u00f3vil y navegaci\u00f3n de precisi\u00f3n. La misi\u00f3n facilita reuniones con fabricantes l\u00edderes y centros de pruebas nacionales. Fuentes: CEATEC, METI Smart Mobility.<\/p>\n","protected":false},"excerpt":{"rendered":"<p>La Misi\u00f3n Comercial en Jap\u00f3n introduce a los participantes en el ecosistema AV japon\u00e9s desde Tokio, donde CEATEC y conferencias de autonom\u00eda presentan avances en sensores, visi\u00f3n computacional, rob\u00f3tica m\u00f3vil y navegaci\u00f3n de precisi\u00f3n. La misi\u00f3n facilita reuniones con fabricantes l\u00edderes y centros de pruebas nacionales. Fuentes: CEATEC, METI Smart Mobility.<\/p>\n","protected":false},"featured_media":8568,"template":"","meta":{"_acf_changed":false},"country":[939],"product_brand":[],"product_cat":[965,893,970],"product_tag":[924],"class_list":{"0":"post-6828","1":"product","2":"type-product","3":"status-publish","4":"has-post-thumbnail","6":"country-japon","7":"product_cat-automotriz-movilidad","8":"product_cat-misiones-comerciales","9":"product_cat-movilidad-autonoma","10":"product_tag-misiones-comerciales","12":"first","13":"instock","14":"virtual","15":"product-type-simple"},"acf":[],"_links":{"self":[{"href":"https:\/\/dcobys.com\/es\/wp-json\/wp\/v2\/product\/6828","targetHints":{"allow":["GET"]}}],"collection":[{"href":"https:\/\/dcobys.com\/es\/wp-json\/wp\/v2\/product"}],"about":[{"href":"https:\/\/dcobys.com\/es\/wp-json\/wp\/v2\/types\/product"}],"version-history":[{"count":0,"href":"https:\/\/dcobys.com\/es\/wp-json\/wp\/v2\/product\/6828\/revisions"}],"wp:featuredmedia":[{"embeddable":true,"href":"https:\/\/dcobys.com\/es\/wp-json\/wp\/v2\/media\/8568"}],"wp:attachment":[{"href":"https:\/\/dcobys.com\/es\/wp-json\/wp\/v2\/media?parent=6828"}],"wp:term":[{"taxonomy":"country","embeddable":true,"href":"https:\/\/dcobys.com\/es\/wp-json\/wp\/v2\/country?post=6828"},{"taxonomy":"product_brand","embeddable":true,"href":"https:\/\/dcobys.com\/es\/wp-json\/wp\/v2\/product_brand?post=6828"},{"taxonomy":"product_cat","embeddable":true,"href":"https:\/\/dcobys.com\/es\/wp-json\/wp\/v2\/product_cat?post=6828"},{"taxonomy":"product_tag","embeddable":true,"href":"https:\/\/dcobys.com\/es\/wp-json\/wp\/v2\/product_tag?post=6828"}],"curies":[{"name":"wp","href":"https:\/\/api.w.org\/{rel}","templated":true}]}}