{"id":6826,"date":"2025-12-15T13:02:36","date_gmt":"2025-12-15T18:02:36","guid":{"rendered":"https:\/\/dcobys.com\/services\/uncategorized\/autonomous-mobility-germany-2\/"},"modified":"2026-01-30T21:36:04","modified_gmt":"2026-01-31T02:36:04","slug":"autonomous-mobility-germany-2","status":"publish","type":"product","link":"https:\/\/dcobys.com\/es\/services\/misiones-comerciales\/automotriz-movilidad\/movilidad-autonoma\/autonomous-mobility-germany-2\/","title":{"rendered":"Movilidad aut\u00f3noma &#8211; Alemania"},"content":{"rendered":"<p>La Misi\u00f3n Comercial en Alemania se centra en Berl\u00edn, punto de encuentro europeo para la movilidad aut\u00f3noma, impulsada por conferencias especializadas y por los tracks de IAA Mobility. La misi\u00f3n permite explorar soluciones de IA aplicada, sensores, pruebas AV, infraestructura V2X y alianzas con startups y OEMs alemanes. Fuentes: IAA Mobility, German AV Innovation Reports.<\/p>\n","protected":false},"excerpt":{"rendered":"<p>La Misi\u00f3n Comercial en Alemania se centra en Berl\u00edn, punto de encuentro europeo para la movilidad aut\u00f3noma, impulsada por conferencias especializadas y por los tracks de IAA Mobility. La misi\u00f3n permite explorar soluciones de IA aplicada, sensores, pruebas AV, infraestructura V2X y alianzas con startups y OEMs alemanes. Fuentes: IAA Mobility, German AV Innovation Reports.<\/p>\n","protected":false},"featured_media":8565,"template":"","meta":{"_acf_changed":false},"country":[934],"product_brand":[],"product_cat":[965,893,970],"product_tag":[924],"class_list":{"0":"post-6826","1":"product","2":"type-product","3":"status-publish","4":"has-post-thumbnail","6":"country-alemania","7":"product_cat-automotriz-movilidad","8":"product_cat-misiones-comerciales","9":"product_cat-movilidad-autonoma","10":"product_tag-misiones-comerciales","12":"first","13":"instock","14":"virtual","15":"product-type-simple"},"acf":[],"_links":{"self":[{"href":"https:\/\/dcobys.com\/es\/wp-json\/wp\/v2\/product\/6826","targetHints":{"allow":["GET"]}}],"collection":[{"href":"https:\/\/dcobys.com\/es\/wp-json\/wp\/v2\/product"}],"about":[{"href":"https:\/\/dcobys.com\/es\/wp-json\/wp\/v2\/types\/product"}],"version-history":[{"count":0,"href":"https:\/\/dcobys.com\/es\/wp-json\/wp\/v2\/product\/6826\/revisions"}],"wp:featuredmedia":[{"embeddable":true,"href":"https:\/\/dcobys.com\/es\/wp-json\/wp\/v2\/media\/8565"}],"wp:attachment":[{"href":"https:\/\/dcobys.com\/es\/wp-json\/wp\/v2\/media?parent=6826"}],"wp:term":[{"taxonomy":"country","embeddable":true,"href":"https:\/\/dcobys.com\/es\/wp-json\/wp\/v2\/country?post=6826"},{"taxonomy":"product_brand","embeddable":true,"href":"https:\/\/dcobys.com\/es\/wp-json\/wp\/v2\/product_brand?post=6826"},{"taxonomy":"product_cat","embeddable":true,"href":"https:\/\/dcobys.com\/es\/wp-json\/wp\/v2\/product_cat?post=6826"},{"taxonomy":"product_tag","embeddable":true,"href":"https:\/\/dcobys.com\/es\/wp-json\/wp\/v2\/product_tag?post=6826"}],"curies":[{"name":"wp","href":"https:\/\/api.w.org\/{rel}","templated":true}]}}