{"id":6822,"date":"2025-12-15T13:02:36","date_gmt":"2025-12-15T18:02:36","guid":{"rendered":"https:\/\/dcobys.com\/services\/uncategorized\/auto-parts-mexico-2\/"},"modified":"2026-01-30T21:36:04","modified_gmt":"2026-01-31T02:36:04","slug":"auto-parts-mexico-2","status":"publish","type":"product","link":"https:\/\/dcobys.com\/es\/services\/misiones-comerciales\/automotriz-movilidad\/autopartes\/auto-parts-mexico-2\/","title":{"rendered":"Autopartes &#8211; M\u00e9xico"},"content":{"rendered":"<p>La Misi\u00f3n Comercial en M\u00e9xico abre puertas al cluster automotriz de Aguascalientes, sede de plantas ensambladoras y ferias como Expo Producci\u00f3n Automotriz y Expo Manufactura, con alta integraci\u00f3n hacia EE. UU. La misi\u00f3n facilita acercamientos comerciales con Tier 1, Tier 2 y centros de ingenier\u00eda vinculados al T-MEC. Fuentes: Cl\u00faster Automotriz Aguascalientes, Expo Manufactura.<\/p>\n","protected":false},"excerpt":{"rendered":"<p>La Misi\u00f3n Comercial en M\u00e9xico abre puertas al cluster automotriz de Aguascalientes, sede de plantas ensambladoras y ferias como Expo Producci\u00f3n Automotriz y Expo Manufactura, con alta integraci\u00f3n hacia EE. UU. La misi\u00f3n facilita acercamientos comerciales con Tier 1, Tier 2 y centros de ingenier\u00eda vinculados al T-MEC. Fuentes: Cl\u00faster Automotriz Aguascalientes, Expo Manufactura.<\/p>\n","protected":false},"featured_media":8546,"template":"","meta":{"_acf_changed":false},"country":[941],"product_brand":[],"product_cat":[965,966,893],"product_tag":[924],"class_list":{"0":"post-6822","1":"product","2":"type-product","3":"status-publish","4":"has-post-thumbnail","6":"country-mexico","7":"product_cat-automotriz-movilidad","8":"product_cat-autopartes","9":"product_cat-misiones-comerciales","10":"product_tag-misiones-comerciales","12":"first","13":"instock","14":"virtual","15":"product-type-simple"},"acf":[],"_links":{"self":[{"href":"https:\/\/dcobys.com\/es\/wp-json\/wp\/v2\/product\/6822","targetHints":{"allow":["GET"]}}],"collection":[{"href":"https:\/\/dcobys.com\/es\/wp-json\/wp\/v2\/product"}],"about":[{"href":"https:\/\/dcobys.com\/es\/wp-json\/wp\/v2\/types\/product"}],"version-history":[{"count":0,"href":"https:\/\/dcobys.com\/es\/wp-json\/wp\/v2\/product\/6822\/revisions"}],"wp:featuredmedia":[{"embeddable":true,"href":"https:\/\/dcobys.com\/es\/wp-json\/wp\/v2\/media\/8546"}],"wp:attachment":[{"href":"https:\/\/dcobys.com\/es\/wp-json\/wp\/v2\/media?parent=6822"}],"wp:term":[{"taxonomy":"country","embeddable":true,"href":"https:\/\/dcobys.com\/es\/wp-json\/wp\/v2\/country?post=6822"},{"taxonomy":"product_brand","embeddable":true,"href":"https:\/\/dcobys.com\/es\/wp-json\/wp\/v2\/product_brand?post=6822"},{"taxonomy":"product_cat","embeddable":true,"href":"https:\/\/dcobys.com\/es\/wp-json\/wp\/v2\/product_cat?post=6822"},{"taxonomy":"product_tag","embeddable":true,"href":"https:\/\/dcobys.com\/es\/wp-json\/wp\/v2\/product_tag?post=6822"}],"curies":[{"name":"wp","href":"https:\/\/api.w.org\/{rel}","templated":true}]}}