{"id":6820,"date":"2025-12-15T13:02:36","date_gmt":"2025-12-15T18:02:36","guid":{"rendered":"https:\/\/dcobys.com\/services\/uncategorized\/auto-parts-china-2\/"},"modified":"2026-01-30T21:36:04","modified_gmt":"2026-01-31T02:36:04","slug":"auto-parts-china-2","status":"publish","type":"product","link":"https:\/\/dcobys.com\/es\/services\/misiones-comerciales\/automotriz-movilidad\/autopartes\/auto-parts-china-2\/","title":{"rendered":"Autopartes &#8211; China"},"content":{"rendered":"<p>La Misi\u00f3n Comercial en China permite acceder a Automechanika Shanghai, el evento m\u00e1s grande de autopartes en Asia, donde Guangzhou complementa la visita con su ecosistema industrial y portuario. La misi\u00f3n facilita reuniones con fabricantes, ensambladoras y proveedores de todos los niveles, ideales para explorar costos competitivos, escalabilidad y tendencias en veh\u00edculos el\u00e9ctricos. Fuentes: Automechanika Shanghai, MIIT Automotive Data.<\/p>\n","protected":false},"excerpt":{"rendered":"<p>La Misi\u00f3n Comercial en China permite acceder a Automechanika Shanghai, el evento m\u00e1s grande de autopartes en Asia, donde Guangzhou complementa la visita con su ecosistema industrial y portuario. La misi\u00f3n facilita reuniones con fabricantes, ensambladoras y proveedores de todos los niveles, ideales para explorar costos competitivos, escalabilidad y tendencias en veh\u00edculos el\u00e9ctricos. Fuentes: Automechanika [&hellip;]<\/p>\n","protected":false},"featured_media":8544,"template":"","meta":{"_acf_changed":false},"country":[928],"product_brand":[],"product_cat":[965,966,893],"product_tag":[924],"class_list":{"0":"post-6820","1":"product","2":"type-product","3":"status-publish","4":"has-post-thumbnail","6":"country-china","7":"product_cat-automotriz-movilidad","8":"product_cat-autopartes","9":"product_cat-misiones-comerciales","10":"product_tag-misiones-comerciales","12":"first","13":"instock","14":"virtual","15":"product-type-simple"},"acf":[],"_links":{"self":[{"href":"https:\/\/dcobys.com\/es\/wp-json\/wp\/v2\/product\/6820","targetHints":{"allow":["GET"]}}],"collection":[{"href":"https:\/\/dcobys.com\/es\/wp-json\/wp\/v2\/product"}],"about":[{"href":"https:\/\/dcobys.com\/es\/wp-json\/wp\/v2\/types\/product"}],"version-history":[{"count":0,"href":"https:\/\/dcobys.com\/es\/wp-json\/wp\/v2\/product\/6820\/revisions"}],"wp:featuredmedia":[{"embeddable":true,"href":"https:\/\/dcobys.com\/es\/wp-json\/wp\/v2\/media\/8544"}],"wp:attachment":[{"href":"https:\/\/dcobys.com\/es\/wp-json\/wp\/v2\/media?parent=6820"}],"wp:term":[{"taxonomy":"country","embeddable":true,"href":"https:\/\/dcobys.com\/es\/wp-json\/wp\/v2\/country?post=6820"},{"taxonomy":"product_brand","embeddable":true,"href":"https:\/\/dcobys.com\/es\/wp-json\/wp\/v2\/product_brand?post=6820"},{"taxonomy":"product_cat","embeddable":true,"href":"https:\/\/dcobys.com\/es\/wp-json\/wp\/v2\/product_cat?post=6820"},{"taxonomy":"product_tag","embeddable":true,"href":"https:\/\/dcobys.com\/es\/wp-json\/wp\/v2\/product_tag?post=6820"}],"curies":[{"name":"wp","href":"https:\/\/api.w.org\/{rel}","templated":true}]}}