{"id":6814,"date":"2025-12-15T13:02:36","date_gmt":"2025-12-15T18:02:36","guid":{"rendered":"https:\/\/dcobys.com\/services\/uncategorized\/auto-parts-germany-2\/"},"modified":"2026-01-30T21:36:04","modified_gmt":"2026-01-31T02:36:04","slug":"auto-parts-germany-2","status":"publish","type":"product","link":"https:\/\/dcobys.com\/es\/services\/misiones-comerciales\/automotriz-movilidad\/autopartes\/auto-parts-germany-2\/","title":{"rendered":"Autopartes &#8211; Alemania"},"content":{"rendered":"<p>La Misi\u00f3n Comercial en Alemania posiciona a las empresas dentro del mayor ecosistema industrial europeo, articulado alrededor de Hannover Messe y de Automechanika Frankfurt, donde convergen fabricantes de autopartes, maquinaria, proveedores Tier 1 y compradores globales. La misi\u00f3n facilita el acceso a tecnolog\u00edas de manufactura avanzada, estandarizaci\u00f3n alemana y oportunidades de integraci\u00f3n en cadenas europeas de suministro automotriz. Fuentes: Hannover Messe, Automechanika.<\/p>\n","protected":false},"excerpt":{"rendered":"<p>La Misi\u00f3n Comercial en Alemania posiciona a las empresas dentro del mayor ecosistema industrial europeo, articulado alrededor de Hannover Messe y de Automechanika Frankfurt, donde convergen fabricantes de autopartes, maquinaria, proveedores Tier 1 y compradores globales. La misi\u00f3n facilita el acceso a tecnolog\u00edas de manufactura avanzada, estandarizaci\u00f3n alemana y oportunidades de integraci\u00f3n en cadenas europeas [&hellip;]<\/p>\n","protected":false},"featured_media":7325,"template":"","meta":{"_acf_changed":false},"country":[934],"product_brand":[],"product_cat":[965,966,893],"product_tag":[924],"class_list":{"0":"post-6814","1":"product","2":"type-product","3":"status-publish","4":"has-post-thumbnail","6":"country-alemania","7":"product_cat-automotriz-movilidad","8":"product_cat-autopartes","9":"product_cat-misiones-comerciales","10":"product_tag-misiones-comerciales","12":"first","13":"instock","14":"virtual","15":"product-type-simple"},"acf":[],"_links":{"self":[{"href":"https:\/\/dcobys.com\/es\/wp-json\/wp\/v2\/product\/6814","targetHints":{"allow":["GET"]}}],"collection":[{"href":"https:\/\/dcobys.com\/es\/wp-json\/wp\/v2\/product"}],"about":[{"href":"https:\/\/dcobys.com\/es\/wp-json\/wp\/v2\/types\/product"}],"version-history":[{"count":0,"href":"https:\/\/dcobys.com\/es\/wp-json\/wp\/v2\/product\/6814\/revisions"}],"wp:featuredmedia":[{"embeddable":true,"href":"https:\/\/dcobys.com\/es\/wp-json\/wp\/v2\/media\/7325"}],"wp:attachment":[{"href":"https:\/\/dcobys.com\/es\/wp-json\/wp\/v2\/media?parent=6814"}],"wp:term":[{"taxonomy":"country","embeddable":true,"href":"https:\/\/dcobys.com\/es\/wp-json\/wp\/v2\/country?post=6814"},{"taxonomy":"product_brand","embeddable":true,"href":"https:\/\/dcobys.com\/es\/wp-json\/wp\/v2\/product_brand?post=6814"},{"taxonomy":"product_cat","embeddable":true,"href":"https:\/\/dcobys.com\/es\/wp-json\/wp\/v2\/product_cat?post=6814"},{"taxonomy":"product_tag","embeddable":true,"href":"https:\/\/dcobys.com\/es\/wp-json\/wp\/v2\/product_tag?post=6814"}],"curies":[{"name":"wp","href":"https:\/\/api.w.org\/{rel}","templated":true}]}}