{"id":6812,"date":"2025-12-15T13:02:36","date_gmt":"2025-12-15T18:02:36","guid":{"rendered":"https:\/\/dcobys.com\/services\/uncategorized\/automotive-software-south-korea-2\/"},"modified":"2026-01-30T21:36:04","modified_gmt":"2026-01-31T02:36:04","slug":"automotive-software-south-korea-2","status":"publish","type":"product","link":"https:\/\/dcobys.com\/es\/services\/misiones-comerciales\/automotriz-movilidad\/software-automotriz\/automotive-software-south-korea-2\/","title":{"rendered":"Software automotriz &#8211; Corea del Sur"},"content":{"rendered":"<p>La Misi\u00f3n Comercial en Corea del Sur se enfoca en Se\u00fal, centro de innovaci\u00f3n automotriz que impulsa software para electrificaci\u00f3n, autonom\u00eda, infotainment y ciberseguridad automotriz, potenciado por conferencias especializadas en electr\u00f3nica y software vehicular. Los participantes acceden a reuniones con gigantes tecnol\u00f3gicos, fabricantes, centros de I+D y startups l\u00edderes en sensores, LiDAR, c\u00e1maras y controladores inteligentes. Corea destaca por su ecosistema altamente colaborativo y orientado a exportaci\u00f3n. Fuentes: KAMA Mobility Reports, Automotive Software Korea Conferences.<\/p>\n","protected":false},"excerpt":{"rendered":"<p>La Misi\u00f3n Comercial en Corea del Sur se enfoca en Se\u00fal, centro de innovaci\u00f3n automotriz que impulsa software para electrificaci\u00f3n, autonom\u00eda, infotainment y ciberseguridad automotriz, potenciado por conferencias especializadas en electr\u00f3nica y software vehicular. Los participantes acceden a reuniones con gigantes tecnol\u00f3gicos, fabricantes, centros de I+D y startups l\u00edderes en sensores, LiDAR, c\u00e1maras y controladores [&hellip;]<\/p>\n","protected":false},"featured_media":8540,"template":"","meta":{"_acf_changed":false},"country":[948],"product_brand":[],"product_cat":[965,893,969],"product_tag":[924],"class_list":{"0":"post-6812","1":"product","2":"type-product","3":"status-publish","4":"has-post-thumbnail","6":"country-corea-del-sur","7":"product_cat-automotriz-movilidad","8":"product_cat-misiones-comerciales","9":"product_cat-software-automotriz","10":"product_tag-misiones-comerciales","12":"first","13":"instock","14":"virtual","15":"product-type-simple"},"acf":[],"_links":{"self":[{"href":"https:\/\/dcobys.com\/es\/wp-json\/wp\/v2\/product\/6812","targetHints":{"allow":["GET"]}}],"collection":[{"href":"https:\/\/dcobys.com\/es\/wp-json\/wp\/v2\/product"}],"about":[{"href":"https:\/\/dcobys.com\/es\/wp-json\/wp\/v2\/types\/product"}],"version-history":[{"count":0,"href":"https:\/\/dcobys.com\/es\/wp-json\/wp\/v2\/product\/6812\/revisions"}],"wp:featuredmedia":[{"embeddable":true,"href":"https:\/\/dcobys.com\/es\/wp-json\/wp\/v2\/media\/8540"}],"wp:attachment":[{"href":"https:\/\/dcobys.com\/es\/wp-json\/wp\/v2\/media?parent=6812"}],"wp:term":[{"taxonomy":"country","embeddable":true,"href":"https:\/\/dcobys.com\/es\/wp-json\/wp\/v2\/country?post=6812"},{"taxonomy":"product_brand","embeddable":true,"href":"https:\/\/dcobys.com\/es\/wp-json\/wp\/v2\/product_brand?post=6812"},{"taxonomy":"product_cat","embeddable":true,"href":"https:\/\/dcobys.com\/es\/wp-json\/wp\/v2\/product_cat?post=6812"},{"taxonomy":"product_tag","embeddable":true,"href":"https:\/\/dcobys.com\/es\/wp-json\/wp\/v2\/product_tag?post=6812"}],"curies":[{"name":"wp","href":"https:\/\/api.w.org\/{rel}","templated":true}]}}