{"id":6810,"date":"2025-12-15T13:02:36","date_gmt":"2025-12-15T18:02:36","guid":{"rendered":"https:\/\/dcobys.com\/services\/uncategorized\/automotive-software-mexico-2\/"},"modified":"2026-01-30T21:36:04","modified_gmt":"2026-01-31T02:36:04","slug":"automotive-software-mexico-2","status":"publish","type":"product","link":"https:\/\/dcobys.com\/es\/services\/misiones-comerciales\/automotriz-movilidad\/software-automotriz\/automotive-software-mexico-2\/","title":{"rendered":"Software automotriz &#8211; M\u00e9xico"},"content":{"rendered":"<p>La Misi\u00f3n Comercial en M\u00e9xico impulsa conexiones con el hub automotriz del norte del pa\u00eds, donde Monterrey concentra proveedores, ensambladoras y expos especializadas en tecnolog\u00eda para veh\u00edculos y software automotriz. La misi\u00f3n facilita reuniones con Tier 1, integradores de sistemas electr\u00f3nicos, desarrolladores de software y clusters industriales alineados con los est\u00e1ndares de EE. UU. y Canad\u00e1. Es ideal para empresas que buscan entrar en la cadena de suministro norteamericana bajo el marco del T-MEC. Fuentes: Cl\u00faster Automotriz NL, Expo Manufactura.<\/p>\n","protected":false},"excerpt":{"rendered":"<p>La Misi\u00f3n Comercial en M\u00e9xico impulsa conexiones con el hub automotriz del norte del pa\u00eds, donde Monterrey concentra proveedores, ensambladoras y expos especializadas en tecnolog\u00eda para veh\u00edculos y software automotriz. La misi\u00f3n facilita reuniones con Tier 1, integradores de sistemas electr\u00f3nicos, desarrolladores de software y clusters industriales alineados con los est\u00e1ndares de EE. UU. y [&hellip;]<\/p>\n","protected":false},"featured_media":8538,"template":"","meta":{"_acf_changed":false},"country":[941],"product_brand":[],"product_cat":[965,893,969],"product_tag":[924],"class_list":{"0":"post-6810","1":"product","2":"type-product","3":"status-publish","4":"has-post-thumbnail","6":"country-mexico","7":"product_cat-automotriz-movilidad","8":"product_cat-misiones-comerciales","9":"product_cat-software-automotriz","10":"product_tag-misiones-comerciales","12":"first","13":"instock","14":"virtual","15":"product-type-simple"},"acf":[],"_links":{"self":[{"href":"https:\/\/dcobys.com\/es\/wp-json\/wp\/v2\/product\/6810","targetHints":{"allow":["GET"]}}],"collection":[{"href":"https:\/\/dcobys.com\/es\/wp-json\/wp\/v2\/product"}],"about":[{"href":"https:\/\/dcobys.com\/es\/wp-json\/wp\/v2\/types\/product"}],"version-history":[{"count":0,"href":"https:\/\/dcobys.com\/es\/wp-json\/wp\/v2\/product\/6810\/revisions"}],"wp:featuredmedia":[{"embeddable":true,"href":"https:\/\/dcobys.com\/es\/wp-json\/wp\/v2\/media\/8538"}],"wp:attachment":[{"href":"https:\/\/dcobys.com\/es\/wp-json\/wp\/v2\/media?parent=6810"}],"wp:term":[{"taxonomy":"country","embeddable":true,"href":"https:\/\/dcobys.com\/es\/wp-json\/wp\/v2\/country?post=6810"},{"taxonomy":"product_brand","embeddable":true,"href":"https:\/\/dcobys.com\/es\/wp-json\/wp\/v2\/product_brand?post=6810"},{"taxonomy":"product_cat","embeddable":true,"href":"https:\/\/dcobys.com\/es\/wp-json\/wp\/v2\/product_cat?post=6810"},{"taxonomy":"product_tag","embeddable":true,"href":"https:\/\/dcobys.com\/es\/wp-json\/wp\/v2\/product_tag?post=6810"}],"curies":[{"name":"wp","href":"https:\/\/api.w.org\/{rel}","templated":true}]}}