{"id":6806,"date":"2025-12-15T13:02:36","date_gmt":"2025-12-15T18:02:36","guid":{"rendered":"https:\/\/dcobys.com\/services\/uncategorized\/automotive-software-usa-2\/"},"modified":"2026-01-30T21:36:04","modified_gmt":"2026-01-31T02:36:04","slug":"automotive-software-usa-2","status":"publish","type":"product","link":"https:\/\/dcobys.com\/es\/services\/misiones-comerciales\/automotriz-movilidad\/software-automotriz\/automotive-software-usa-2\/","title":{"rendered":"Software automotriz &#8211; EE. UU."},"content":{"rendered":"<p>La Misi\u00f3n Comercial en Estados Unidos se inserta en Silicon Valley, epicentro mundial del software automotriz, donde eventos como AutoTech y las verticales automotrices del CES re\u00fanen a compa\u00f1\u00edas de conectividad, IA, sensores, SDV y plataformas de movilidad. La ruta incluye reuniones con startups, centros de I+D, proveedores de software para autonom\u00eda y fabricantes que lideran el cambio hacia veh\u00edculos definidos por software. Esta misi\u00f3n fortalece oportunidades de integraci\u00f3n tecnol\u00f3gica, inversi\u00f3n y escalamiento de soluciones para OEMs norteamericanos. Fuentes: AutoTech , CES.<\/p>\n","protected":false},"excerpt":{"rendered":"<p>La Misi\u00f3n Comercial en Estados Unidos se inserta en Silicon Valley, epicentro mundial del software automotriz, donde eventos como AutoTech y las verticales automotrices del CES re\u00fanen a compa\u00f1\u00edas de conectividad, IA, sensores, SDV y plataformas de movilidad. La ruta incluye reuniones con startups, centros de I+D, proveedores de software para autonom\u00eda y fabricantes que [&hellip;]<\/p>\n","protected":false},"featured_media":8533,"template":"","meta":{"_acf_changed":false},"country":[954],"product_brand":[],"product_cat":[965,893,969],"product_tag":[924],"class_list":{"0":"post-6806","1":"product","2":"type-product","3":"status-publish","4":"has-post-thumbnail","6":"country-ee-uu","7":"product_cat-automotriz-movilidad","8":"product_cat-misiones-comerciales","9":"product_cat-software-automotriz","10":"product_tag-misiones-comerciales","12":"first","13":"instock","14":"virtual","15":"product-type-simple"},"acf":[],"_links":{"self":[{"href":"https:\/\/dcobys.com\/es\/wp-json\/wp\/v2\/product\/6806","targetHints":{"allow":["GET"]}}],"collection":[{"href":"https:\/\/dcobys.com\/es\/wp-json\/wp\/v2\/product"}],"about":[{"href":"https:\/\/dcobys.com\/es\/wp-json\/wp\/v2\/types\/product"}],"version-history":[{"count":0,"href":"https:\/\/dcobys.com\/es\/wp-json\/wp\/v2\/product\/6806\/revisions"}],"wp:featuredmedia":[{"embeddable":true,"href":"https:\/\/dcobys.com\/es\/wp-json\/wp\/v2\/media\/8533"}],"wp:attachment":[{"href":"https:\/\/dcobys.com\/es\/wp-json\/wp\/v2\/media?parent=6806"}],"wp:term":[{"taxonomy":"country","embeddable":true,"href":"https:\/\/dcobys.com\/es\/wp-json\/wp\/v2\/country?post=6806"},{"taxonomy":"product_brand","embeddable":true,"href":"https:\/\/dcobys.com\/es\/wp-json\/wp\/v2\/product_brand?post=6806"},{"taxonomy":"product_cat","embeddable":true,"href":"https:\/\/dcobys.com\/es\/wp-json\/wp\/v2\/product_cat?post=6806"},{"taxonomy":"product_tag","embeddable":true,"href":"https:\/\/dcobys.com\/es\/wp-json\/wp\/v2\/product_tag?post=6806"}],"curies":[{"name":"wp","href":"https:\/\/api.w.org\/{rel}","templated":true}]}}