{"id":6804,"date":"2025-12-15T13:02:36","date_gmt":"2025-12-15T18:02:36","guid":{"rendered":"https:\/\/dcobys.com\/services\/uncategorized\/automotive-software-japan-2\/"},"modified":"2026-01-30T21:36:04","modified_gmt":"2026-01-31T02:36:04","slug":"automotive-software-japan-2","status":"publish","type":"product","link":"https:\/\/dcobys.com\/es\/services\/misiones-comerciales\/automotriz-movilidad\/software-automotriz\/automotive-software-japan-2\/","title":{"rendered":"Software automotriz &#8211; Jap\u00f3n"},"content":{"rendered":"<p>La Misi\u00f3n Comercial en Jap\u00f3n abre puertas al ecosistema m\u00e1s avanzado de electr\u00f3nica y software automotriz del mundo, concentrado en Tokio y manifestado en eventos como CEATEC, donde se muestran innovaciones en software para autonom\u00eda, conectividad, sensores y movilidad inteligente. La misi\u00f3n permite reuniones con integradores japoneses, visitas a hubs de rob\u00f3tica y acceso a empresas l\u00edderes en ECUs, telem\u00e1tica, HMI y software embebido. Este entorno brinda oportunidades para alianzas tecnol\u00f3gicas, pilotos conjuntos y exploraci\u00f3n de est\u00e1ndares japoneses aplicados a veh\u00edculos el\u00e9ctricos y aut\u00f3nomos. Fuentes: CEATEC , METI Mobility Tech.<\/p>\n","protected":false},"excerpt":{"rendered":"<p>La Misi\u00f3n Comercial en Jap\u00f3n abre puertas al ecosistema m\u00e1s avanzado de electr\u00f3nica y software automotriz del mundo, concentrado en Tokio y manifestado en eventos como CEATEC, donde se muestran innovaciones en software para autonom\u00eda, conectividad, sensores y movilidad inteligente. La misi\u00f3n permite reuniones con integradores japoneses, visitas a hubs de rob\u00f3tica y acceso a [&hellip;]<\/p>\n","protected":false},"featured_media":8530,"template":"","meta":{"_acf_changed":false},"country":[939],"product_brand":[],"product_cat":[965,893,969],"product_tag":[924],"class_list":{"0":"post-6804","1":"product","2":"type-product","3":"status-publish","4":"has-post-thumbnail","6":"country-japon","7":"product_cat-automotriz-movilidad","8":"product_cat-misiones-comerciales","9":"product_cat-software-automotriz","10":"product_tag-misiones-comerciales","12":"first","13":"instock","14":"virtual","15":"product-type-simple"},"acf":[],"_links":{"self":[{"href":"https:\/\/dcobys.com\/es\/wp-json\/wp\/v2\/product\/6804","targetHints":{"allow":["GET"]}}],"collection":[{"href":"https:\/\/dcobys.com\/es\/wp-json\/wp\/v2\/product"}],"about":[{"href":"https:\/\/dcobys.com\/es\/wp-json\/wp\/v2\/types\/product"}],"version-history":[{"count":0,"href":"https:\/\/dcobys.com\/es\/wp-json\/wp\/v2\/product\/6804\/revisions"}],"wp:featuredmedia":[{"embeddable":true,"href":"https:\/\/dcobys.com\/es\/wp-json\/wp\/v2\/media\/8530"}],"wp:attachment":[{"href":"https:\/\/dcobys.com\/es\/wp-json\/wp\/v2\/media?parent=6804"}],"wp:term":[{"taxonomy":"country","embeddable":true,"href":"https:\/\/dcobys.com\/es\/wp-json\/wp\/v2\/country?post=6804"},{"taxonomy":"product_brand","embeddable":true,"href":"https:\/\/dcobys.com\/es\/wp-json\/wp\/v2\/product_brand?post=6804"},{"taxonomy":"product_cat","embeddable":true,"href":"https:\/\/dcobys.com\/es\/wp-json\/wp\/v2\/product_cat?post=6804"},{"taxonomy":"product_tag","embeddable":true,"href":"https:\/\/dcobys.com\/es\/wp-json\/wp\/v2\/product_tag?post=6804"}],"curies":[{"name":"wp","href":"https:\/\/api.w.org\/{rel}","templated":true}]}}