{"id":6802,"date":"2025-12-15T13:02:36","date_gmt":"2025-12-15T18:02:36","guid":{"rendered":"https:\/\/dcobys.com\/services\/uncategorized\/automotive-software-germany-2\/"},"modified":"2026-01-30T21:36:04","modified_gmt":"2026-01-31T02:36:04","slug":"automotive-software-germany-2","status":"publish","type":"product","link":"https:\/\/dcobys.com\/es\/services\/misiones-comerciales\/automotriz-movilidad\/software-automotriz\/automotive-software-germany-2\/","title":{"rendered":"Software automotriz &#8211; Alemania"},"content":{"rendered":"<p>La Misi\u00f3n Comercial en Alemania conecta a empresas con el n\u00facleo europeo del software automotriz, impulsado por la digitalizaci\u00f3n avanzada de OEMs y Tier 1 presentes en M\u00fanich, donde convergen innovaciones exhibidas en IAA Mobility y en las pistas tecnol\u00f3gicas derivadas de CEBIT. Esta misi\u00f3n permite explorar soluciones ADAS, integraci\u00f3n de software en veh\u00edculos el\u00e9ctricos, automatizaci\u00f3n, experiencia digital en cabina y ciberseguridad automotriz, adem\u00e1s de generar v\u00ednculos con clusters de movilidad inteligente. Los participantes acceden a espacios de networking con fabricantes alemanes, centros de pruebas y proveedores especializados en arquitectura de software SDV. Fuentes: IAA Mobility, Bitkom Mobility Reports.<br \/>\n).<\/p>\n","protected":false},"excerpt":{"rendered":"<p>La Misi\u00f3n Comercial en Alemania conecta a empresas con el n\u00facleo europeo del software automotriz, impulsado por la digitalizaci\u00f3n avanzada de OEMs y Tier 1 presentes en M\u00fanich, donde convergen innovaciones exhibidas en IAA Mobility y en las pistas tecnol\u00f3gicas derivadas de CEBIT. Esta misi\u00f3n permite explorar soluciones ADAS, integraci\u00f3n de software en veh\u00edculos el\u00e9ctricos, [&hellip;]<\/p>\n","protected":false},"featured_media":7317,"template":"","meta":{"_acf_changed":false},"country":[934],"product_brand":[],"product_cat":[965,893,969],"product_tag":[924],"class_list":{"0":"post-6802","1":"product","2":"type-product","3":"status-publish","4":"has-post-thumbnail","6":"country-alemania","7":"product_cat-automotriz-movilidad","8":"product_cat-misiones-comerciales","9":"product_cat-software-automotriz","10":"product_tag-misiones-comerciales","12":"first","13":"instock","14":"virtual","15":"product-type-simple"},"acf":[],"_links":{"self":[{"href":"https:\/\/dcobys.com\/es\/wp-json\/wp\/v2\/product\/6802","targetHints":{"allow":["GET"]}}],"collection":[{"href":"https:\/\/dcobys.com\/es\/wp-json\/wp\/v2\/product"}],"about":[{"href":"https:\/\/dcobys.com\/es\/wp-json\/wp\/v2\/types\/product"}],"version-history":[{"count":0,"href":"https:\/\/dcobys.com\/es\/wp-json\/wp\/v2\/product\/6802\/revisions"}],"wp:featuredmedia":[{"embeddable":true,"href":"https:\/\/dcobys.com\/es\/wp-json\/wp\/v2\/media\/7317"}],"wp:attachment":[{"href":"https:\/\/dcobys.com\/es\/wp-json\/wp\/v2\/media?parent=6802"}],"wp:term":[{"taxonomy":"country","embeddable":true,"href":"https:\/\/dcobys.com\/es\/wp-json\/wp\/v2\/country?post=6802"},{"taxonomy":"product_brand","embeddable":true,"href":"https:\/\/dcobys.com\/es\/wp-json\/wp\/v2\/product_brand?post=6802"},{"taxonomy":"product_cat","embeddable":true,"href":"https:\/\/dcobys.com\/es\/wp-json\/wp\/v2\/product_cat?post=6802"},{"taxonomy":"product_tag","embeddable":true,"href":"https:\/\/dcobys.com\/es\/wp-json\/wp\/v2\/product_tag?post=6802"}],"curies":[{"name":"wp","href":"https:\/\/api.w.org\/{rel}","templated":true}]}}