{"id":6800,"date":"2025-12-15T13:02:36","date_gmt":"2025-12-15T18:02:36","guid":{"rendered":"https:\/\/dcobys.com\/services\/uncategorized\/batteries-south-korea-2\/"},"modified":"2026-01-30T21:36:03","modified_gmt":"2026-01-31T02:36:03","slug":"batteries-south-korea-2","status":"publish","type":"product","link":"https:\/\/dcobys.com\/es\/services\/misiones-comerciales\/automotriz-movilidad\/baterias\/batteries-south-korea-2\/","title":{"rendered":"Bater\u00edas &#8211; Corea del Sur"},"content":{"rendered":"<p>La Misi\u00f3n Comercial en Corea conecta con uno de los ecosistemas asi\u00e1ticos m\u00e1s avanzados en investigaci\u00f3n de bater\u00edas mediante visitas en Daejeon y participaci\u00f3n en conferencias t\u00e9cnicas del sector. La agenda favorece cooperaci\u00f3n con institutos, proveedores y fabricantes l\u00edderes. Fuentes: Korea Battery Society, InterBattery Seoul.<\/p>\n","protected":false},"excerpt":{"rendered":"<p>La Misi\u00f3n Comercial en Corea conecta con uno de los ecosistemas asi\u00e1ticos m\u00e1s avanzados en investigaci\u00f3n de bater\u00edas mediante visitas en Daejeon y participaci\u00f3n en conferencias t\u00e9cnicas del sector. La agenda favorece cooperaci\u00f3n con institutos, proveedores y fabricantes l\u00edderes. Fuentes: Korea Battery Society, InterBattery Seoul.<\/p>\n","protected":false},"featured_media":8519,"template":"","meta":{"_acf_changed":false},"country":[948],"product_brand":[],"product_cat":[965,968,893],"product_tag":[924],"class_list":{"0":"post-6800","1":"product","2":"type-product","3":"status-publish","4":"has-post-thumbnail","6":"country-corea-del-sur","7":"product_cat-automotriz-movilidad","8":"product_cat-baterias","9":"product_cat-misiones-comerciales","10":"product_tag-misiones-comerciales","12":"first","13":"instock","14":"virtual","15":"product-type-simple"},"acf":[],"_links":{"self":[{"href":"https:\/\/dcobys.com\/es\/wp-json\/wp\/v2\/product\/6800","targetHints":{"allow":["GET"]}}],"collection":[{"href":"https:\/\/dcobys.com\/es\/wp-json\/wp\/v2\/product"}],"about":[{"href":"https:\/\/dcobys.com\/es\/wp-json\/wp\/v2\/types\/product"}],"version-history":[{"count":0,"href":"https:\/\/dcobys.com\/es\/wp-json\/wp\/v2\/product\/6800\/revisions"}],"wp:featuredmedia":[{"embeddable":true,"href":"https:\/\/dcobys.com\/es\/wp-json\/wp\/v2\/media\/8519"}],"wp:attachment":[{"href":"https:\/\/dcobys.com\/es\/wp-json\/wp\/v2\/media?parent=6800"}],"wp:term":[{"taxonomy":"country","embeddable":true,"href":"https:\/\/dcobys.com\/es\/wp-json\/wp\/v2\/country?post=6800"},{"taxonomy":"product_brand","embeddable":true,"href":"https:\/\/dcobys.com\/es\/wp-json\/wp\/v2\/product_brand?post=6800"},{"taxonomy":"product_cat","embeddable":true,"href":"https:\/\/dcobys.com\/es\/wp-json\/wp\/v2\/product_cat?post=6800"},{"taxonomy":"product_tag","embeddable":true,"href":"https:\/\/dcobys.com\/es\/wp-json\/wp\/v2\/product_tag?post=6800"}],"curies":[{"name":"wp","href":"https:\/\/api.w.org\/{rel}","templated":true}]}}