{"id":6796,"date":"2025-12-15T13:02:29","date_gmt":"2025-12-15T18:02:29","guid":{"rendered":"https:\/\/dcobys.com\/services\/uncategorized\/batteries-china-2\/"},"modified":"2026-01-30T21:36:03","modified_gmt":"2026-01-31T02:36:03","slug":"batteries-china-2","status":"publish","type":"product","link":"https:\/\/dcobys.com\/es\/services\/misiones-comerciales\/automotriz-movilidad\/baterias\/batteries-china-2\/","title":{"rendered":"Bater\u00edas &#8211; China"},"content":{"rendered":"<p>La Misi\u00f3n Comercial en China ofrece acceso directo al coraz\u00f3n mundial de la producci\u00f3n de bater\u00edas, con visitas en Ningde \u2014base de CATL\u2014 y ferias especializadas. La agenda expone tendencias tecnol\u00f3gicas, capacidades productivas y modelos de cooperaci\u00f3n industrial. Fuentes: China Battery Industry Association, NEV Supplier Events.<\/p>\n","protected":false},"excerpt":{"rendered":"<p>La Misi\u00f3n Comercial en China ofrece acceso directo al coraz\u00f3n mundial de la producci\u00f3n de bater\u00edas, con visitas en Ningde \u2014base de CATL\u2014 y ferias especializadas. La agenda expone tendencias tecnol\u00f3gicas, capacidades productivas y modelos de cooperaci\u00f3n industrial. Fuentes: China Battery Industry Association, NEV Supplier Events.<\/p>\n","protected":false},"featured_media":8528,"template":"","meta":{"_acf_changed":false},"country":[928],"product_brand":[],"product_cat":[965,968,893],"product_tag":[924],"class_list":{"0":"post-6796","1":"product","2":"type-product","3":"status-publish","4":"has-post-thumbnail","6":"country-china","7":"product_cat-automotriz-movilidad","8":"product_cat-baterias","9":"product_cat-misiones-comerciales","10":"product_tag-misiones-comerciales","12":"first","13":"instock","14":"virtual","15":"product-type-simple"},"acf":[],"_links":{"self":[{"href":"https:\/\/dcobys.com\/es\/wp-json\/wp\/v2\/product\/6796","targetHints":{"allow":["GET"]}}],"collection":[{"href":"https:\/\/dcobys.com\/es\/wp-json\/wp\/v2\/product"}],"about":[{"href":"https:\/\/dcobys.com\/es\/wp-json\/wp\/v2\/types\/product"}],"version-history":[{"count":0,"href":"https:\/\/dcobys.com\/es\/wp-json\/wp\/v2\/product\/6796\/revisions"}],"wp:featuredmedia":[{"embeddable":true,"href":"https:\/\/dcobys.com\/es\/wp-json\/wp\/v2\/media\/8528"}],"wp:attachment":[{"href":"https:\/\/dcobys.com\/es\/wp-json\/wp\/v2\/media?parent=6796"}],"wp:term":[{"taxonomy":"country","embeddable":true,"href":"https:\/\/dcobys.com\/es\/wp-json\/wp\/v2\/country?post=6796"},{"taxonomy":"product_brand","embeddable":true,"href":"https:\/\/dcobys.com\/es\/wp-json\/wp\/v2\/product_brand?post=6796"},{"taxonomy":"product_cat","embeddable":true,"href":"https:\/\/dcobys.com\/es\/wp-json\/wp\/v2\/product_cat?post=6796"},{"taxonomy":"product_tag","embeddable":true,"href":"https:\/\/dcobys.com\/es\/wp-json\/wp\/v2\/product_tag?post=6796"}],"curies":[{"name":"wp","href":"https:\/\/api.w.org\/{rel}","templated":true}]}}