{"id":6790,"date":"2025-12-15T13:02:29","date_gmt":"2025-12-15T18:02:29","guid":{"rendered":"https:\/\/dcobys.com\/services\/uncategorized\/batteries-germany-2\/"},"modified":"2026-01-30T21:36:03","modified_gmt":"2026-01-31T02:36:03","slug":"batteries-germany-2","status":"publish","type":"product","link":"https:\/\/dcobys.com\/es\/services\/misiones-comerciales\/automotriz-movilidad\/baterias\/batteries-germany-2\/","title":{"rendered":"Bater\u00edas &#8211; Alemania"},"content":{"rendered":"<p>La Misi\u00f3n Comercial en Alemania posiciona a las empresas en uno de los epicentros europeos de investigaci\u00f3n y manufactura de bater\u00edas, integrando visitas a institutos en Dresde y participaci\u00f3n en The Battery Show Europe. El programa permite comprender la cadena de valor europea, desde materiales y celdas hasta sistemas completos. La agenda favorece reuniones con proveedores tecnol\u00f3gicos y centros de innovaci\u00f3n especializados en energ\u00eda. Fuentes: The Battery Show Europe, Fraunhofer Battery Alliance.<\/p>\n","protected":false},"excerpt":{"rendered":"<p>La Misi\u00f3n Comercial en Alemania posiciona a las empresas en uno de los epicentros europeos de investigaci\u00f3n y manufactura de bater\u00edas, integrando visitas a institutos en Dresde y participaci\u00f3n en The Battery Show Europe. El programa permite comprender la cadena de valor europea, desde materiales y celdas hasta sistemas completos. La agenda favorece reuniones con [&hellip;]<\/p>\n","protected":false},"featured_media":8521,"template":"","meta":{"_acf_changed":false},"country":[934],"product_brand":[],"product_cat":[965,968,893],"product_tag":[924],"class_list":{"0":"post-6790","1":"product","2":"type-product","3":"status-publish","4":"has-post-thumbnail","6":"country-alemania","7":"product_cat-automotriz-movilidad","8":"product_cat-baterias","9":"product_cat-misiones-comerciales","10":"product_tag-misiones-comerciales","12":"first","13":"instock","14":"virtual","15":"product-type-simple"},"acf":[],"_links":{"self":[{"href":"https:\/\/dcobys.com\/es\/wp-json\/wp\/v2\/product\/6790","targetHints":{"allow":["GET"]}}],"collection":[{"href":"https:\/\/dcobys.com\/es\/wp-json\/wp\/v2\/product"}],"about":[{"href":"https:\/\/dcobys.com\/es\/wp-json\/wp\/v2\/types\/product"}],"version-history":[{"count":0,"href":"https:\/\/dcobys.com\/es\/wp-json\/wp\/v2\/product\/6790\/revisions"}],"wp:featuredmedia":[{"embeddable":true,"href":"https:\/\/dcobys.com\/es\/wp-json\/wp\/v2\/media\/8521"}],"wp:attachment":[{"href":"https:\/\/dcobys.com\/es\/wp-json\/wp\/v2\/media?parent=6790"}],"wp:term":[{"taxonomy":"country","embeddable":true,"href":"https:\/\/dcobys.com\/es\/wp-json\/wp\/v2\/country?post=6790"},{"taxonomy":"product_brand","embeddable":true,"href":"https:\/\/dcobys.com\/es\/wp-json\/wp\/v2\/product_brand?post=6790"},{"taxonomy":"product_cat","embeddable":true,"href":"https:\/\/dcobys.com\/es\/wp-json\/wp\/v2\/product_cat?post=6790"},{"taxonomy":"product_tag","embeddable":true,"href":"https:\/\/dcobys.com\/es\/wp-json\/wp\/v2\/product_tag?post=6790"}],"curies":[{"name":"wp","href":"https:\/\/api.w.org\/{rel}","templated":true}]}}