{"id":6788,"date":"2025-12-15T13:02:29","date_gmt":"2025-12-15T18:02:29","guid":{"rendered":"https:\/\/dcobys.com\/services\/uncategorized\/electric-vehicles-south-korea-2\/"},"modified":"2026-01-30T21:36:03","modified_gmt":"2026-01-31T02:36:03","slug":"electric-vehicles-south-korea-2","status":"publish","type":"product","link":"https:\/\/dcobys.com\/es\/services\/misiones-comerciales\/automotriz-movilidad\/vehiculos-electricos\/electric-vehicles-south-korea-2\/","title":{"rendered":"Veh\u00edculos el\u00e9ctricos &#8211; Corea del Sur"},"content":{"rendered":"<p>La Misi\u00f3n Comercial en Corea del Sur abre acceso al ecosistema EV de Ulsan, sede de uno de los complejos automotrices integrados m\u00e1s grandes del mundo, combinando visitas t\u00e9cnicas con participaci\u00f3n en conferencias de movilidad el\u00e9ctrica del pa\u00eds. La agenda facilita interacci\u00f3n con l\u00edderes en bater\u00edas, electr\u00f3nica, manufactura inteligente y software vehicular. Tambi\u00e9n permite conocer centros de I+D asociados a Hyundai, proveedores de alto nivel tecnol\u00f3gico y startups en movilidad avanzada. El programa fortalece oportunidades de cooperaci\u00f3n industrial y tecnol\u00f3gica. Fuentes: Korea EV &#038; Mobility Conferences, KAMA Korea Automobile Manufacturers Association.<\/p>\n","protected":false},"excerpt":{"rendered":"<p>La Misi\u00f3n Comercial en Corea del Sur abre acceso al ecosistema EV de Ulsan, sede de uno de los complejos automotrices integrados m\u00e1s grandes del mundo, combinando visitas t\u00e9cnicas con participaci\u00f3n en conferencias de movilidad el\u00e9ctrica del pa\u00eds. La agenda facilita interacci\u00f3n con l\u00edderes en bater\u00edas, electr\u00f3nica, manufactura inteligente y software vehicular. Tambi\u00e9n permite conocer [&hellip;]<\/p>\n","protected":false},"featured_media":7229,"template":"","meta":{"_acf_changed":false},"country":[948],"product_brand":[],"product_cat":[965,893,967],"product_tag":[924],"class_list":{"0":"post-6788","1":"product","2":"type-product","3":"status-publish","4":"has-post-thumbnail","6":"country-corea-del-sur","7":"product_cat-automotriz-movilidad","8":"product_cat-misiones-comerciales","9":"product_cat-vehiculos-electricos","10":"product_tag-misiones-comerciales","12":"first","13":"instock","14":"virtual","15":"product-type-simple"},"acf":[],"_links":{"self":[{"href":"https:\/\/dcobys.com\/es\/wp-json\/wp\/v2\/product\/6788","targetHints":{"allow":["GET"]}}],"collection":[{"href":"https:\/\/dcobys.com\/es\/wp-json\/wp\/v2\/product"}],"about":[{"href":"https:\/\/dcobys.com\/es\/wp-json\/wp\/v2\/types\/product"}],"version-history":[{"count":0,"href":"https:\/\/dcobys.com\/es\/wp-json\/wp\/v2\/product\/6788\/revisions"}],"wp:featuredmedia":[{"embeddable":true,"href":"https:\/\/dcobys.com\/es\/wp-json\/wp\/v2\/media\/7229"}],"wp:attachment":[{"href":"https:\/\/dcobys.com\/es\/wp-json\/wp\/v2\/media?parent=6788"}],"wp:term":[{"taxonomy":"country","embeddable":true,"href":"https:\/\/dcobys.com\/es\/wp-json\/wp\/v2\/country?post=6788"},{"taxonomy":"product_brand","embeddable":true,"href":"https:\/\/dcobys.com\/es\/wp-json\/wp\/v2\/product_brand?post=6788"},{"taxonomy":"product_cat","embeddable":true,"href":"https:\/\/dcobys.com\/es\/wp-json\/wp\/v2\/product_cat?post=6788"},{"taxonomy":"product_tag","embeddable":true,"href":"https:\/\/dcobys.com\/es\/wp-json\/wp\/v2\/product_tag?post=6788"}],"curies":[{"name":"wp","href":"https:\/\/api.w.org\/{rel}","templated":true}]}}