{"id":6784,"date":"2025-12-15T13:02:29","date_gmt":"2025-12-15T18:02:29","guid":{"rendered":"https:\/\/dcobys.com\/services\/uncategorized\/electric-vehicles-china-2\/"},"modified":"2026-01-30T21:36:03","modified_gmt":"2026-01-31T02:36:03","slug":"electric-vehicles-china-2","status":"publish","type":"product","link":"https:\/\/dcobys.com\/es\/services\/misiones-comerciales\/automotriz-movilidad\/vehiculos-electricos\/electric-vehicles-china-2\/","title":{"rendered":"Veh\u00edculos el\u00e9ctricos &#8211; China"},"content":{"rendered":"<p>La Misi\u00f3n Comercial en China permite acceder al mayor mercado mundial de veh\u00edculos el\u00e9ctricos mediante actividades estrat\u00e9gicas en Shangh\u00e1i, con visitas a clusters NEV y participaci\u00f3n en Auto Shanghai y ferias tecnol\u00f3gicas de movilidad. La agenda incluye interacci\u00f3n con fabricantes l\u00edderes, proveedores de bater\u00edas, desarrolladores de electr\u00f3nica, software vehicular y plataformas de conducci\u00f3n inteligente. Tambi\u00e9n ofrece an\u00e1lisis de tendencias regulatorias chinas y modelos de escalamiento industrial. El programa facilita alianzas con empresas de alto volumen productivo y centros de innovaci\u00f3n en movilidad el\u00e9ctrica. Fuentes: Auto Shanghai, China NEV Industry Alliance.<\/p>\n","protected":false},"excerpt":{"rendered":"<p>La Misi\u00f3n Comercial en China permite acceder al mayor mercado mundial de veh\u00edculos el\u00e9ctricos mediante actividades estrat\u00e9gicas en Shangh\u00e1i, con visitas a clusters NEV y participaci\u00f3n en Auto Shanghai y ferias tecnol\u00f3gicas de movilidad. La agenda incluye interacci\u00f3n con fabricantes l\u00edderes, proveedores de bater\u00edas, desarrolladores de electr\u00f3nica, software vehicular y plataformas de conducci\u00f3n inteligente. Tambi\u00e9n [&hellip;]<\/p>\n","protected":false},"featured_media":7229,"template":"","meta":{"_acf_changed":false},"country":[928],"product_brand":[],"product_cat":[965,893,967],"product_tag":[924],"class_list":{"0":"post-6784","1":"product","2":"type-product","3":"status-publish","4":"has-post-thumbnail","6":"country-china","7":"product_cat-automotriz-movilidad","8":"product_cat-misiones-comerciales","9":"product_cat-vehiculos-electricos","10":"product_tag-misiones-comerciales","12":"first","13":"instock","14":"virtual","15":"product-type-simple"},"acf":[],"_links":{"self":[{"href":"https:\/\/dcobys.com\/es\/wp-json\/wp\/v2\/product\/6784","targetHints":{"allow":["GET"]}}],"collection":[{"href":"https:\/\/dcobys.com\/es\/wp-json\/wp\/v2\/product"}],"about":[{"href":"https:\/\/dcobys.com\/es\/wp-json\/wp\/v2\/types\/product"}],"version-history":[{"count":0,"href":"https:\/\/dcobys.com\/es\/wp-json\/wp\/v2\/product\/6784\/revisions"}],"wp:featuredmedia":[{"embeddable":true,"href":"https:\/\/dcobys.com\/es\/wp-json\/wp\/v2\/media\/7229"}],"wp:attachment":[{"href":"https:\/\/dcobys.com\/es\/wp-json\/wp\/v2\/media?parent=6784"}],"wp:term":[{"taxonomy":"country","embeddable":true,"href":"https:\/\/dcobys.com\/es\/wp-json\/wp\/v2\/country?post=6784"},{"taxonomy":"product_brand","embeddable":true,"href":"https:\/\/dcobys.com\/es\/wp-json\/wp\/v2\/product_brand?post=6784"},{"taxonomy":"product_cat","embeddable":true,"href":"https:\/\/dcobys.com\/es\/wp-json\/wp\/v2\/product_cat?post=6784"},{"taxonomy":"product_tag","embeddable":true,"href":"https:\/\/dcobys.com\/es\/wp-json\/wp\/v2\/product_tag?post=6784"}],"curies":[{"name":"wp","href":"https:\/\/api.w.org\/{rel}","templated":true}]}}