{"id":6780,"date":"2025-12-15T13:02:29","date_gmt":"2025-12-15T18:02:29","guid":{"rendered":"https:\/\/dcobys.com\/services\/uncategorized\/electric-vehicles-japan-2\/"},"modified":"2026-01-30T21:36:03","modified_gmt":"2026-01-31T02:36:03","slug":"electric-vehicles-japan-2","status":"publish","type":"product","link":"https:\/\/dcobys.com\/es\/services\/misiones-comerciales\/automotriz-movilidad\/vehiculos-electricos\/electric-vehicles-japan-2\/","title":{"rendered":"Veh\u00edculos el\u00e9ctricos &#8211; Jap\u00f3n"},"content":{"rendered":"<p>La Misi\u00f3n Comercial en Jap\u00f3n impulsa el acceso a los polos de innovaci\u00f3n en veh\u00edculos el\u00e9ctricos ubicados en Nagoya y Tokio, integrando visitas t\u00e9cnicas con participaci\u00f3n en CEATEC y en las plataformas de Japan Mobility Show. La agenda permite conocer la cadena de suministro japonesa, desde electr\u00f3nica avanzada hasta componentes EV, bater\u00edas y manufactura de precisi\u00f3n. Las reuniones con clusters automotrices de Aichi fortalecen el relacionamiento con proveedores altamente especializados y OEM con fuerte inversi\u00f3n en electrificaci\u00f3n. El programa ofrece an\u00e1lisis de tendencias japonesas en movilidad inteligente y oportunidades de cooperaci\u00f3n tecnol\u00f3gica. Fuentes: CEATEC Japan, Japan Mobility Show.<\/p>\n","protected":false},"excerpt":{"rendered":"<p>La Misi\u00f3n Comercial en Jap\u00f3n impulsa el acceso a los polos de innovaci\u00f3n en veh\u00edculos el\u00e9ctricos ubicados en Nagoya y Tokio, integrando visitas t\u00e9cnicas con participaci\u00f3n en CEATEC y en las plataformas de Japan Mobility Show. La agenda permite conocer la cadena de suministro japonesa, desde electr\u00f3nica avanzada hasta componentes EV, bater\u00edas y manufactura de [&hellip;]<\/p>\n","protected":false},"featured_media":7229,"template":"","meta":{"_acf_changed":false},"country":[939],"product_brand":[],"product_cat":[965,893,967],"product_tag":[924],"class_list":{"0":"post-6780","1":"product","2":"type-product","3":"status-publish","4":"has-post-thumbnail","6":"country-japon","7":"product_cat-automotriz-movilidad","8":"product_cat-misiones-comerciales","9":"product_cat-vehiculos-electricos","10":"product_tag-misiones-comerciales","12":"first","13":"instock","14":"virtual","15":"product-type-simple"},"acf":[],"_links":{"self":[{"href":"https:\/\/dcobys.com\/es\/wp-json\/wp\/v2\/product\/6780","targetHints":{"allow":["GET"]}}],"collection":[{"href":"https:\/\/dcobys.com\/es\/wp-json\/wp\/v2\/product"}],"about":[{"href":"https:\/\/dcobys.com\/es\/wp-json\/wp\/v2\/types\/product"}],"version-history":[{"count":0,"href":"https:\/\/dcobys.com\/es\/wp-json\/wp\/v2\/product\/6780\/revisions"}],"wp:featuredmedia":[{"embeddable":true,"href":"https:\/\/dcobys.com\/es\/wp-json\/wp\/v2\/media\/7229"}],"wp:attachment":[{"href":"https:\/\/dcobys.com\/es\/wp-json\/wp\/v2\/media?parent=6780"}],"wp:term":[{"taxonomy":"country","embeddable":true,"href":"https:\/\/dcobys.com\/es\/wp-json\/wp\/v2\/country?post=6780"},{"taxonomy":"product_brand","embeddable":true,"href":"https:\/\/dcobys.com\/es\/wp-json\/wp\/v2\/product_brand?post=6780"},{"taxonomy":"product_cat","embeddable":true,"href":"https:\/\/dcobys.com\/es\/wp-json\/wp\/v2\/product_cat?post=6780"},{"taxonomy":"product_tag","embeddable":true,"href":"https:\/\/dcobys.com\/es\/wp-json\/wp\/v2\/product_tag?post=6780"}],"curies":[{"name":"wp","href":"https:\/\/api.w.org\/{rel}","templated":true}]}}