{"id":6768,"date":"2025-12-15T13:02:29","date_gmt":"2025-12-15T18:02:29","guid":{"rendered":"https:\/\/dcobys.com\/services\/uncategorized\/telemedicine-switzerland-2\/"},"modified":"2026-01-30T21:36:03","modified_gmt":"2026-01-31T02:36:03","slug":"telemedicine-switzerland-2","status":"publish","type":"product","link":"https:\/\/dcobys.com\/es\/services\/misiones-comerciales\/ciencias-de-la-salud-y-biotecnologia\/telemedicina\/telemedicine-switzerland-2\/","title":{"rendered":"Telemedicina &#8211; Suiza"},"content":{"rendered":"<p>La Misi\u00f3n Comercial en Suiza conecta a las empresas con aseguradoras, hospitales y startups que lideran la transformaci\u00f3n digital del cuidado m\u00e9dico. En los eventos de Z\u00farich se presentan soluciones en teleconsulta, telemonitoreo y anal\u00edtica de datos cl\u00ednicos. La misi\u00f3n facilita oportunidades de colaboraci\u00f3n con instituciones que priorizan precisi\u00f3n, calidad y escalabilidad. Suiza es clave para validar tecnolog\u00edas de alto est\u00e1ndar. Fuentes: Swiss Digital Health.<\/p>\n","protected":false},"excerpt":{"rendered":"<p>La Misi\u00f3n Comercial en Suiza conecta a las empresas con aseguradoras, hospitales y startups que lideran la transformaci\u00f3n digital del cuidado m\u00e9dico. En los eventos de Z\u00farich se presentan soluciones en teleconsulta, telemonitoreo y anal\u00edtica de datos cl\u00ednicos. La misi\u00f3n facilita oportunidades de colaboraci\u00f3n con instituciones que priorizan precisi\u00f3n, calidad y escalabilidad. Suiza es clave [&hellip;]<\/p>\n","protected":false},"featured_media":7548,"template":"","meta":{"_acf_changed":false},"country":[950],"product_brand":[],"product_cat":[1007,893,1012],"product_tag":[924],"class_list":{"0":"post-6768","1":"product","2":"type-product","3":"status-publish","4":"has-post-thumbnail","6":"country-suiza","7":"product_cat-ciencias-de-la-salud-y-biotecnologia","8":"product_cat-misiones-comerciales","9":"product_cat-telemedicina","10":"product_tag-misiones-comerciales","12":"first","13":"instock","14":"virtual","15":"product-type-simple"},"acf":[],"_links":{"self":[{"href":"https:\/\/dcobys.com\/es\/wp-json\/wp\/v2\/product\/6768","targetHints":{"allow":["GET"]}}],"collection":[{"href":"https:\/\/dcobys.com\/es\/wp-json\/wp\/v2\/product"}],"about":[{"href":"https:\/\/dcobys.com\/es\/wp-json\/wp\/v2\/types\/product"}],"version-history":[{"count":0,"href":"https:\/\/dcobys.com\/es\/wp-json\/wp\/v2\/product\/6768\/revisions"}],"wp:featuredmedia":[{"embeddable":true,"href":"https:\/\/dcobys.com\/es\/wp-json\/wp\/v2\/media\/7548"}],"wp:attachment":[{"href":"https:\/\/dcobys.com\/es\/wp-json\/wp\/v2\/media?parent=6768"}],"wp:term":[{"taxonomy":"country","embeddable":true,"href":"https:\/\/dcobys.com\/es\/wp-json\/wp\/v2\/country?post=6768"},{"taxonomy":"product_brand","embeddable":true,"href":"https:\/\/dcobys.com\/es\/wp-json\/wp\/v2\/product_brand?post=6768"},{"taxonomy":"product_cat","embeddable":true,"href":"https:\/\/dcobys.com\/es\/wp-json\/wp\/v2\/product_cat?post=6768"},{"taxonomy":"product_tag","embeddable":true,"href":"https:\/\/dcobys.com\/es\/wp-json\/wp\/v2\/product_tag?post=6768"}],"curies":[{"name":"wp","href":"https:\/\/api.w.org\/{rel}","templated":true}]}}