{"id":6766,"date":"2025-12-15T13:02:29","date_gmt":"2025-12-15T18:02:29","guid":{"rendered":"https:\/\/dcobys.com\/services\/uncategorized\/telemedicine-germany-2\/"},"modified":"2026-01-30T21:36:03","modified_gmt":"2026-01-31T02:36:03","slug":"telemedicine-germany-2","status":"publish","type":"product","link":"https:\/\/dcobys.com\/es\/services\/misiones-comerciales\/ciencias-de-la-salud-y-biotecnologia\/telemedicina\/telemedicine-germany-2\/","title":{"rendered":"Telemedicina &#8211; Alemania"},"content":{"rendered":"<p>La Misi\u00f3n Comercial en Alemania permite explorar el ecosistema europeo de telemedicina y digitalizaci\u00f3n hospitalaria, con eventos como DMEA que re\u00fanen compradores institucionales y proveedores tecnol\u00f3gicos. La misi\u00f3n facilita encuentros con autoridades sanitarias, integradores de HCE y hospitales universitarios. Este destino impulsa alianzas t\u00e9cnicas que permiten a las empresas alinearse con est\u00e1ndares de la Uni\u00f3n Europea. Fuentes: DMEA.<\/p>\n","protected":false},"excerpt":{"rendered":"<p>La Misi\u00f3n Comercial en Alemania permite explorar el ecosistema europeo de telemedicina y digitalizaci\u00f3n hospitalaria, con eventos como DMEA que re\u00fanen compradores institucionales y proveedores tecnol\u00f3gicos. La misi\u00f3n facilita encuentros con autoridades sanitarias, integradores de HCE y hospitales universitarios. Este destino impulsa alianzas t\u00e9cnicas que permiten a las empresas alinearse con est\u00e1ndares de la Uni\u00f3n [&hellip;]<\/p>\n","protected":false},"featured_media":7548,"template":"","meta":{"_acf_changed":false},"country":[934],"product_brand":[],"product_cat":[1007,893,1012],"product_tag":[924],"class_list":{"0":"post-6766","1":"product","2":"type-product","3":"status-publish","4":"has-post-thumbnail","6":"country-alemania","7":"product_cat-ciencias-de-la-salud-y-biotecnologia","8":"product_cat-misiones-comerciales","9":"product_cat-telemedicina","10":"product_tag-misiones-comerciales","12":"first","13":"instock","14":"virtual","15":"product-type-simple"},"acf":[],"_links":{"self":[{"href":"https:\/\/dcobys.com\/es\/wp-json\/wp\/v2\/product\/6766","targetHints":{"allow":["GET"]}}],"collection":[{"href":"https:\/\/dcobys.com\/es\/wp-json\/wp\/v2\/product"}],"about":[{"href":"https:\/\/dcobys.com\/es\/wp-json\/wp\/v2\/types\/product"}],"version-history":[{"count":0,"href":"https:\/\/dcobys.com\/es\/wp-json\/wp\/v2\/product\/6766\/revisions"}],"wp:featuredmedia":[{"embeddable":true,"href":"https:\/\/dcobys.com\/es\/wp-json\/wp\/v2\/media\/7548"}],"wp:attachment":[{"href":"https:\/\/dcobys.com\/es\/wp-json\/wp\/v2\/media?parent=6766"}],"wp:term":[{"taxonomy":"country","embeddable":true,"href":"https:\/\/dcobys.com\/es\/wp-json\/wp\/v2\/country?post=6766"},{"taxonomy":"product_brand","embeddable":true,"href":"https:\/\/dcobys.com\/es\/wp-json\/wp\/v2\/product_brand?post=6766"},{"taxonomy":"product_cat","embeddable":true,"href":"https:\/\/dcobys.com\/es\/wp-json\/wp\/v2\/product_cat?post=6766"},{"taxonomy":"product_tag","embeddable":true,"href":"https:\/\/dcobys.com\/es\/wp-json\/wp\/v2\/product_tag?post=6766"}],"curies":[{"name":"wp","href":"https:\/\/api.w.org\/{rel}","templated":true}]}}