{"id":6764,"date":"2025-12-15T13:02:29","date_gmt":"2025-12-15T18:02:29","guid":{"rendered":"https:\/\/dcobys.com\/services\/uncategorized\/telemedicine-usa-2\/"},"modified":"2026-01-30T21:36:03","modified_gmt":"2026-01-31T02:36:03","slug":"telemedicine-usa-2","status":"publish","type":"product","link":"https:\/\/dcobys.com\/es\/services\/misiones-comerciales\/ciencias-de-la-salud-y-biotecnologia\/telemedicina\/telemedicine-usa-2\/","title":{"rendered":"Telemedicina &#8211; EE. UU."},"content":{"rendered":"<p>La Misi\u00f3n Comercial en Estados Unidos abre oportunidades en telemedicina, monitoreo remoto e interoperabilidad hospitalaria dentro de un mercado altamente competitivo. Austin re\u00fane conferencias donde convergen plataformas de teleconsulta, proveedores de software cl\u00ednico, aseguradoras digitales y hospitales innovadores. La misi\u00f3n facilita reuniones con potenciales compradores, validaci\u00f3n de productos y acceso a tendencias regulatorias. Este destino es esencial para soluciones orientadas a escalamiento y certificaci\u00f3n. Fuentes: HLTH, Telemedicine &#038; Digital Health Conferences.<\/p>\n","protected":false},"excerpt":{"rendered":"<p>La Misi\u00f3n Comercial en Estados Unidos abre oportunidades en telemedicina, monitoreo remoto e interoperabilidad hospitalaria dentro de un mercado altamente competitivo. Austin re\u00fane conferencias donde convergen plataformas de teleconsulta, proveedores de software cl\u00ednico, aseguradoras digitales y hospitales innovadores. La misi\u00f3n facilita reuniones con potenciales compradores, validaci\u00f3n de productos y acceso a tendencias regulatorias. Este destino [&hellip;]<\/p>\n","protected":false},"featured_media":7548,"template":"","meta":{"_acf_changed":false},"country":[954],"product_brand":[],"product_cat":[1007,893,1012],"product_tag":[924],"class_list":{"0":"post-6764","1":"product","2":"type-product","3":"status-publish","4":"has-post-thumbnail","6":"country-ee-uu","7":"product_cat-ciencias-de-la-salud-y-biotecnologia","8":"product_cat-misiones-comerciales","9":"product_cat-telemedicina","10":"product_tag-misiones-comerciales","12":"first","13":"instock","14":"virtual","15":"product-type-simple"},"acf":[],"_links":{"self":[{"href":"https:\/\/dcobys.com\/es\/wp-json\/wp\/v2\/product\/6764","targetHints":{"allow":["GET"]}}],"collection":[{"href":"https:\/\/dcobys.com\/es\/wp-json\/wp\/v2\/product"}],"about":[{"href":"https:\/\/dcobys.com\/es\/wp-json\/wp\/v2\/types\/product"}],"version-history":[{"count":0,"href":"https:\/\/dcobys.com\/es\/wp-json\/wp\/v2\/product\/6764\/revisions"}],"wp:featuredmedia":[{"embeddable":true,"href":"https:\/\/dcobys.com\/es\/wp-json\/wp\/v2\/media\/7548"}],"wp:attachment":[{"href":"https:\/\/dcobys.com\/es\/wp-json\/wp\/v2\/media?parent=6764"}],"wp:term":[{"taxonomy":"country","embeddable":true,"href":"https:\/\/dcobys.com\/es\/wp-json\/wp\/v2\/country?post=6764"},{"taxonomy":"product_brand","embeddable":true,"href":"https:\/\/dcobys.com\/es\/wp-json\/wp\/v2\/product_brand?post=6764"},{"taxonomy":"product_cat","embeddable":true,"href":"https:\/\/dcobys.com\/es\/wp-json\/wp\/v2\/product_cat?post=6764"},{"taxonomy":"product_tag","embeddable":true,"href":"https:\/\/dcobys.com\/es\/wp-json\/wp\/v2\/product_tag?post=6764"}],"curies":[{"name":"wp","href":"https:\/\/api.w.org\/{rel}","templated":true}]}}