{"id":6762,"date":"2025-12-15T13:02:29","date_gmt":"2025-12-15T18:02:29","guid":{"rendered":"https:\/\/dcobys.com\/services\/uncategorized\/pharmaceuticals-mexico-2\/"},"modified":"2026-01-30T21:36:03","modified_gmt":"2026-01-31T02:36:03","slug":"pharmaceuticals-mexico-2","status":"publish","type":"product","link":"https:\/\/dcobys.com\/es\/services\/misiones-comerciales\/ciencias-de-la-salud-y-biotecnologia\/farmaceutica\/pharmaceuticals-mexico-2\/","title":{"rendered":"Farmac\u00e9utica &#8211; M\u00e9xico"},"content":{"rendered":"<p>La Misi\u00f3n Comercial en M\u00e9xico permite a las empresas explorar un mercado farmac\u00e9utico industrializado, con fuerte presencia de manufactura, distribuci\u00f3n y producci\u00f3n de medicamentos gen\u00e9ricos. Ferias como ExpoPharma re\u00fanen laboratorios, distribuidores y proveedores de materias primas. La misi\u00f3n facilita contactos comerciales, visitas industriales y agendas t\u00e9cnicas con instituciones regulatorias mexicanas. Este destino es relevante para empresas que buscan expansi\u00f3n regional. Fuentes: ExpoPharma M\u00e9xico.<\/p>\n","protected":false},"excerpt":{"rendered":"<p>La Misi\u00f3n Comercial en M\u00e9xico permite a las empresas explorar un mercado farmac\u00e9utico industrializado, con fuerte presencia de manufactura, distribuci\u00f3n y producci\u00f3n de medicamentos gen\u00e9ricos. Ferias como ExpoPharma re\u00fanen laboratorios, distribuidores y proveedores de materias primas. La misi\u00f3n facilita contactos comerciales, visitas industriales y agendas t\u00e9cnicas con instituciones regulatorias mexicanas. Este destino es relevante para [&hellip;]<\/p>\n","protected":false},"featured_media":7540,"template":"","meta":{"_acf_changed":false},"country":[941],"product_brand":[],"product_cat":[1007,1011,893],"product_tag":[924],"class_list":{"0":"post-6762","1":"product","2":"type-product","3":"status-publish","4":"has-post-thumbnail","6":"country-mexico","7":"product_cat-ciencias-de-la-salud-y-biotecnologia","8":"product_cat-farmaceutica","9":"product_cat-misiones-comerciales","10":"product_tag-misiones-comerciales","12":"first","13":"instock","14":"virtual","15":"product-type-simple"},"acf":[],"_links":{"self":[{"href":"https:\/\/dcobys.com\/es\/wp-json\/wp\/v2\/product\/6762","targetHints":{"allow":["GET"]}}],"collection":[{"href":"https:\/\/dcobys.com\/es\/wp-json\/wp\/v2\/product"}],"about":[{"href":"https:\/\/dcobys.com\/es\/wp-json\/wp\/v2\/types\/product"}],"version-history":[{"count":0,"href":"https:\/\/dcobys.com\/es\/wp-json\/wp\/v2\/product\/6762\/revisions"}],"wp:featuredmedia":[{"embeddable":true,"href":"https:\/\/dcobys.com\/es\/wp-json\/wp\/v2\/media\/7540"}],"wp:attachment":[{"href":"https:\/\/dcobys.com\/es\/wp-json\/wp\/v2\/media?parent=6762"}],"wp:term":[{"taxonomy":"country","embeddable":true,"href":"https:\/\/dcobys.com\/es\/wp-json\/wp\/v2\/country?post=6762"},{"taxonomy":"product_brand","embeddable":true,"href":"https:\/\/dcobys.com\/es\/wp-json\/wp\/v2\/product_brand?post=6762"},{"taxonomy":"product_cat","embeddable":true,"href":"https:\/\/dcobys.com\/es\/wp-json\/wp\/v2\/product_cat?post=6762"},{"taxonomy":"product_tag","embeddable":true,"href":"https:\/\/dcobys.com\/es\/wp-json\/wp\/v2\/product_tag?post=6762"}],"curies":[{"name":"wp","href":"https:\/\/api.w.org\/{rel}","templated":true}]}}