{"id":6756,"date":"2025-12-15T13:02:21","date_gmt":"2025-12-15T18:02:21","guid":{"rendered":"https:\/\/dcobys.com\/services\/uncategorized\/pharmaceuticals-uk-2\/"},"modified":"2026-01-30T21:36:03","modified_gmt":"2026-01-31T02:36:03","slug":"pharmaceuticals-uk-2","status":"publish","type":"product","link":"https:\/\/dcobys.com\/es\/services\/misiones-comerciales\/ciencias-de-la-salud-y-biotecnologia\/farmaceutica\/pharmaceuticals-uk-2\/","title":{"rendered":"Farmac\u00e9utica &#8211; Reino Unido"},"content":{"rendered":"<p>La Misi\u00f3n Comercial en Reino Unido permite ingresar al cluster biofarmac\u00e9utico de Cambridge, uno de los m\u00e1s influyentes globalmente, donde convergen centros acad\u00e9micos, startups, laboratorios y fondos especializados. La misi\u00f3n facilita participaci\u00f3n en eventos colaborativos, reuniones de innovaci\u00f3n abierta y oportunidades de inversi\u00f3n. Este destino es ideal para empresas que buscan validaci\u00f3n cient\u00edfica, alianzas de biotecnolog\u00eda y expansi\u00f3n en Europa. Fuentes: UK BioPharma Partner Events.<\/p>\n","protected":false},"excerpt":{"rendered":"<p>La Misi\u00f3n Comercial en Reino Unido permite ingresar al cluster biofarmac\u00e9utico de Cambridge, uno de los m\u00e1s influyentes globalmente, donde convergen centros acad\u00e9micos, startups, laboratorios y fondos especializados. La misi\u00f3n facilita participaci\u00f3n en eventos colaborativos, reuniones de innovaci\u00f3n abierta y oportunidades de inversi\u00f3n. Este destino es ideal para empresas que buscan validaci\u00f3n cient\u00edfica, alianzas de [&hellip;]<\/p>\n","protected":false},"featured_media":7540,"template":"","meta":{"_acf_changed":false},"country":[955],"product_brand":[],"product_cat":[1007,1011,893],"product_tag":[924],"class_list":{"0":"post-6756","1":"product","2":"type-product","3":"status-publish","4":"has-post-thumbnail","6":"country-reino-unido","7":"product_cat-ciencias-de-la-salud-y-biotecnologia","8":"product_cat-farmaceutica","9":"product_cat-misiones-comerciales","10":"product_tag-misiones-comerciales","12":"first","13":"instock","14":"virtual","15":"product-type-simple"},"acf":[],"_links":{"self":[{"href":"https:\/\/dcobys.com\/es\/wp-json\/wp\/v2\/product\/6756","targetHints":{"allow":["GET"]}}],"collection":[{"href":"https:\/\/dcobys.com\/es\/wp-json\/wp\/v2\/product"}],"about":[{"href":"https:\/\/dcobys.com\/es\/wp-json\/wp\/v2\/types\/product"}],"version-history":[{"count":0,"href":"https:\/\/dcobys.com\/es\/wp-json\/wp\/v2\/product\/6756\/revisions"}],"wp:featuredmedia":[{"embeddable":true,"href":"https:\/\/dcobys.com\/es\/wp-json\/wp\/v2\/media\/7540"}],"wp:attachment":[{"href":"https:\/\/dcobys.com\/es\/wp-json\/wp\/v2\/media?parent=6756"}],"wp:term":[{"taxonomy":"country","embeddable":true,"href":"https:\/\/dcobys.com\/es\/wp-json\/wp\/v2\/country?post=6756"},{"taxonomy":"product_brand","embeddable":true,"href":"https:\/\/dcobys.com\/es\/wp-json\/wp\/v2\/product_brand?post=6756"},{"taxonomy":"product_cat","embeddable":true,"href":"https:\/\/dcobys.com\/es\/wp-json\/wp\/v2\/product_cat?post=6756"},{"taxonomy":"product_tag","embeddable":true,"href":"https:\/\/dcobys.com\/es\/wp-json\/wp\/v2\/product_tag?post=6756"}],"curies":[{"name":"wp","href":"https:\/\/api.w.org\/{rel}","templated":true}]}}