{"id":6754,"date":"2025-12-15T13:02:21","date_gmt":"2025-12-15T18:02:21","guid":{"rendered":"https:\/\/dcobys.com\/services\/uncategorized\/pharmaceuticals-switzerland-2\/"},"modified":"2026-01-30T21:36:02","modified_gmt":"2026-01-31T02:36:02","slug":"pharmaceuticals-switzerland-2","status":"publish","type":"product","link":"https:\/\/dcobys.com\/es\/services\/misiones-comerciales\/ciencias-de-la-salud-y-biotecnologia\/farmaceutica\/pharmaceuticals-switzerland-2\/","title":{"rendered":"Farmac\u00e9utica &#8211; Suiza"},"content":{"rendered":"<p>La Misi\u00f3n Comercial en Suiza conecta a las empresas con uno de los centros farmac\u00e9uticos m\u00e1s prestigiosos del mundo, hogar de multinacionales, clusters biotecnol\u00f3gicos y centros de investigaci\u00f3n avanzada. Eventos en Basilea permiten explorar oportunidades de co-desarrollo, transferencia tecnol\u00f3gica y colaboraci\u00f3n en ensayos cl\u00ednicos. La misi\u00f3n facilita encuentros con instituciones cient\u00edficas, laboratorios de innovaci\u00f3n y compradores corporativos. Suiza destaca por su rigor regulatorio y liderazgo en innovaci\u00f3n m\u00e9dica. Fuentes: Basel Pharma Events.<\/p>\n","protected":false},"excerpt":{"rendered":"<p>La Misi\u00f3n Comercial en Suiza conecta a las empresas con uno de los centros farmac\u00e9uticos m\u00e1s prestigiosos del mundo, hogar de multinacionales, clusters biotecnol\u00f3gicos y centros de investigaci\u00f3n avanzada. Eventos en Basilea permiten explorar oportunidades de co-desarrollo, transferencia tecnol\u00f3gica y colaboraci\u00f3n en ensayos cl\u00ednicos. La misi\u00f3n facilita encuentros con instituciones cient\u00edficas, laboratorios de innovaci\u00f3n y [&hellip;]<\/p>\n","protected":false},"featured_media":7540,"template":"","meta":{"_acf_changed":false},"country":[950],"product_brand":[],"product_cat":[1007,1011,893],"product_tag":[924],"class_list":{"0":"post-6754","1":"product","2":"type-product","3":"status-publish","4":"has-post-thumbnail","6":"country-suiza","7":"product_cat-ciencias-de-la-salud-y-biotecnologia","8":"product_cat-farmaceutica","9":"product_cat-misiones-comerciales","10":"product_tag-misiones-comerciales","12":"first","13":"instock","14":"virtual","15":"product-type-simple"},"acf":[],"_links":{"self":[{"href":"https:\/\/dcobys.com\/es\/wp-json\/wp\/v2\/product\/6754","targetHints":{"allow":["GET"]}}],"collection":[{"href":"https:\/\/dcobys.com\/es\/wp-json\/wp\/v2\/product"}],"about":[{"href":"https:\/\/dcobys.com\/es\/wp-json\/wp\/v2\/types\/product"}],"version-history":[{"count":0,"href":"https:\/\/dcobys.com\/es\/wp-json\/wp\/v2\/product\/6754\/revisions"}],"wp:featuredmedia":[{"embeddable":true,"href":"https:\/\/dcobys.com\/es\/wp-json\/wp\/v2\/media\/7540"}],"wp:attachment":[{"href":"https:\/\/dcobys.com\/es\/wp-json\/wp\/v2\/media?parent=6754"}],"wp:term":[{"taxonomy":"country","embeddable":true,"href":"https:\/\/dcobys.com\/es\/wp-json\/wp\/v2\/country?post=6754"},{"taxonomy":"product_brand","embeddable":true,"href":"https:\/\/dcobys.com\/es\/wp-json\/wp\/v2\/product_brand?post=6754"},{"taxonomy":"product_cat","embeddable":true,"href":"https:\/\/dcobys.com\/es\/wp-json\/wp\/v2\/product_cat?post=6754"},{"taxonomy":"product_tag","embeddable":true,"href":"https:\/\/dcobys.com\/es\/wp-json\/wp\/v2\/product_tag?post=6754"}],"curies":[{"name":"wp","href":"https:\/\/api.w.org\/{rel}","templated":true}]}}