{"id":6752,"date":"2025-12-15T13:02:21","date_gmt":"2025-12-15T18:02:21","guid":{"rendered":"https:\/\/dcobys.com\/services\/uncategorized\/pharmaceuticals-germany-2\/"},"modified":"2026-01-30T21:36:02","modified_gmt":"2026-01-31T02:36:02","slug":"pharmaceuticals-germany-2","status":"publish","type":"product","link":"https:\/\/dcobys.com\/es\/services\/misiones-comerciales\/ciencias-de-la-salud-y-biotecnologia\/farmaceutica\/pharmaceuticals-germany-2\/","title":{"rendered":"Farmac\u00e9utica &#8211; Alemania"},"content":{"rendered":"<p>La Misi\u00f3n Comercial en Alemania permite acceder al evento farmac\u00e9utico m\u00e1s importante del mundo, CPhI Worldwide, donde participan fabricantes, distribuidores, proveedores de APIs y laboratorios globales. La misi\u00f3n facilita encuentros con compradores europeos, reuniones t\u00e9cnicas sobre procesos regulatorios y oportunidades de outsourcing productivo. Frankfurt es un punto estrat\u00e9gico para empresas que buscan expandir su presencia en Europa y conectar con cadenas de suministro diversificadas. Fuentes: CPhI Worldwide.<\/p>\n","protected":false},"excerpt":{"rendered":"<p>La Misi\u00f3n Comercial en Alemania permite acceder al evento farmac\u00e9utico m\u00e1s importante del mundo, CPhI Worldwide, donde participan fabricantes, distribuidores, proveedores de APIs y laboratorios globales. La misi\u00f3n facilita encuentros con compradores europeos, reuniones t\u00e9cnicas sobre procesos regulatorios y oportunidades de outsourcing productivo. Frankfurt es un punto estrat\u00e9gico para empresas que buscan expandir su presencia [&hellip;]<\/p>\n","protected":false},"featured_media":7540,"template":"","meta":{"_acf_changed":false},"country":[934],"product_brand":[],"product_cat":[1007,1011,893],"product_tag":[924],"class_list":{"0":"post-6752","1":"product","2":"type-product","3":"status-publish","4":"has-post-thumbnail","6":"country-alemania","7":"product_cat-ciencias-de-la-salud-y-biotecnologia","8":"product_cat-farmaceutica","9":"product_cat-misiones-comerciales","10":"product_tag-misiones-comerciales","12":"first","13":"instock","14":"virtual","15":"product-type-simple"},"acf":[],"_links":{"self":[{"href":"https:\/\/dcobys.com\/es\/wp-json\/wp\/v2\/product\/6752","targetHints":{"allow":["GET"]}}],"collection":[{"href":"https:\/\/dcobys.com\/es\/wp-json\/wp\/v2\/product"}],"about":[{"href":"https:\/\/dcobys.com\/es\/wp-json\/wp\/v2\/types\/product"}],"version-history":[{"count":0,"href":"https:\/\/dcobys.com\/es\/wp-json\/wp\/v2\/product\/6752\/revisions"}],"wp:featuredmedia":[{"embeddable":true,"href":"https:\/\/dcobys.com\/es\/wp-json\/wp\/v2\/media\/7540"}],"wp:attachment":[{"href":"https:\/\/dcobys.com\/es\/wp-json\/wp\/v2\/media?parent=6752"}],"wp:term":[{"taxonomy":"country","embeddable":true,"href":"https:\/\/dcobys.com\/es\/wp-json\/wp\/v2\/country?post=6752"},{"taxonomy":"product_brand","embeddable":true,"href":"https:\/\/dcobys.com\/es\/wp-json\/wp\/v2\/product_brand?post=6752"},{"taxonomy":"product_cat","embeddable":true,"href":"https:\/\/dcobys.com\/es\/wp-json\/wp\/v2\/product_cat?post=6752"},{"taxonomy":"product_tag","embeddable":true,"href":"https:\/\/dcobys.com\/es\/wp-json\/wp\/v2\/product_tag?post=6752"}],"curies":[{"name":"wp","href":"https:\/\/api.w.org\/{rel}","templated":true}]}}