{"id":6750,"date":"2025-12-15T13:02:21","date_gmt":"2025-12-15T18:02:21","guid":{"rendered":"https:\/\/dcobys.com\/services\/uncategorized\/pharmaceuticals-usa-2\/"},"modified":"2026-01-30T21:36:02","modified_gmt":"2026-01-31T02:36:02","slug":"pharmaceuticals-usa-2","status":"publish","type":"product","link":"https:\/\/dcobys.com\/es\/services\/misiones-comerciales\/ciencias-de-la-salud-y-biotecnologia\/farmaceutica\/pharmaceuticals-usa-2\/","title":{"rendered":"Farmac\u00e9utica &#8211; EE. UU."},"content":{"rendered":"<p>La Misi\u00f3n Comercial en Estados Unidos permite a las empresas explorar el n\u00facleo global de la industria farmac\u00e9utica, donde convergen laboratorios, CDMOs, biotecnol\u00f3gicas y centros de innovaci\u00f3n. En ferias como BIO y CPhI North America, los participantes acceden a encuentros con compradores, socios de manufactura, expertos regulatorios y plataformas de investigaci\u00f3n cl\u00ednica. La misi\u00f3n facilita agendas con actores clave de la costa este, impulsando alianzas para producci\u00f3n, distribuci\u00f3n y escalamiento. Este destino es estrat\u00e9gico para validar productos y acceder al mayor mercado farmac\u00e9utico del mundo. Fuentes: BIO, CPhI North America.<\/p>\n","protected":false},"excerpt":{"rendered":"<p>La Misi\u00f3n Comercial en Estados Unidos permite a las empresas explorar el n\u00facleo global de la industria farmac\u00e9utica, donde convergen laboratorios, CDMOs, biotecnol\u00f3gicas y centros de innovaci\u00f3n. En ferias como BIO y CPhI North America, los participantes acceden a encuentros con compradores, socios de manufactura, expertos regulatorios y plataformas de investigaci\u00f3n cl\u00ednica. La misi\u00f3n facilita [&hellip;]<\/p>\n","protected":false},"featured_media":7540,"template":"","meta":{"_acf_changed":false},"country":[954],"product_brand":[],"product_cat":[1007,1011,893],"product_tag":[924],"class_list":{"0":"post-6750","1":"product","2":"type-product","3":"status-publish","4":"has-post-thumbnail","6":"country-ee-uu","7":"product_cat-ciencias-de-la-salud-y-biotecnologia","8":"product_cat-farmaceutica","9":"product_cat-misiones-comerciales","10":"product_tag-misiones-comerciales","12":"first","13":"instock","14":"virtual","15":"product-type-simple"},"acf":[],"_links":{"self":[{"href":"https:\/\/dcobys.com\/es\/wp-json\/wp\/v2\/product\/6750","targetHints":{"allow":["GET"]}}],"collection":[{"href":"https:\/\/dcobys.com\/es\/wp-json\/wp\/v2\/product"}],"about":[{"href":"https:\/\/dcobys.com\/es\/wp-json\/wp\/v2\/types\/product"}],"version-history":[{"count":0,"href":"https:\/\/dcobys.com\/es\/wp-json\/wp\/v2\/product\/6750\/revisions"}],"wp:featuredmedia":[{"embeddable":true,"href":"https:\/\/dcobys.com\/es\/wp-json\/wp\/v2\/media\/7540"}],"wp:attachment":[{"href":"https:\/\/dcobys.com\/es\/wp-json\/wp\/v2\/media?parent=6750"}],"wp:term":[{"taxonomy":"country","embeddable":true,"href":"https:\/\/dcobys.com\/es\/wp-json\/wp\/v2\/country?post=6750"},{"taxonomy":"product_brand","embeddable":true,"href":"https:\/\/dcobys.com\/es\/wp-json\/wp\/v2\/product_brand?post=6750"},{"taxonomy":"product_cat","embeddable":true,"href":"https:\/\/dcobys.com\/es\/wp-json\/wp\/v2\/product_cat?post=6750"},{"taxonomy":"product_tag","embeddable":true,"href":"https:\/\/dcobys.com\/es\/wp-json\/wp\/v2\/product_tag?post=6750"}],"curies":[{"name":"wp","href":"https:\/\/api.w.org\/{rel}","templated":true}]}}