{"id":6748,"date":"2025-12-15T13:02:21","date_gmt":"2025-12-15T18:02:21","guid":{"rendered":"https:\/\/dcobys.com\/services\/uncategorized\/e-health-mexico-2\/"},"modified":"2026-01-30T21:36:02","modified_gmt":"2026-01-31T02:36:02","slug":"e-health-mexico-2","status":"publish","type":"product","link":"https:\/\/dcobys.com\/es\/services\/misiones-comerciales\/ciencias-de-la-salud-y-biotecnologia\/e-health\/e-health-mexico-2\/","title":{"rendered":"e-Health &#8211; M\u00e9xico"},"content":{"rendered":"<p>La Misi\u00f3n Comercial en M\u00e9xico permite a las empresas acceder a un mercado en acelerada digitalizaci\u00f3n sanitaria, donde hospitales y aseguradoras buscan soluciones de telemedicina, interoperabilidad y gesti\u00f3n de datos. Ciudad de M\u00e9xico concentra foros especializados que re\u00fanen compradores institucionales y proveedores tecnol\u00f3gicos. La misi\u00f3n facilita encuentros con cl\u00ednicas privadas, distribuidores de tecnolog\u00eda m\u00e9dica y organismos p\u00fablicos que impulsan la transformaci\u00f3n digital del sistema de salud. M\u00e9xico es clave para establecer alianzas comerciales regionales. Fuentes: HealthTech Mexico.<\/p>\n","protected":false},"excerpt":{"rendered":"<p>La Misi\u00f3n Comercial en M\u00e9xico permite a las empresas acceder a un mercado en acelerada digitalizaci\u00f3n sanitaria, donde hospitales y aseguradoras buscan soluciones de telemedicina, interoperabilidad y gesti\u00f3n de datos. Ciudad de M\u00e9xico concentra foros especializados que re\u00fanen compradores institucionales y proveedores tecnol\u00f3gicos. La misi\u00f3n facilita encuentros con cl\u00ednicas privadas, distribuidores de tecnolog\u00eda m\u00e9dica y [&hellip;]<\/p>\n","protected":false},"featured_media":7532,"template":"","meta":{"_acf_changed":false},"country":[941],"product_brand":[],"product_cat":[1007,1010,893],"product_tag":[924],"class_list":{"0":"post-6748","1":"product","2":"type-product","3":"status-publish","4":"has-post-thumbnail","6":"country-mexico","7":"product_cat-ciencias-de-la-salud-y-biotecnologia","8":"product_cat-e-health","9":"product_cat-misiones-comerciales","10":"product_tag-misiones-comerciales","12":"first","13":"instock","14":"virtual","15":"product-type-simple"},"acf":[],"_links":{"self":[{"href":"https:\/\/dcobys.com\/es\/wp-json\/wp\/v2\/product\/6748","targetHints":{"allow":["GET"]}}],"collection":[{"href":"https:\/\/dcobys.com\/es\/wp-json\/wp\/v2\/product"}],"about":[{"href":"https:\/\/dcobys.com\/es\/wp-json\/wp\/v2\/types\/product"}],"version-history":[{"count":0,"href":"https:\/\/dcobys.com\/es\/wp-json\/wp\/v2\/product\/6748\/revisions"}],"wp:featuredmedia":[{"embeddable":true,"href":"https:\/\/dcobys.com\/es\/wp-json\/wp\/v2\/media\/7532"}],"wp:attachment":[{"href":"https:\/\/dcobys.com\/es\/wp-json\/wp\/v2\/media?parent=6748"}],"wp:term":[{"taxonomy":"country","embeddable":true,"href":"https:\/\/dcobys.com\/es\/wp-json\/wp\/v2\/country?post=6748"},{"taxonomy":"product_brand","embeddable":true,"href":"https:\/\/dcobys.com\/es\/wp-json\/wp\/v2\/product_brand?post=6748"},{"taxonomy":"product_cat","embeddable":true,"href":"https:\/\/dcobys.com\/es\/wp-json\/wp\/v2\/product_cat?post=6748"},{"taxonomy":"product_tag","embeddable":true,"href":"https:\/\/dcobys.com\/es\/wp-json\/wp\/v2\/product_tag?post=6748"}],"curies":[{"name":"wp","href":"https:\/\/api.w.org\/{rel}","templated":true}]}}