{"id":6746,"date":"2025-12-15T13:02:21","date_gmt":"2025-12-15T18:02:21","guid":{"rendered":"https:\/\/dcobys.com\/services\/uncategorized\/e-health-south-korea-2\/"},"modified":"2026-01-30T21:36:02","modified_gmt":"2026-01-31T02:36:02","slug":"e-health-south-korea-2","status":"publish","type":"product","link":"https:\/\/dcobys.com\/es\/services\/misiones-comerciales\/ciencias-de-la-salud-y-biotecnologia\/e-health\/e-health-south-korea-2\/","title":{"rendered":"e-Health &#8211; Corea del Sur"},"content":{"rendered":"<p>La Misi\u00f3n Comercial en Corea del Sur conecta a las empresas con un ecosistema l\u00edder en salud digital, reconocido por su fuerte inversi\u00f3n en IA, big data cl\u00ednico y plataformas de teleconsulta. Los eventos en Se\u00fal permiten identificar oportunidades con hospitales, startups de diagn\u00f3stico digital y proveedores de software hospitalario. La misi\u00f3n facilita agendas con instituciones gubernamentales, aceleradoras tecnol\u00f3gicas y compradores que buscan soluciones innovadoras para gesti\u00f3n sanitaria. Corea del Sur es un hub estrat\u00e9gico para expansi\u00f3n en Asia. Fuentes: Korea Digital Health Expos.<\/p>\n","protected":false},"excerpt":{"rendered":"<p>La Misi\u00f3n Comercial en Corea del Sur conecta a las empresas con un ecosistema l\u00edder en salud digital, reconocido por su fuerte inversi\u00f3n en IA, big data cl\u00ednico y plataformas de teleconsulta. Los eventos en Se\u00fal permiten identificar oportunidades con hospitales, startups de diagn\u00f3stico digital y proveedores de software hospitalario. La misi\u00f3n facilita agendas con [&hellip;]<\/p>\n","protected":false},"featured_media":7532,"template":"","meta":{"_acf_changed":false},"country":[948],"product_brand":[],"product_cat":[1007,1010,893],"product_tag":[924],"class_list":{"0":"post-6746","1":"product","2":"type-product","3":"status-publish","4":"has-post-thumbnail","6":"country-corea-del-sur","7":"product_cat-ciencias-de-la-salud-y-biotecnologia","8":"product_cat-e-health","9":"product_cat-misiones-comerciales","10":"product_tag-misiones-comerciales","12":"first","13":"instock","14":"virtual","15":"product-type-simple"},"acf":[],"_links":{"self":[{"href":"https:\/\/dcobys.com\/es\/wp-json\/wp\/v2\/product\/6746","targetHints":{"allow":["GET"]}}],"collection":[{"href":"https:\/\/dcobys.com\/es\/wp-json\/wp\/v2\/product"}],"about":[{"href":"https:\/\/dcobys.com\/es\/wp-json\/wp\/v2\/types\/product"}],"version-history":[{"count":0,"href":"https:\/\/dcobys.com\/es\/wp-json\/wp\/v2\/product\/6746\/revisions"}],"wp:featuredmedia":[{"embeddable":true,"href":"https:\/\/dcobys.com\/es\/wp-json\/wp\/v2\/media\/7532"}],"wp:attachment":[{"href":"https:\/\/dcobys.com\/es\/wp-json\/wp\/v2\/media?parent=6746"}],"wp:term":[{"taxonomy":"country","embeddable":true,"href":"https:\/\/dcobys.com\/es\/wp-json\/wp\/v2\/country?post=6746"},{"taxonomy":"product_brand","embeddable":true,"href":"https:\/\/dcobys.com\/es\/wp-json\/wp\/v2\/product_brand?post=6746"},{"taxonomy":"product_cat","embeddable":true,"href":"https:\/\/dcobys.com\/es\/wp-json\/wp\/v2\/product_cat?post=6746"},{"taxonomy":"product_tag","embeddable":true,"href":"https:\/\/dcobys.com\/es\/wp-json\/wp\/v2\/product_tag?post=6746"}],"curies":[{"name":"wp","href":"https:\/\/api.w.org\/{rel}","templated":true}]}}