{"id":6742,"date":"2025-12-15T13:02:21","date_gmt":"2025-12-15T18:02:21","guid":{"rendered":"https:\/\/dcobys.com\/services\/uncategorized\/e-health-uk-2\/"},"modified":"2026-01-30T21:36:02","modified_gmt":"2026-01-31T02:36:02","slug":"e-health-uk-2","status":"publish","type":"product","link":"https:\/\/dcobys.com\/es\/services\/misiones-comerciales\/ciencias-de-la-salud-y-biotecnologia\/e-health\/e-health-uk-2\/","title":{"rendered":"e-Health &#8211; Reino Unido"},"content":{"rendered":"<p>La Misi\u00f3n Comercial en Reino Unido ofrece acceso a un mercado de salud altamente digitalizado, con amplia demanda de soluciones para hospitales p\u00fablicos y privados. Londres re\u00fane conferencias l\u00edderes en innovaci\u00f3n m\u00e9dica que permiten conectar con compradores del NHS, startups especializadas en IA cl\u00ednica, integradores de HCE y plataformas de teleconsulta. La misi\u00f3n facilita agendas t\u00e9cnicas, visitas a hubs de innovaci\u00f3n y acercamiento a fondos de inversi\u00f3n en tecnolog\u00eda sanitaria. Este destino abre oportunidades para ingresar al ecosistema europeo con alto potencial de escalabilidad. Fuentes: UK Health Innovation Conferences.<\/p>\n","protected":false},"excerpt":{"rendered":"<p>La Misi\u00f3n Comercial en Reino Unido ofrece acceso a un mercado de salud altamente digitalizado, con amplia demanda de soluciones para hospitales p\u00fablicos y privados. Londres re\u00fane conferencias l\u00edderes en innovaci\u00f3n m\u00e9dica que permiten conectar con compradores del NHS, startups especializadas en IA cl\u00ednica, integradores de HCE y plataformas de teleconsulta. La misi\u00f3n facilita agendas [&hellip;]<\/p>\n","protected":false},"featured_media":7532,"template":"","meta":{"_acf_changed":false},"country":[955],"product_brand":[],"product_cat":[1007,1010,893],"product_tag":[924],"class_list":{"0":"post-6742","1":"product","2":"type-product","3":"status-publish","4":"has-post-thumbnail","6":"country-reino-unido","7":"product_cat-ciencias-de-la-salud-y-biotecnologia","8":"product_cat-e-health","9":"product_cat-misiones-comerciales","10":"product_tag-misiones-comerciales","12":"first","13":"instock","14":"virtual","15":"product-type-simple"},"acf":[],"_links":{"self":[{"href":"https:\/\/dcobys.com\/es\/wp-json\/wp\/v2\/product\/6742","targetHints":{"allow":["GET"]}}],"collection":[{"href":"https:\/\/dcobys.com\/es\/wp-json\/wp\/v2\/product"}],"about":[{"href":"https:\/\/dcobys.com\/es\/wp-json\/wp\/v2\/types\/product"}],"version-history":[{"count":0,"href":"https:\/\/dcobys.com\/es\/wp-json\/wp\/v2\/product\/6742\/revisions"}],"wp:featuredmedia":[{"embeddable":true,"href":"https:\/\/dcobys.com\/es\/wp-json\/wp\/v2\/media\/7532"}],"wp:attachment":[{"href":"https:\/\/dcobys.com\/es\/wp-json\/wp\/v2\/media?parent=6742"}],"wp:term":[{"taxonomy":"country","embeddable":true,"href":"https:\/\/dcobys.com\/es\/wp-json\/wp\/v2\/country?post=6742"},{"taxonomy":"product_brand","embeddable":true,"href":"https:\/\/dcobys.com\/es\/wp-json\/wp\/v2\/product_brand?post=6742"},{"taxonomy":"product_cat","embeddable":true,"href":"https:\/\/dcobys.com\/es\/wp-json\/wp\/v2\/product_cat?post=6742"},{"taxonomy":"product_tag","embeddable":true,"href":"https:\/\/dcobys.com\/es\/wp-json\/wp\/v2\/product_tag?post=6742"}],"curies":[{"name":"wp","href":"https:\/\/api.w.org\/{rel}","templated":true}]}}