{"id":6738,"date":"2025-12-15T13:02:21","date_gmt":"2025-12-15T18:02:21","guid":{"rendered":"https:\/\/dcobys.com\/services\/uncategorized\/e-health-germany-2\/"},"modified":"2026-01-30T21:36:02","modified_gmt":"2026-01-31T02:36:02","slug":"e-health-germany-2","status":"publish","type":"product","link":"https:\/\/dcobys.com\/es\/services\/misiones-comerciales\/ciencias-de-la-salud-y-biotecnologia\/e-health\/e-health-germany-2\/","title":{"rendered":"e-Health &#8211; Alemania"},"content":{"rendered":"<p>La Misi\u00f3n Comercial en Alemania impulsa el acceso al mercado europeo de salud digital, reconocido por su profunda adopci\u00f3n tecnol\u00f3gica y estrictos est\u00e1ndares de interoperabilidad. Eventos como DMEA permiten identificar integradores de historias cl\u00ednicas electr\u00f3nicas, proveedores de software hospitalario, plataformas de telemedicina y tecnolog\u00edas para gesti\u00f3n de datos cl\u00ednicos. La misi\u00f3n facilita encuentros con hospitales universitarios, cl\u00fasteres de innovaci\u00f3n y compradores institucionales que buscan digitalizar su infraestructura sanitaria. Alemania es un punto estrat\u00e9gico para comprender las normativas de la UE y generar alianzas de escalamiento europeo. Fuentes: DMEA.<\/p>\n","protected":false},"excerpt":{"rendered":"<p>La Misi\u00f3n Comercial en Alemania impulsa el acceso al mercado europeo de salud digital, reconocido por su profunda adopci\u00f3n tecnol\u00f3gica y estrictos est\u00e1ndares de interoperabilidad. Eventos como DMEA permiten identificar integradores de historias cl\u00ednicas electr\u00f3nicas, proveedores de software hospitalario, plataformas de telemedicina y tecnolog\u00edas para gesti\u00f3n de datos cl\u00ednicos. La misi\u00f3n facilita encuentros con hospitales [&hellip;]<\/p>\n","protected":false},"featured_media":7532,"template":"","meta":{"_acf_changed":false},"country":[934],"product_brand":[],"product_cat":[1007,1010,893],"product_tag":[924],"class_list":{"0":"post-6738","1":"product","2":"type-product","3":"status-publish","4":"has-post-thumbnail","6":"country-alemania","7":"product_cat-ciencias-de-la-salud-y-biotecnologia","8":"product_cat-e-health","9":"product_cat-misiones-comerciales","10":"product_tag-misiones-comerciales","12":"first","13":"instock","14":"virtual","15":"product-type-simple"},"acf":[],"_links":{"self":[{"href":"https:\/\/dcobys.com\/es\/wp-json\/wp\/v2\/product\/6738","targetHints":{"allow":["GET"]}}],"collection":[{"href":"https:\/\/dcobys.com\/es\/wp-json\/wp\/v2\/product"}],"about":[{"href":"https:\/\/dcobys.com\/es\/wp-json\/wp\/v2\/types\/product"}],"version-history":[{"count":0,"href":"https:\/\/dcobys.com\/es\/wp-json\/wp\/v2\/product\/6738\/revisions"}],"wp:featuredmedia":[{"embeddable":true,"href":"https:\/\/dcobys.com\/es\/wp-json\/wp\/v2\/media\/7532"}],"wp:attachment":[{"href":"https:\/\/dcobys.com\/es\/wp-json\/wp\/v2\/media?parent=6738"}],"wp:term":[{"taxonomy":"country","embeddable":true,"href":"https:\/\/dcobys.com\/es\/wp-json\/wp\/v2\/country?post=6738"},{"taxonomy":"product_brand","embeddable":true,"href":"https:\/\/dcobys.com\/es\/wp-json\/wp\/v2\/product_brand?post=6738"},{"taxonomy":"product_cat","embeddable":true,"href":"https:\/\/dcobys.com\/es\/wp-json\/wp\/v2\/product_cat?post=6738"},{"taxonomy":"product_tag","embeddable":true,"href":"https:\/\/dcobys.com\/es\/wp-json\/wp\/v2\/product_tag?post=6738"}],"curies":[{"name":"wp","href":"https:\/\/api.w.org\/{rel}","templated":true}]}}