{"id":6734,"date":"2025-12-15T13:02:21","date_gmt":"2025-12-15T18:02:21","guid":{"rendered":"https:\/\/dcobys.com\/services\/uncategorized\/biotechnology-mexico-2\/"},"modified":"2026-01-30T21:36:02","modified_gmt":"2026-01-31T02:36:02","slug":"biotechnology-mexico-2","status":"publish","type":"product","link":"https:\/\/dcobys.com\/es\/services\/misiones-comerciales\/ciencias-de-la-salud-y-biotecnologia\/biotecnologia\/biotechnology-mexico-2\/","title":{"rendered":"Biotecnolog\u00eda &#8211; M\u00e9xico"},"content":{"rendered":"<p>La Misi\u00f3n Comercial en M\u00e9xico destacada en Biotecnolog\u00eda ofrece acceso al creciente ecosistema biotecnol\u00f3gico de Monterrey, impulsado por universidades, centros de investigaci\u00f3n y empresas de innovaci\u00f3n en salud. Los participantes asistir\u00e1n a foros regionales de biotecnolog\u00eda y eventos de innovaci\u00f3n en salud que re\u00fanen a acad\u00e9micos, startups y compa\u00f1\u00edas farmac\u00e9uticas. La misi\u00f3n facilita la identificaci\u00f3n de oportunidades en bioprocesos, bioemprendimiento, dispositivos biom\u00e9dicos y biotecnolog\u00eda aplicada. Tambi\u00e9n incluye reuniones con incubadoras, parques tecnol\u00f3gicos y actores del sistema de innovaci\u00f3n local.<br \/>\nFuentes: Biotech regional forums Monterrey; Health Innovation Summits M\u00e9xico.<\/p>\n","protected":false},"excerpt":{"rendered":"<p>La Misi\u00f3n Comercial en M\u00e9xico destacada en Biotecnolog\u00eda ofrece acceso al creciente ecosistema biotecnol\u00f3gico de Monterrey, impulsado por universidades, centros de investigaci\u00f3n y empresas de innovaci\u00f3n en salud. Los participantes asistir\u00e1n a foros regionales de biotecnolog\u00eda y eventos de innovaci\u00f3n en salud que re\u00fanen a acad\u00e9micos, startups y compa\u00f1\u00edas farmac\u00e9uticas. La misi\u00f3n facilita la identificaci\u00f3n [&hellip;]<\/p>\n","protected":false},"featured_media":7524,"template":"","meta":{"_acf_changed":false},"country":[941],"product_brand":[],"product_cat":[1009,1007,893],"product_tag":[924],"class_list":{"0":"post-6734","1":"product","2":"type-product","3":"status-publish","4":"has-post-thumbnail","6":"country-mexico","7":"product_cat-biotecnologia","8":"product_cat-ciencias-de-la-salud-y-biotecnologia","9":"product_cat-misiones-comerciales","10":"product_tag-misiones-comerciales","12":"first","13":"instock","14":"virtual","15":"product-type-simple"},"acf":[],"_links":{"self":[{"href":"https:\/\/dcobys.com\/es\/wp-json\/wp\/v2\/product\/6734","targetHints":{"allow":["GET"]}}],"collection":[{"href":"https:\/\/dcobys.com\/es\/wp-json\/wp\/v2\/product"}],"about":[{"href":"https:\/\/dcobys.com\/es\/wp-json\/wp\/v2\/types\/product"}],"version-history":[{"count":0,"href":"https:\/\/dcobys.com\/es\/wp-json\/wp\/v2\/product\/6734\/revisions"}],"wp:featuredmedia":[{"embeddable":true,"href":"https:\/\/dcobys.com\/es\/wp-json\/wp\/v2\/media\/7524"}],"wp:attachment":[{"href":"https:\/\/dcobys.com\/es\/wp-json\/wp\/v2\/media?parent=6734"}],"wp:term":[{"taxonomy":"country","embeddable":true,"href":"https:\/\/dcobys.com\/es\/wp-json\/wp\/v2\/country?post=6734"},{"taxonomy":"product_brand","embeddable":true,"href":"https:\/\/dcobys.com\/es\/wp-json\/wp\/v2\/product_brand?post=6734"},{"taxonomy":"product_cat","embeddable":true,"href":"https:\/\/dcobys.com\/es\/wp-json\/wp\/v2\/product_cat?post=6734"},{"taxonomy":"product_tag","embeddable":true,"href":"https:\/\/dcobys.com\/es\/wp-json\/wp\/v2\/product_tag?post=6734"}],"curies":[{"name":"wp","href":"https:\/\/api.w.org\/{rel}","templated":true}]}}