{"id":6732,"date":"2025-12-15T13:02:21","date_gmt":"2025-12-15T18:02:21","guid":{"rendered":"https:\/\/dcobys.com\/services\/uncategorized\/biotechnology-south-korea-2\/"},"modified":"2026-01-30T21:36:02","modified_gmt":"2026-01-31T02:36:02","slug":"biotechnology-south-korea-2","status":"publish","type":"product","link":"https:\/\/dcobys.com\/es\/services\/misiones-comerciales\/ciencias-de-la-salud-y-biotecnologia\/biotecnologia\/biotechnology-south-korea-2\/","title":{"rendered":"Biotecnolog\u00eda &#8211; Corea del Sur"},"content":{"rendered":"<p>La Misi\u00f3n Comercial en Corea del Sur destacada en Biotecnolog\u00eda aprovecha el r\u00e1pido crecimiento del pa\u00eds como potencia en biotecnolog\u00eda, biofarmac\u00e9uticos y salud digital. La misi\u00f3n incluye la participaci\u00f3n en conferencias nacionales de biotecnolog\u00eda y encuentros organizados por instituciones l\u00edderes como KoreaBIO. Las empresas podr\u00e1n conocer avances en bioprocesamiento, terapias de \u00faltima generaci\u00f3n, diagn\u00f3stico molecular y manufactura biofarmac\u00e9utica. Tambi\u00e9n se visitan parques tecnol\u00f3gicos, centros de investigaci\u00f3n y startups emergentes. El objetivo es promover colaboraci\u00f3n comercial y cient\u00edfica en uno de los mercados m\u00e1s din\u00e1micos de Asia.<br \/>\nFuentes: Korea Biotechnology Industry Organization (KoreaBIO); Korean biotech conferences.<\/p>\n","protected":false},"excerpt":{"rendered":"<p>La Misi\u00f3n Comercial en Corea del Sur destacada en Biotecnolog\u00eda aprovecha el r\u00e1pido crecimiento del pa\u00eds como potencia en biotecnolog\u00eda, biofarmac\u00e9uticos y salud digital. La misi\u00f3n incluye la participaci\u00f3n en conferencias nacionales de biotecnolog\u00eda y encuentros organizados por instituciones l\u00edderes como KoreaBIO. Las empresas podr\u00e1n conocer avances en bioprocesamiento, terapias de \u00faltima generaci\u00f3n, diagn\u00f3stico molecular [&hellip;]<\/p>\n","protected":false},"featured_media":7524,"template":"","meta":{"_acf_changed":false},"country":[948],"product_brand":[],"product_cat":[1009,1007,893],"product_tag":[924],"class_list":{"0":"post-6732","1":"product","2":"type-product","3":"status-publish","4":"has-post-thumbnail","6":"country-corea-del-sur","7":"product_cat-biotecnologia","8":"product_cat-ciencias-de-la-salud-y-biotecnologia","9":"product_cat-misiones-comerciales","10":"product_tag-misiones-comerciales","12":"first","13":"instock","14":"virtual","15":"product-type-simple"},"acf":[],"_links":{"self":[{"href":"https:\/\/dcobys.com\/es\/wp-json\/wp\/v2\/product\/6732","targetHints":{"allow":["GET"]}}],"collection":[{"href":"https:\/\/dcobys.com\/es\/wp-json\/wp\/v2\/product"}],"about":[{"href":"https:\/\/dcobys.com\/es\/wp-json\/wp\/v2\/types\/product"}],"version-history":[{"count":0,"href":"https:\/\/dcobys.com\/es\/wp-json\/wp\/v2\/product\/6732\/revisions"}],"wp:featuredmedia":[{"embeddable":true,"href":"https:\/\/dcobys.com\/es\/wp-json\/wp\/v2\/media\/7524"}],"wp:attachment":[{"href":"https:\/\/dcobys.com\/es\/wp-json\/wp\/v2\/media?parent=6732"}],"wp:term":[{"taxonomy":"country","embeddable":true,"href":"https:\/\/dcobys.com\/es\/wp-json\/wp\/v2\/country?post=6732"},{"taxonomy":"product_brand","embeddable":true,"href":"https:\/\/dcobys.com\/es\/wp-json\/wp\/v2\/product_brand?post=6732"},{"taxonomy":"product_cat","embeddable":true,"href":"https:\/\/dcobys.com\/es\/wp-json\/wp\/v2\/product_cat?post=6732"},{"taxonomy":"product_tag","embeddable":true,"href":"https:\/\/dcobys.com\/es\/wp-json\/wp\/v2\/product_tag?post=6732"}],"curies":[{"name":"wp","href":"https:\/\/api.w.org\/{rel}","templated":true}]}}