{"id":6730,"date":"2025-12-15T13:02:21","date_gmt":"2025-12-15T18:02:21","guid":{"rendered":"https:\/\/dcobys.com\/services\/uncategorized\/biotechnology-japan-2\/"},"modified":"2026-01-30T21:36:02","modified_gmt":"2026-01-31T02:36:02","slug":"biotechnology-japan-2","status":"publish","type":"product","link":"https:\/\/dcobys.com\/es\/services\/misiones-comerciales\/ciencias-de-la-salud-y-biotecnologia\/biotecnologia\/biotechnology-japan-2\/","title":{"rendered":"Biotecnolog\u00eda &#8211; Jap\u00f3n"},"content":{"rendered":"<p>La Misi\u00f3n Comercial en Jap\u00f3n destacada en Biotecnolog\u00eda se desarrolla en Tokio, punto neur\u00e1lgico para empresas dedicadas a bioprocesos, medicina regenerativa, bioingenier\u00eda y soluciones diagn\u00f3sticas. Los participantes asisten a BioJapan, uno de los eventos m\u00e1s relevantes en Asia para alianzas cient\u00edficas y comerciales. La misi\u00f3n facilita el acceso a instituciones que lideran investigaci\u00f3n en c\u00e9lulas madre, biolog\u00eda sint\u00e9tica y tecnolog\u00eda m\u00e9dica avanzada. Incluye visitas a hubs de innovaci\u00f3n y reuniones con empresas japonesas del sector salud. El objetivo es impulsar cooperaci\u00f3n tecnol\u00f3gica y exploraci\u00f3n de nuevos mercados asi\u00e1ticos.<br \/>\nFuentes: BioJapan; Japan Bioindustry Association.<\/p>\n","protected":false},"excerpt":{"rendered":"<p>La Misi\u00f3n Comercial en Jap\u00f3n destacada en Biotecnolog\u00eda se desarrolla en Tokio, punto neur\u00e1lgico para empresas dedicadas a bioprocesos, medicina regenerativa, bioingenier\u00eda y soluciones diagn\u00f3sticas. Los participantes asisten a BioJapan, uno de los eventos m\u00e1s relevantes en Asia para alianzas cient\u00edficas y comerciales. La misi\u00f3n facilita el acceso a instituciones que lideran investigaci\u00f3n en c\u00e9lulas [&hellip;]<\/p>\n","protected":false},"featured_media":7524,"template":"","meta":{"_acf_changed":false},"country":[939],"product_brand":[],"product_cat":[1009,1007,893],"product_tag":[924],"class_list":{"0":"post-6730","1":"product","2":"type-product","3":"status-publish","4":"has-post-thumbnail","6":"country-japon","7":"product_cat-biotecnologia","8":"product_cat-ciencias-de-la-salud-y-biotecnologia","9":"product_cat-misiones-comerciales","10":"product_tag-misiones-comerciales","12":"first","13":"instock","14":"virtual","15":"product-type-simple"},"acf":[],"_links":{"self":[{"href":"https:\/\/dcobys.com\/es\/wp-json\/wp\/v2\/product\/6730","targetHints":{"allow":["GET"]}}],"collection":[{"href":"https:\/\/dcobys.com\/es\/wp-json\/wp\/v2\/product"}],"about":[{"href":"https:\/\/dcobys.com\/es\/wp-json\/wp\/v2\/types\/product"}],"version-history":[{"count":0,"href":"https:\/\/dcobys.com\/es\/wp-json\/wp\/v2\/product\/6730\/revisions"}],"wp:featuredmedia":[{"embeddable":true,"href":"https:\/\/dcobys.com\/es\/wp-json\/wp\/v2\/media\/7524"}],"wp:attachment":[{"href":"https:\/\/dcobys.com\/es\/wp-json\/wp\/v2\/media?parent=6730"}],"wp:term":[{"taxonomy":"country","embeddable":true,"href":"https:\/\/dcobys.com\/es\/wp-json\/wp\/v2\/country?post=6730"},{"taxonomy":"product_brand","embeddable":true,"href":"https:\/\/dcobys.com\/es\/wp-json\/wp\/v2\/product_brand?post=6730"},{"taxonomy":"product_cat","embeddable":true,"href":"https:\/\/dcobys.com\/es\/wp-json\/wp\/v2\/product_cat?post=6730"},{"taxonomy":"product_tag","embeddable":true,"href":"https:\/\/dcobys.com\/es\/wp-json\/wp\/v2\/product_tag?post=6730"}],"curies":[{"name":"wp","href":"https:\/\/api.w.org\/{rel}","templated":true}]}}