{"id":6728,"date":"2025-12-15T13:02:21","date_gmt":"2025-12-15T18:02:21","guid":{"rendered":"https:\/\/dcobys.com\/services\/uncategorized\/biotechnology-uk-2\/"},"modified":"2026-01-30T21:36:02","modified_gmt":"2026-01-31T02:36:02","slug":"biotechnology-uk-2","status":"publish","type":"product","link":"https:\/\/dcobys.com\/es\/services\/misiones-comerciales\/ciencias-de-la-salud-y-biotecnologia\/biotecnologia\/biotechnology-uk-2\/","title":{"rendered":"Biotecnolog\u00eda &#8211; Reino Unido"},"content":{"rendered":"<p>La Misi\u00f3n Comercial en Reino Unido destacada en Biotecnolog\u00eda permite conocer el prestigioso cl\u00faster cient\u00edfico de Oxford, uno de los m\u00e1s influyentes en Europa y centro mundial en vacunas, gen\u00f3mica y ciencias biom\u00e9dicas. La misi\u00f3n incluye participaci\u00f3n en eventos de la UK BioIndustry Association (BIA) y en BioTrinity, reconocidos por reunir a inversionistas, cient\u00edficos y empresas del sector. Se exploran innovaciones en plataformas de ARN, biotecnolog\u00eda m\u00e9dica, herramientas de edici\u00f3n gen\u00e9tica y salud digital. Adem\u00e1s, se realizan visitas a institutos de investigaci\u00f3n y parques cient\u00edficos. El objetivo es fomentar alianzas estrat\u00e9gicas y oportunidades de desarrollo conjunto.<br \/>\nFuentes: UK BioIndustry Association; BioTrinity.<\/p>\n","protected":false},"excerpt":{"rendered":"<p>La Misi\u00f3n Comercial en Reino Unido destacada en Biotecnolog\u00eda permite conocer el prestigioso cl\u00faster cient\u00edfico de Oxford, uno de los m\u00e1s influyentes en Europa y centro mundial en vacunas, gen\u00f3mica y ciencias biom\u00e9dicas. La misi\u00f3n incluye participaci\u00f3n en eventos de la UK BioIndustry Association (BIA) y en BioTrinity, reconocidos por reunir a inversionistas, cient\u00edficos y [&hellip;]<\/p>\n","protected":false},"featured_media":7524,"template":"","meta":{"_acf_changed":false},"country":[955],"product_brand":[],"product_cat":[1009,1007,893],"product_tag":[924],"class_list":{"0":"post-6728","1":"product","2":"type-product","3":"status-publish","4":"has-post-thumbnail","6":"country-reino-unido","7":"product_cat-biotecnologia","8":"product_cat-ciencias-de-la-salud-y-biotecnologia","9":"product_cat-misiones-comerciales","10":"product_tag-misiones-comerciales","12":"first","13":"instock","14":"virtual","15":"product-type-simple"},"acf":[],"_links":{"self":[{"href":"https:\/\/dcobys.com\/es\/wp-json\/wp\/v2\/product\/6728","targetHints":{"allow":["GET"]}}],"collection":[{"href":"https:\/\/dcobys.com\/es\/wp-json\/wp\/v2\/product"}],"about":[{"href":"https:\/\/dcobys.com\/es\/wp-json\/wp\/v2\/types\/product"}],"version-history":[{"count":0,"href":"https:\/\/dcobys.com\/es\/wp-json\/wp\/v2\/product\/6728\/revisions"}],"wp:featuredmedia":[{"embeddable":true,"href":"https:\/\/dcobys.com\/es\/wp-json\/wp\/v2\/media\/7524"}],"wp:attachment":[{"href":"https:\/\/dcobys.com\/es\/wp-json\/wp\/v2\/media?parent=6728"}],"wp:term":[{"taxonomy":"country","embeddable":true,"href":"https:\/\/dcobys.com\/es\/wp-json\/wp\/v2\/country?post=6728"},{"taxonomy":"product_brand","embeddable":true,"href":"https:\/\/dcobys.com\/es\/wp-json\/wp\/v2\/product_brand?post=6728"},{"taxonomy":"product_cat","embeddable":true,"href":"https:\/\/dcobys.com\/es\/wp-json\/wp\/v2\/product_cat?post=6728"},{"taxonomy":"product_tag","embeddable":true,"href":"https:\/\/dcobys.com\/es\/wp-json\/wp\/v2\/product_tag?post=6728"}],"curies":[{"name":"wp","href":"https:\/\/api.w.org\/{rel}","templated":true}]}}