{"id":6726,"date":"2025-12-15T13:02:21","date_gmt":"2025-12-15T18:02:21","guid":{"rendered":"https:\/\/dcobys.com\/services\/uncategorized\/biotechnology-switzerland-2\/"},"modified":"2026-01-30T21:36:02","modified_gmt":"2026-01-31T02:36:02","slug":"biotechnology-switzerland-2","status":"publish","type":"product","link":"https:\/\/dcobys.com\/es\/services\/misiones-comerciales\/ciencias-de-la-salud-y-biotecnologia\/biotecnologia\/biotechnology-switzerland-2\/","title":{"rendered":"Biotecnolog\u00eda &#8211; Suiza"},"content":{"rendered":"<p>La Misi\u00f3n Comercial en Suiza destacada en Biotecnolog\u00eda se desarrolla en Basilea, uno de los epicentros farmac\u00e9uticos globales donde operan gigantes como Roche y Novartis. El ecosistema ofrece acceso a expertos en desarrollo cl\u00ednico, bioprocesos, biolog\u00eda molecular y biotecnolog\u00eda industrial. Los participantes acuden a Swiss Biotech Day y a BIO-Europe (ediciones suizas), eventos clave para networking cient\u00edfico y alianzas de investigaci\u00f3n. La misi\u00f3n fomenta conexiones con instituciones, laboratorios y empresas que lideran innovaci\u00f3n en terapias avanzadas y bioproductos. Tambi\u00e9n se identifican oportunidades de cooperaci\u00f3n tecnol\u00f3gica y escalamiento.<br \/>\nFuentes: Swiss Biotech Day; BIO-Europe.<\/p>\n","protected":false},"excerpt":{"rendered":"<p>La Misi\u00f3n Comercial en Suiza destacada en Biotecnolog\u00eda se desarrolla en Basilea, uno de los epicentros farmac\u00e9uticos globales donde operan gigantes como Roche y Novartis. El ecosistema ofrece acceso a expertos en desarrollo cl\u00ednico, bioprocesos, biolog\u00eda molecular y biotecnolog\u00eda industrial. Los participantes acuden a Swiss Biotech Day y a BIO-Europe (ediciones suizas), eventos clave para [&hellip;]<\/p>\n","protected":false},"featured_media":7524,"template":"","meta":{"_acf_changed":false},"country":[950],"product_brand":[],"product_cat":[1009,1007,893],"product_tag":[924],"class_list":{"0":"post-6726","1":"product","2":"type-product","3":"status-publish","4":"has-post-thumbnail","6":"country-suiza","7":"product_cat-biotecnologia","8":"product_cat-ciencias-de-la-salud-y-biotecnologia","9":"product_cat-misiones-comerciales","10":"product_tag-misiones-comerciales","12":"first","13":"instock","14":"virtual","15":"product-type-simple"},"acf":[],"_links":{"self":[{"href":"https:\/\/dcobys.com\/es\/wp-json\/wp\/v2\/product\/6726","targetHints":{"allow":["GET"]}}],"collection":[{"href":"https:\/\/dcobys.com\/es\/wp-json\/wp\/v2\/product"}],"about":[{"href":"https:\/\/dcobys.com\/es\/wp-json\/wp\/v2\/types\/product"}],"version-history":[{"count":0,"href":"https:\/\/dcobys.com\/es\/wp-json\/wp\/v2\/product\/6726\/revisions"}],"wp:featuredmedia":[{"embeddable":true,"href":"https:\/\/dcobys.com\/es\/wp-json\/wp\/v2\/media\/7524"}],"wp:attachment":[{"href":"https:\/\/dcobys.com\/es\/wp-json\/wp\/v2\/media?parent=6726"}],"wp:term":[{"taxonomy":"country","embeddable":true,"href":"https:\/\/dcobys.com\/es\/wp-json\/wp\/v2\/country?post=6726"},{"taxonomy":"product_brand","embeddable":true,"href":"https:\/\/dcobys.com\/es\/wp-json\/wp\/v2\/product_brand?post=6726"},{"taxonomy":"product_cat","embeddable":true,"href":"https:\/\/dcobys.com\/es\/wp-json\/wp\/v2\/product_cat?post=6726"},{"taxonomy":"product_tag","embeddable":true,"href":"https:\/\/dcobys.com\/es\/wp-json\/wp\/v2\/product_tag?post=6726"}],"curies":[{"name":"wp","href":"https:\/\/api.w.org\/{rel}","templated":true}]}}