{"id":6724,"date":"2025-12-15T13:02:21","date_gmt":"2025-12-15T18:02:21","guid":{"rendered":"https:\/\/dcobys.com\/services\/uncategorized\/biotechnology-germany-2\/"},"modified":"2026-01-30T21:36:02","modified_gmt":"2026-01-31T02:36:02","slug":"biotechnology-germany-2","status":"publish","type":"product","link":"https:\/\/dcobys.com\/es\/services\/misiones-comerciales\/ciencias-de-la-salud-y-biotecnologia\/biotecnologia\/biotechnology-germany-2\/","title":{"rendered":"Biotecnolog\u00eda &#8211; Alemania"},"content":{"rendered":"<p>La Misi\u00f3n Comercial en Alemania destacada en Biotecnolog\u00eda se enfoca en la s\u00f3lida infraestructura cient\u00edfica de M\u00fanich, una ciudad que integra investigaci\u00f3n universitaria, industria farmac\u00e9utica y startups biom\u00e9dicas en r\u00e1pido crecimiento. Los participantes asisten a BIO-Europe, uno de los encuentros de partnering m\u00e1s importantes del sector, adem\u00e1s de ferias y conferencias locales especializadas en biociencias. La misi\u00f3n permite conocer avances en terapias celulares, descubrimiento de f\u00e1rmacos, manufactura biotecnol\u00f3gica y digitalizaci\u00f3n del sector. Incluye visitas a cl\u00fasteres como BioM y centros de investigaci\u00f3n aplicada. El prop\u00f3sito es identificar socios, abrir canales comerciales y explorar tecnolog\u00edas emergentes europeas.<br \/>\nFuentes: BIO-Europe; BioM Biotech Cluster.<\/p>\n","protected":false},"excerpt":{"rendered":"<p>La Misi\u00f3n Comercial en Alemania destacada en Biotecnolog\u00eda se enfoca en la s\u00f3lida infraestructura cient\u00edfica de M\u00fanich, una ciudad que integra investigaci\u00f3n universitaria, industria farmac\u00e9utica y startups biom\u00e9dicas en r\u00e1pido crecimiento. Los participantes asisten a BIO-Europe, uno de los encuentros de partnering m\u00e1s importantes del sector, adem\u00e1s de ferias y conferencias locales especializadas en biociencias. [&hellip;]<\/p>\n","protected":false},"featured_media":7524,"template":"","meta":{"_acf_changed":false},"country":[934],"product_brand":[],"product_cat":[1009,1007,893],"product_tag":[924],"class_list":{"0":"post-6724","1":"product","2":"type-product","3":"status-publish","4":"has-post-thumbnail","6":"country-alemania","7":"product_cat-biotecnologia","8":"product_cat-ciencias-de-la-salud-y-biotecnologia","9":"product_cat-misiones-comerciales","10":"product_tag-misiones-comerciales","12":"first","13":"instock","14":"virtual","15":"product-type-simple"},"acf":[],"_links":{"self":[{"href":"https:\/\/dcobys.com\/es\/wp-json\/wp\/v2\/product\/6724","targetHints":{"allow":["GET"]}}],"collection":[{"href":"https:\/\/dcobys.com\/es\/wp-json\/wp\/v2\/product"}],"about":[{"href":"https:\/\/dcobys.com\/es\/wp-json\/wp\/v2\/types\/product"}],"version-history":[{"count":0,"href":"https:\/\/dcobys.com\/es\/wp-json\/wp\/v2\/product\/6724\/revisions"}],"wp:featuredmedia":[{"embeddable":true,"href":"https:\/\/dcobys.com\/es\/wp-json\/wp\/v2\/media\/7524"}],"wp:attachment":[{"href":"https:\/\/dcobys.com\/es\/wp-json\/wp\/v2\/media?parent=6724"}],"wp:term":[{"taxonomy":"country","embeddable":true,"href":"https:\/\/dcobys.com\/es\/wp-json\/wp\/v2\/country?post=6724"},{"taxonomy":"product_brand","embeddable":true,"href":"https:\/\/dcobys.com\/es\/wp-json\/wp\/v2\/product_brand?post=6724"},{"taxonomy":"product_cat","embeddable":true,"href":"https:\/\/dcobys.com\/es\/wp-json\/wp\/v2\/product_cat?post=6724"},{"taxonomy":"product_tag","embeddable":true,"href":"https:\/\/dcobys.com\/es\/wp-json\/wp\/v2\/product_tag?post=6724"}],"curies":[{"name":"wp","href":"https:\/\/api.w.org\/{rel}","templated":true}]}}