{"id":6722,"date":"2025-12-15T13:02:21","date_gmt":"2025-12-15T18:02:21","guid":{"rendered":"https:\/\/dcobys.com\/services\/uncategorized\/biotechnology-usa-2\/"},"modified":"2026-01-30T21:36:02","modified_gmt":"2026-01-31T02:36:02","slug":"biotechnology-usa-2","status":"publish","type":"product","link":"https:\/\/dcobys.com\/es\/services\/misiones-comerciales\/ciencias-de-la-salud-y-biotecnologia\/biotecnologia\/biotechnology-usa-2\/","title":{"rendered":"Biotecnolog\u00eda &#8211; EE. UU."},"content":{"rendered":"<p>La Misi\u00f3n Comercial en EE. UU. destacada en Biotecnolog\u00eda permite explorar uno de los ecosistemas cient\u00edficos m\u00e1s avanzados del mundo, concentrado especialmente en Boston y Cambridge. La regi\u00f3n es conocida por su densidad de laboratorios, empresas farmac\u00e9uticas globales, universidades de \u00e9lite y startups con alto nivel de inversi\u00f3n en I+D. La misi\u00f3n incluye la participaci\u00f3n en BIO International Convention, el principal evento global de biotecnolog\u00eda, y en la JP Morgan Health Care Conference, clave para innovaci\u00f3n y capital. Las empresas podr\u00e1n conocer tendencias en terapias avanzadas, biolog\u00eda sint\u00e9tica, inteligencia artificial aplicada a biociencias y plataformas cl\u00ednicas. Adem\u00e1s, se articulan reuniones con hubs de innovaci\u00f3n y aceleradoras del sector salud. El objetivo es generar alianzas tecnol\u00f3gicas, oportunidades de inversi\u00f3n y transferencia de conocimiento.<br \/>\nFuentes: BIO International Convention; JP Morgan Health Care Conference.<\/p>\n","protected":false},"excerpt":{"rendered":"<p>La Misi\u00f3n Comercial en EE. UU. destacada en Biotecnolog\u00eda permite explorar uno de los ecosistemas cient\u00edficos m\u00e1s avanzados del mundo, concentrado especialmente en Boston y Cambridge. La regi\u00f3n es conocida por su densidad de laboratorios, empresas farmac\u00e9uticas globales, universidades de \u00e9lite y startups con alto nivel de inversi\u00f3n en I+D. La misi\u00f3n incluye la participaci\u00f3n [&hellip;]<\/p>\n","protected":false},"featured_media":7524,"template":"","meta":{"_acf_changed":false},"country":[954],"product_brand":[],"product_cat":[1009,1007,893],"product_tag":[924],"class_list":{"0":"post-6722","1":"product","2":"type-product","3":"status-publish","4":"has-post-thumbnail","6":"country-ee-uu","7":"product_cat-biotecnologia","8":"product_cat-ciencias-de-la-salud-y-biotecnologia","9":"product_cat-misiones-comerciales","10":"product_tag-misiones-comerciales","12":"first","13":"instock","14":"virtual","15":"product-type-simple"},"acf":[],"_links":{"self":[{"href":"https:\/\/dcobys.com\/es\/wp-json\/wp\/v2\/product\/6722","targetHints":{"allow":["GET"]}}],"collection":[{"href":"https:\/\/dcobys.com\/es\/wp-json\/wp\/v2\/product"}],"about":[{"href":"https:\/\/dcobys.com\/es\/wp-json\/wp\/v2\/types\/product"}],"version-history":[{"count":0,"href":"https:\/\/dcobys.com\/es\/wp-json\/wp\/v2\/product\/6722\/revisions"}],"wp:featuredmedia":[{"embeddable":true,"href":"https:\/\/dcobys.com\/es\/wp-json\/wp\/v2\/media\/7524"}],"wp:attachment":[{"href":"https:\/\/dcobys.com\/es\/wp-json\/wp\/v2\/media?parent=6722"}],"wp:term":[{"taxonomy":"country","embeddable":true,"href":"https:\/\/dcobys.com\/es\/wp-json\/wp\/v2\/country?post=6722"},{"taxonomy":"product_brand","embeddable":true,"href":"https:\/\/dcobys.com\/es\/wp-json\/wp\/v2\/product_brand?post=6722"},{"taxonomy":"product_cat","embeddable":true,"href":"https:\/\/dcobys.com\/es\/wp-json\/wp\/v2\/product_cat?post=6722"},{"taxonomy":"product_tag","embeddable":true,"href":"https:\/\/dcobys.com\/es\/wp-json\/wp\/v2\/product_tag?post=6722"}],"curies":[{"name":"wp","href":"https:\/\/api.w.org\/{rel}","templated":true}]}}