{"id":6718,"date":"2025-12-15T13:02:21","date_gmt":"2025-12-15T18:02:21","guid":{"rendered":"https:\/\/dcobys.com\/services\/uncategorized\/medical-devices-south-korea-2\/"},"modified":"2026-01-30T21:36:02","modified_gmt":"2026-01-31T02:36:02","slug":"medical-devices-south-korea-2","status":"publish","type":"product","link":"https:\/\/dcobys.com\/es\/services\/misiones-comerciales\/ciencias-de-la-salud-y-biotecnologia\/dispositivos-medicos\/medical-devices-south-korea-2\/","title":{"rendered":"Dispositivos m\u00e9dicos &#8211; Corea del Sur"},"content":{"rendered":"<p>La Misi\u00f3n Comercial en Corea del Sur, destacada en Dispositivos M\u00e9dicos, conecta a las empresas con uno de los centros m\u00e1s din\u00e1micos de innovaci\u00f3n hospitalaria y equipamiento cl\u00ednico en Asia. Se\u00fal cuenta con infraestructura m\u00e9dica de alto nivel y empresas altamente competitivas en tecnolog\u00eda diagn\u00f3stica, rob\u00f3tica y soluciones digitales. La misi\u00f3n permite encuentros directos con fabricantes, distribuidores y entidades gubernamentales que impulsan la expansi\u00f3n del sector. Corea es adem\u00e1s l\u00edder en adopci\u00f3n de smart hospitals y soluciones de e-health.<br \/>\nFuentes: KIMES (Korea International Medical &#038; Hospital Equipment Show).<\/p>\n","protected":false},"excerpt":{"rendered":"<p>La Misi\u00f3n Comercial en Corea del Sur, destacada en Dispositivos M\u00e9dicos, conecta a las empresas con uno de los centros m\u00e1s din\u00e1micos de innovaci\u00f3n hospitalaria y equipamiento cl\u00ednico en Asia. Se\u00fal cuenta con infraestructura m\u00e9dica de alto nivel y empresas altamente competitivas en tecnolog\u00eda diagn\u00f3stica, rob\u00f3tica y soluciones digitales. La misi\u00f3n permite encuentros directos con [&hellip;]<\/p>\n","protected":false},"featured_media":7517,"template":"","meta":{"_acf_changed":false},"country":[948],"product_brand":[],"product_cat":[1007,1008,893],"product_tag":[924],"class_list":{"0":"post-6718","1":"product","2":"type-product","3":"status-publish","4":"has-post-thumbnail","6":"country-corea-del-sur","7":"product_cat-ciencias-de-la-salud-y-biotecnologia","8":"product_cat-dispositivos-medicos","9":"product_cat-misiones-comerciales","10":"product_tag-misiones-comerciales","12":"first","13":"instock","14":"virtual","15":"product-type-simple"},"acf":[],"_links":{"self":[{"href":"https:\/\/dcobys.com\/es\/wp-json\/wp\/v2\/product\/6718","targetHints":{"allow":["GET"]}}],"collection":[{"href":"https:\/\/dcobys.com\/es\/wp-json\/wp\/v2\/product"}],"about":[{"href":"https:\/\/dcobys.com\/es\/wp-json\/wp\/v2\/types\/product"}],"version-history":[{"count":0,"href":"https:\/\/dcobys.com\/es\/wp-json\/wp\/v2\/product\/6718\/revisions"}],"wp:featuredmedia":[{"embeddable":true,"href":"https:\/\/dcobys.com\/es\/wp-json\/wp\/v2\/media\/7517"}],"wp:attachment":[{"href":"https:\/\/dcobys.com\/es\/wp-json\/wp\/v2\/media?parent=6718"}],"wp:term":[{"taxonomy":"country","embeddable":true,"href":"https:\/\/dcobys.com\/es\/wp-json\/wp\/v2\/country?post=6718"},{"taxonomy":"product_brand","embeddable":true,"href":"https:\/\/dcobys.com\/es\/wp-json\/wp\/v2\/product_brand?post=6718"},{"taxonomy":"product_cat","embeddable":true,"href":"https:\/\/dcobys.com\/es\/wp-json\/wp\/v2\/product_cat?post=6718"},{"taxonomy":"product_tag","embeddable":true,"href":"https:\/\/dcobys.com\/es\/wp-json\/wp\/v2\/product_tag?post=6718"}],"curies":[{"name":"wp","href":"https:\/\/api.w.org\/{rel}","templated":true}]}}