{"id":6716,"date":"2025-12-15T13:02:13","date_gmt":"2025-12-15T18:02:13","guid":{"rendered":"https:\/\/dcobys.com\/services\/uncategorized\/medical-devices-japan-2\/"},"modified":"2026-01-30T21:36:02","modified_gmt":"2026-01-31T02:36:02","slug":"medical-devices-japan-2","status":"publish","type":"product","link":"https:\/\/dcobys.com\/es\/services\/misiones-comerciales\/ciencias-de-la-salud-y-biotecnologia\/dispositivos-medicos\/medical-devices-japan-2\/","title":{"rendered":"Dispositivos m\u00e9dicos &#8211; Jap\u00f3n"},"content":{"rendered":"<p>La Misi\u00f3n Comercial en Jap\u00f3n, destacada en Dispositivos M\u00e9dicos, abre oportunidades en un mercado altamente tecnificado, con gran enfoque en rob\u00f3tica m\u00e9dica, equipos hospitalarios y tecnolog\u00eda de precisi\u00f3n. Tokio concentra conglomerados industriales, hospitales l\u00edderes y universidades con fuerte inversi\u00f3n en I+D biom\u00e9dico. La misi\u00f3n permite reuniones con distribuidores, fabricantes e instituciones regulatorias. Asimismo, Jap\u00f3n es pionero en tecnolog\u00edas para el envejecimiento poblacional y soluciones m\u00e9dicas digitales. La delegaci\u00f3n puede evaluar oportunidades de exportaci\u00f3n, transferencia tecnol\u00f3gica y alianzas estrat\u00e9gicas.<br \/>\nFuentes: Medical Japan; Hospitalar Asia (regional).<\/p>\n","protected":false},"excerpt":{"rendered":"<p>La Misi\u00f3n Comercial en Jap\u00f3n, destacada en Dispositivos M\u00e9dicos, abre oportunidades en un mercado altamente tecnificado, con gran enfoque en rob\u00f3tica m\u00e9dica, equipos hospitalarios y tecnolog\u00eda de precisi\u00f3n. Tokio concentra conglomerados industriales, hospitales l\u00edderes y universidades con fuerte inversi\u00f3n en I+D biom\u00e9dico. La misi\u00f3n permite reuniones con distribuidores, fabricantes e instituciones regulatorias. Asimismo, Jap\u00f3n es [&hellip;]<\/p>\n","protected":false},"featured_media":7517,"template":"","meta":{"_acf_changed":false},"country":[939],"product_brand":[],"product_cat":[1007,1008,893],"product_tag":[924],"class_list":{"0":"post-6716","1":"product","2":"type-product","3":"status-publish","4":"has-post-thumbnail","6":"country-japon","7":"product_cat-ciencias-de-la-salud-y-biotecnologia","8":"product_cat-dispositivos-medicos","9":"product_cat-misiones-comerciales","10":"product_tag-misiones-comerciales","12":"first","13":"instock","14":"virtual","15":"product-type-simple"},"acf":[],"_links":{"self":[{"href":"https:\/\/dcobys.com\/es\/wp-json\/wp\/v2\/product\/6716","targetHints":{"allow":["GET"]}}],"collection":[{"href":"https:\/\/dcobys.com\/es\/wp-json\/wp\/v2\/product"}],"about":[{"href":"https:\/\/dcobys.com\/es\/wp-json\/wp\/v2\/types\/product"}],"version-history":[{"count":0,"href":"https:\/\/dcobys.com\/es\/wp-json\/wp\/v2\/product\/6716\/revisions"}],"wp:featuredmedia":[{"embeddable":true,"href":"https:\/\/dcobys.com\/es\/wp-json\/wp\/v2\/media\/7517"}],"wp:attachment":[{"href":"https:\/\/dcobys.com\/es\/wp-json\/wp\/v2\/media?parent=6716"}],"wp:term":[{"taxonomy":"country","embeddable":true,"href":"https:\/\/dcobys.com\/es\/wp-json\/wp\/v2\/country?post=6716"},{"taxonomy":"product_brand","embeddable":true,"href":"https:\/\/dcobys.com\/es\/wp-json\/wp\/v2\/product_brand?post=6716"},{"taxonomy":"product_cat","embeddable":true,"href":"https:\/\/dcobys.com\/es\/wp-json\/wp\/v2\/product_cat?post=6716"},{"taxonomy":"product_tag","embeddable":true,"href":"https:\/\/dcobys.com\/es\/wp-json\/wp\/v2\/product_tag?post=6716"}],"curies":[{"name":"wp","href":"https:\/\/api.w.org\/{rel}","templated":true}]}}