{"id":6714,"date":"2025-12-15T13:02:13","date_gmt":"2025-12-15T18:02:13","guid":{"rendered":"https:\/\/dcobys.com\/services\/uncategorized\/medical-devices-uk-2\/"},"modified":"2026-01-30T21:36:02","modified_gmt":"2026-01-31T02:36:02","slug":"medical-devices-uk-2","status":"publish","type":"product","link":"https:\/\/dcobys.com\/es\/services\/misiones-comerciales\/ciencias-de-la-salud-y-biotecnologia\/dispositivos-medicos\/medical-devices-uk-2\/","title":{"rendered":"Dispositivos m\u00e9dicos &#8211; Reino Unido"},"content":{"rendered":"<p>La Misi\u00f3n Comercial en Reino Unido, destacada en Dispositivos M\u00e9dicos, ofrece acceso a uno de los cl\u00fasteres cient\u00edficos m\u00e1s prestigiosos del mundo: Cambridge. All\u00ed se desarrollan tecnolog\u00edas m\u00e9dicas avanzadas, biomateriales, dispositivos implantables y soluciones digitales aplicadas a la salud. La misi\u00f3n incluye reuniones con empresas innovadoras, centros universitarios y aceleradoras especializadas. El ecosistema brit\u00e1nico favorece la investigaci\u00f3n colaborativa, el escalamiento tecnol\u00f3gico y la validaci\u00f3n cl\u00ednica temprana. Esta misi\u00f3n permite comprender la demanda europea, est\u00e1ndares regulatorios y oportunidades de asociaci\u00f3n estrat\u00e9gica.<br \/>\nFuentes: Med-Tech Innovation Expo (UK).<\/p>\n","protected":false},"excerpt":{"rendered":"<p>La Misi\u00f3n Comercial en Reino Unido, destacada en Dispositivos M\u00e9dicos, ofrece acceso a uno de los cl\u00fasteres cient\u00edficos m\u00e1s prestigiosos del mundo: Cambridge. All\u00ed se desarrollan tecnolog\u00edas m\u00e9dicas avanzadas, biomateriales, dispositivos implantables y soluciones digitales aplicadas a la salud. La misi\u00f3n incluye reuniones con empresas innovadoras, centros universitarios y aceleradoras especializadas. El ecosistema brit\u00e1nico favorece [&hellip;]<\/p>\n","protected":false},"featured_media":7517,"template":"","meta":{"_acf_changed":false},"country":[955],"product_brand":[],"product_cat":[1007,1008,893],"product_tag":[924],"class_list":{"0":"post-6714","1":"product","2":"type-product","3":"status-publish","4":"has-post-thumbnail","6":"country-reino-unido","7":"product_cat-ciencias-de-la-salud-y-biotecnologia","8":"product_cat-dispositivos-medicos","9":"product_cat-misiones-comerciales","10":"product_tag-misiones-comerciales","12":"first","13":"instock","14":"virtual","15":"product-type-simple"},"acf":[],"_links":{"self":[{"href":"https:\/\/dcobys.com\/es\/wp-json\/wp\/v2\/product\/6714","targetHints":{"allow":["GET"]}}],"collection":[{"href":"https:\/\/dcobys.com\/es\/wp-json\/wp\/v2\/product"}],"about":[{"href":"https:\/\/dcobys.com\/es\/wp-json\/wp\/v2\/types\/product"}],"version-history":[{"count":0,"href":"https:\/\/dcobys.com\/es\/wp-json\/wp\/v2\/product\/6714\/revisions"}],"wp:featuredmedia":[{"embeddable":true,"href":"https:\/\/dcobys.com\/es\/wp-json\/wp\/v2\/media\/7517"}],"wp:attachment":[{"href":"https:\/\/dcobys.com\/es\/wp-json\/wp\/v2\/media?parent=6714"}],"wp:term":[{"taxonomy":"country","embeddable":true,"href":"https:\/\/dcobys.com\/es\/wp-json\/wp\/v2\/country?post=6714"},{"taxonomy":"product_brand","embeddable":true,"href":"https:\/\/dcobys.com\/es\/wp-json\/wp\/v2\/product_brand?post=6714"},{"taxonomy":"product_cat","embeddable":true,"href":"https:\/\/dcobys.com\/es\/wp-json\/wp\/v2\/product_cat?post=6714"},{"taxonomy":"product_tag","embeddable":true,"href":"https:\/\/dcobys.com\/es\/wp-json\/wp\/v2\/product_tag?post=6714"}],"curies":[{"name":"wp","href":"https:\/\/api.w.org\/{rel}","templated":true}]}}