{"id":6712,"date":"2025-12-15T13:02:13","date_gmt":"2025-12-15T18:02:13","guid":{"rendered":"https:\/\/dcobys.com\/services\/uncategorized\/medical-devices-switzerland-2\/"},"modified":"2026-01-30T21:36:02","modified_gmt":"2026-01-31T02:36:02","slug":"medical-devices-switzerland-2","status":"publish","type":"product","link":"https:\/\/dcobys.com\/es\/services\/misiones-comerciales\/ciencias-de-la-salud-y-biotecnologia\/dispositivos-medicos\/medical-devices-switzerland-2\/","title":{"rendered":"Dispositivos m\u00e9dicos &#8211; Suiza"},"content":{"rendered":"<p>La Misi\u00f3n Comercial en Suiza, destacada en Dispositivos M\u00e9dicos, conecta a las empresas con un ecosistema altamente regulado y de excelencia en precisi\u00f3n, ingenier\u00eda y biotecnolog\u00eda. Z\u00farich y Basilea concentran corporaciones medtech, institutos cient\u00edficos y una comunidad activa de innovaci\u00f3n en dispositivos diagn\u00f3sticos y terap\u00e9uticos. La misi\u00f3n permite reunirse con asociaciones sectoriales, participar en encuentros especializados y analizar tendencias de digitalizaci\u00f3n cl\u00ednica. Asimismo, Suiza es referente europeo en certificaciones y est\u00e1ndares de calidad. Los participantes obtienen inteligencia competitiva, rutas de entrada y alianzas tecnol\u00f3gicas de alto nivel.<br \/>\nFuentes: Swiss Medtech Day; Medtech Basel\/Zurich events.<\/p>\n","protected":false},"excerpt":{"rendered":"<p>La Misi\u00f3n Comercial en Suiza, destacada en Dispositivos M\u00e9dicos, conecta a las empresas con un ecosistema altamente regulado y de excelencia en precisi\u00f3n, ingenier\u00eda y biotecnolog\u00eda. Z\u00farich y Basilea concentran corporaciones medtech, institutos cient\u00edficos y una comunidad activa de innovaci\u00f3n en dispositivos diagn\u00f3sticos y terap\u00e9uticos. La misi\u00f3n permite reunirse con asociaciones sectoriales, participar en encuentros [&hellip;]<\/p>\n","protected":false},"featured_media":7517,"template":"","meta":{"_acf_changed":false},"country":[950],"product_brand":[],"product_cat":[1007,1008,893],"product_tag":[924],"class_list":{"0":"post-6712","1":"product","2":"type-product","3":"status-publish","4":"has-post-thumbnail","6":"country-suiza","7":"product_cat-ciencias-de-la-salud-y-biotecnologia","8":"product_cat-dispositivos-medicos","9":"product_cat-misiones-comerciales","10":"product_tag-misiones-comerciales","12":"first","13":"instock","14":"virtual","15":"product-type-simple"},"acf":[],"_links":{"self":[{"href":"https:\/\/dcobys.com\/es\/wp-json\/wp\/v2\/product\/6712","targetHints":{"allow":["GET"]}}],"collection":[{"href":"https:\/\/dcobys.com\/es\/wp-json\/wp\/v2\/product"}],"about":[{"href":"https:\/\/dcobys.com\/es\/wp-json\/wp\/v2\/types\/product"}],"version-history":[{"count":0,"href":"https:\/\/dcobys.com\/es\/wp-json\/wp\/v2\/product\/6712\/revisions"}],"wp:featuredmedia":[{"embeddable":true,"href":"https:\/\/dcobys.com\/es\/wp-json\/wp\/v2\/media\/7517"}],"wp:attachment":[{"href":"https:\/\/dcobys.com\/es\/wp-json\/wp\/v2\/media?parent=6712"}],"wp:term":[{"taxonomy":"country","embeddable":true,"href":"https:\/\/dcobys.com\/es\/wp-json\/wp\/v2\/country?post=6712"},{"taxonomy":"product_brand","embeddable":true,"href":"https:\/\/dcobys.com\/es\/wp-json\/wp\/v2\/product_brand?post=6712"},{"taxonomy":"product_cat","embeddable":true,"href":"https:\/\/dcobys.com\/es\/wp-json\/wp\/v2\/product_cat?post=6712"},{"taxonomy":"product_tag","embeddable":true,"href":"https:\/\/dcobys.com\/es\/wp-json\/wp\/v2\/product_tag?post=6712"}],"curies":[{"name":"wp","href":"https:\/\/api.w.org\/{rel}","templated":true}]}}