{"id":6710,"date":"2025-12-15T13:02:13","date_gmt":"2025-12-15T18:02:13","guid":{"rendered":"https:\/\/dcobys.com\/services\/uncategorized\/medical-devices-germany-2\/"},"modified":"2026-01-30T21:36:02","modified_gmt":"2026-01-31T02:36:02","slug":"medical-devices-germany-2","status":"publish","type":"product","link":"https:\/\/dcobys.com\/es\/services\/misiones-comerciales\/ciencias-de-la-salud-y-biotecnologia\/dispositivos-medicos\/medical-devices-germany-2\/","title":{"rendered":"Dispositivos m\u00e9dicos &#8211; Alemania"},"content":{"rendered":"<p>La Misi\u00f3n Comercial en Alemania, destacada en Dispositivos M\u00e9dicos, facilita contacto directo con uno de los mercados m\u00e1s sofisticados en innovaci\u00f3n sanitaria y regulaci\u00f3n avanzada. Berl\u00edn es un hub para startups m\u00e9dicas, laboratorios, universidades y hospitales universitarios que lideran desarrollos en ingenier\u00eda biom\u00e9dica. La misi\u00f3n ofrece acceso a espacios de networking, zonas demostrativas y reuniones con proveedores europeos. Adem\u00e1s, Alemania concentra fuertes clusters de manufactura medtech y normativas exigentes que sirven de referencia global. La delegaci\u00f3n puede identificar socios, evaluar tecnolog\u00edas emergentes y explorar oportunidades de exportaci\u00f3n o codesarrollo.<br \/>\nFuentes: MEDICA D\u00fcsseldorf; Medtech regional meetups Alemania.<\/p>\n","protected":false},"excerpt":{"rendered":"<p>La Misi\u00f3n Comercial en Alemania, destacada en Dispositivos M\u00e9dicos, facilita contacto directo con uno de los mercados m\u00e1s sofisticados en innovaci\u00f3n sanitaria y regulaci\u00f3n avanzada. Berl\u00edn es un hub para startups m\u00e9dicas, laboratorios, universidades y hospitales universitarios que lideran desarrollos en ingenier\u00eda biom\u00e9dica. La misi\u00f3n ofrece acceso a espacios de networking, zonas demostrativas y reuniones [&hellip;]<\/p>\n","protected":false},"featured_media":7517,"template":"","meta":{"_acf_changed":false},"country":[934],"product_brand":[],"product_cat":[1007,1008,893],"product_tag":[924],"class_list":{"0":"post-6710","1":"product","2":"type-product","3":"status-publish","4":"has-post-thumbnail","6":"country-alemania","7":"product_cat-ciencias-de-la-salud-y-biotecnologia","8":"product_cat-dispositivos-medicos","9":"product_cat-misiones-comerciales","10":"product_tag-misiones-comerciales","12":"first","13":"instock","14":"virtual","15":"product-type-simple"},"acf":[],"_links":{"self":[{"href":"https:\/\/dcobys.com\/es\/wp-json\/wp\/v2\/product\/6710","targetHints":{"allow":["GET"]}}],"collection":[{"href":"https:\/\/dcobys.com\/es\/wp-json\/wp\/v2\/product"}],"about":[{"href":"https:\/\/dcobys.com\/es\/wp-json\/wp\/v2\/types\/product"}],"version-history":[{"count":0,"href":"https:\/\/dcobys.com\/es\/wp-json\/wp\/v2\/product\/6710\/revisions"}],"wp:featuredmedia":[{"embeddable":true,"href":"https:\/\/dcobys.com\/es\/wp-json\/wp\/v2\/media\/7517"}],"wp:attachment":[{"href":"https:\/\/dcobys.com\/es\/wp-json\/wp\/v2\/media?parent=6710"}],"wp:term":[{"taxonomy":"country","embeddable":true,"href":"https:\/\/dcobys.com\/es\/wp-json\/wp\/v2\/country?post=6710"},{"taxonomy":"product_brand","embeddable":true,"href":"https:\/\/dcobys.com\/es\/wp-json\/wp\/v2\/product_brand?post=6710"},{"taxonomy":"product_cat","embeddable":true,"href":"https:\/\/dcobys.com\/es\/wp-json\/wp\/v2\/product_cat?post=6710"},{"taxonomy":"product_tag","embeddable":true,"href":"https:\/\/dcobys.com\/es\/wp-json\/wp\/v2\/product_tag?post=6710"}],"curies":[{"name":"wp","href":"https:\/\/api.w.org\/{rel}","templated":true}]}}