{"id":6708,"date":"2025-12-15T13:02:13","date_gmt":"2025-12-15T18:02:13","guid":{"rendered":"https:\/\/dcobys.com\/services\/uncategorized\/medical-devices-usa-2\/"},"modified":"2026-01-30T21:36:01","modified_gmt":"2026-01-31T02:36:01","slug":"medical-devices-usa-2","status":"publish","type":"product","link":"https:\/\/dcobys.com\/es\/services\/misiones-comerciales\/ciencias-de-la-salud-y-biotecnologia\/dispositivos-medicos\/medical-devices-usa-2\/","title":{"rendered":"Dispositivos m\u00e9dicos &#8211; EE. UU."},"content":{"rendered":"<p>La Misi\u00f3n Comercial en EE. UU., destacada en Dispositivos M\u00e9dicos, permite a las empresas explorar uno de los ecosistemas m\u00e1s avanzados en innovaci\u00f3n cl\u00ednica, manufactura especializada y desarrollo de tecnolog\u00edas m\u00e9dicas. Minneapolis, n\u00facleo global del medtech, ofrece acceso directo a fabricantes, hospitales l\u00edderes y centros de dise\u00f1o biom\u00e9dico. Las actividades de la misi\u00f3n incluyen conexiones con asociaciones industriales, recorridos t\u00e9cnicos y reuniones con actores clave del sector. Adem\u00e1s, el estado de Minnesota concentra cl\u00fasteres de ingenier\u00eda m\u00e9dica con fuerte inversi\u00f3n en I+D. Los participantes pueden evaluar oportunidades comerciales, alianzas tecnol\u00f3gicas y tendencias regulatorias estadounidenses. La misi\u00f3n fortalece la entrada al mercado medtech m\u00e1s grande del mundo con informaci\u00f3n estrat\u00e9gica y contactos verificados.<br \/>\nFuentes: Medica D\u00fcsseldorf (edici\u00f3n global); MD&#038;M West; AdvaMed conferences.<\/p>\n","protected":false},"excerpt":{"rendered":"<p>La Misi\u00f3n Comercial en EE. UU., destacada en Dispositivos M\u00e9dicos, permite a las empresas explorar uno de los ecosistemas m\u00e1s avanzados en innovaci\u00f3n cl\u00ednica, manufactura especializada y desarrollo de tecnolog\u00edas m\u00e9dicas. Minneapolis, n\u00facleo global del medtech, ofrece acceso directo a fabricantes, hospitales l\u00edderes y centros de dise\u00f1o biom\u00e9dico. Las actividades de la misi\u00f3n incluyen conexiones [&hellip;]<\/p>\n","protected":false},"featured_media":7517,"template":"","meta":{"_acf_changed":false},"country":[954],"product_brand":[],"product_cat":[1007,1008,893],"product_tag":[924],"class_list":{"0":"post-6708","1":"product","2":"type-product","3":"status-publish","4":"has-post-thumbnail","6":"country-ee-uu","7":"product_cat-ciencias-de-la-salud-y-biotecnologia","8":"product_cat-dispositivos-medicos","9":"product_cat-misiones-comerciales","10":"product_tag-misiones-comerciales","12":"first","13":"instock","14":"virtual","15":"product-type-simple"},"acf":[],"_links":{"self":[{"href":"https:\/\/dcobys.com\/es\/wp-json\/wp\/v2\/product\/6708","targetHints":{"allow":["GET"]}}],"collection":[{"href":"https:\/\/dcobys.com\/es\/wp-json\/wp\/v2\/product"}],"about":[{"href":"https:\/\/dcobys.com\/es\/wp-json\/wp\/v2\/types\/product"}],"version-history":[{"count":0,"href":"https:\/\/dcobys.com\/es\/wp-json\/wp\/v2\/product\/6708\/revisions"}],"wp:featuredmedia":[{"embeddable":true,"href":"https:\/\/dcobys.com\/es\/wp-json\/wp\/v2\/media\/7517"}],"wp:attachment":[{"href":"https:\/\/dcobys.com\/es\/wp-json\/wp\/v2\/media?parent=6708"}],"wp:term":[{"taxonomy":"country","embeddable":true,"href":"https:\/\/dcobys.com\/es\/wp-json\/wp\/v2\/country?post=6708"},{"taxonomy":"product_brand","embeddable":true,"href":"https:\/\/dcobys.com\/es\/wp-json\/wp\/v2\/product_brand?post=6708"},{"taxonomy":"product_cat","embeddable":true,"href":"https:\/\/dcobys.com\/es\/wp-json\/wp\/v2\/product_cat?post=6708"},{"taxonomy":"product_tag","embeddable":true,"href":"https:\/\/dcobys.com\/es\/wp-json\/wp\/v2\/product_tag?post=6708"}],"curies":[{"name":"wp","href":"https:\/\/api.w.org\/{rel}","templated":true}]}}