{"id":6706,"date":"2025-12-15T13:02:13","date_gmt":"2025-12-15T18:02:13","guid":{"rendered":"https:\/\/dcobys.com\/services\/uncategorized\/energy-efficiency-e-gt-mexico-2\/"},"modified":"2026-01-30T21:36:01","modified_gmt":"2026-01-31T02:36:01","slug":"energy-efficiency-e-gt-mexico-2","status":"publish","type":"product","link":"https:\/\/dcobys.com\/es\/services\/misiones-comerciales\/energia-y-transicion-verde\/eficiencia-energetica-e-gt\/energy-efficiency-e-gt-mexico-2\/","title":{"rendered":"Eficiencia energ\u00e9tica &#8211; M\u00e9xico"},"content":{"rendered":"<p>La Misi\u00f3n Comercial en M\u00e9xico destacada en Eficiencia energ\u00e9tica ofrece acceso a un mercado en expansi\u00f3n con fuerte demanda de soluciones para optimizar consumo industrial, mejorar climatizaci\u00f3n, modernizar infraestructura y reducir costos operativos. Quer\u00e9taro se ha consolidado como un hub manufacturero y tecnol\u00f3gico donde la eficiencia energ\u00e9tica es clave para la competitividad. La agenda incluye di\u00e1logo con proveedores, recorridos t\u00e9cnicos, talleres con especialistas y comprensi\u00f3n del marco regulatorio mexicano. Esta misi\u00f3n permite identificar oportunidades de negocio en sectores como manufactura, construcci\u00f3n y energ\u00eda. Fuentes: Expo Energ\u00eda; ENERGETAB\/ENERPr\u00f3.<\/p>\n","protected":false},"excerpt":{"rendered":"<p>La Misi\u00f3n Comercial en M\u00e9xico destacada en Eficiencia energ\u00e9tica ofrece acceso a un mercado en expansi\u00f3n con fuerte demanda de soluciones para optimizar consumo industrial, mejorar climatizaci\u00f3n, modernizar infraestructura y reducir costos operativos. Quer\u00e9taro se ha consolidado como un hub manufacturero y tecnol\u00f3gico donde la eficiencia energ\u00e9tica es clave para la competitividad. La agenda incluye [&hellip;]<\/p>\n","protected":false},"featured_media":8732,"template":"","meta":{"_acf_changed":false},"country":[941],"product_brand":[],"product_cat":[987,983,893],"product_tag":[924],"class_list":{"0":"post-6706","1":"product","2":"type-product","3":"status-publish","4":"has-post-thumbnail","6":"country-mexico","7":"product_cat-eficiencia-energetica-e-gt","8":"product_cat-energia-y-transicion-verde","9":"product_cat-misiones-comerciales","10":"product_tag-misiones-comerciales","12":"first","13":"instock","14":"virtual","15":"product-type-simple"},"acf":[],"_links":{"self":[{"href":"https:\/\/dcobys.com\/es\/wp-json\/wp\/v2\/product\/6706","targetHints":{"allow":["GET"]}}],"collection":[{"href":"https:\/\/dcobys.com\/es\/wp-json\/wp\/v2\/product"}],"about":[{"href":"https:\/\/dcobys.com\/es\/wp-json\/wp\/v2\/types\/product"}],"version-history":[{"count":0,"href":"https:\/\/dcobys.com\/es\/wp-json\/wp\/v2\/product\/6706\/revisions"}],"wp:featuredmedia":[{"embeddable":true,"href":"https:\/\/dcobys.com\/es\/wp-json\/wp\/v2\/media\/8732"}],"wp:attachment":[{"href":"https:\/\/dcobys.com\/es\/wp-json\/wp\/v2\/media?parent=6706"}],"wp:term":[{"taxonomy":"country","embeddable":true,"href":"https:\/\/dcobys.com\/es\/wp-json\/wp\/v2\/country?post=6706"},{"taxonomy":"product_brand","embeddable":true,"href":"https:\/\/dcobys.com\/es\/wp-json\/wp\/v2\/product_brand?post=6706"},{"taxonomy":"product_cat","embeddable":true,"href":"https:\/\/dcobys.com\/es\/wp-json\/wp\/v2\/product_cat?post=6706"},{"taxonomy":"product_tag","embeddable":true,"href":"https:\/\/dcobys.com\/es\/wp-json\/wp\/v2\/product_tag?post=6706"}],"curies":[{"name":"wp","href":"https:\/\/api.w.org\/{rel}","templated":true}]}}