{"id":6704,"date":"2025-12-15T13:02:13","date_gmt":"2025-12-15T18:02:13","guid":{"rendered":"https:\/\/dcobys.com\/services\/uncategorized\/energy-efficiency-e-gt-colombia-2\/"},"modified":"2026-01-30T21:36:01","modified_gmt":"2026-01-31T02:36:01","slug":"energy-efficiency-e-gt-colombia-2","status":"publish","type":"product","link":"https:\/\/dcobys.com\/es\/services\/misiones-comerciales\/energia-y-transicion-verde\/eficiencia-energetica-e-gt\/energy-efficiency-e-gt-colombia-2\/","title":{"rendered":"Eficiencia energ\u00e9tica &#8211; Colombia"},"content":{"rendered":"<p>La Misi\u00f3n Comercial en Colombia destacada en Eficiencia energ\u00e9tica permite comprender el crecimiento del mercado regional en tecnolog\u00edas para reducci\u00f3n de consumo energ\u00e9tico, iluminaci\u00f3n eficiente, optimizaci\u00f3n de procesos y gesti\u00f3n t\u00e9rmica. Cali es un punto estrat\u00e9gico para conocer iniciativas p\u00fablicas y privadas orientadas a modernizar la infraestructura energ\u00e9tica y promover edificaciones sostenibles. La agenda facilita reuniones con proveedores, entidades de pol\u00edtica energ\u00e9tica y actores industriales que implementan estrategias de transici\u00f3n energ\u00e9tica. Es una oportunidad para identificar oportunidades comerciales y entender la din\u00e1mica del mercado latinoamericano. Fuentes: Regional Energy Efficiency Conferences (Cali).<\/p>\n","protected":false},"excerpt":{"rendered":"<p>La Misi\u00f3n Comercial en Colombia destacada en Eficiencia energ\u00e9tica permite comprender el crecimiento del mercado regional en tecnolog\u00edas para reducci\u00f3n de consumo energ\u00e9tico, iluminaci\u00f3n eficiente, optimizaci\u00f3n de procesos y gesti\u00f3n t\u00e9rmica. Cali es un punto estrat\u00e9gico para conocer iniciativas p\u00fablicas y privadas orientadas a modernizar la infraestructura energ\u00e9tica y promover edificaciones sostenibles. La agenda facilita [&hellip;]<\/p>\n","protected":false},"featured_media":8744,"template":"","meta":{"_acf_changed":false},"country":[929],"product_brand":[],"product_cat":[987,983,893],"product_tag":[924],"class_list":{"0":"post-6704","1":"product","2":"type-product","3":"status-publish","4":"has-post-thumbnail","6":"country-colombia","7":"product_cat-eficiencia-energetica-e-gt","8":"product_cat-energia-y-transicion-verde","9":"product_cat-misiones-comerciales","10":"product_tag-misiones-comerciales","12":"first","13":"instock","14":"virtual","15":"product-type-simple"},"acf":[],"_links":{"self":[{"href":"https:\/\/dcobys.com\/es\/wp-json\/wp\/v2\/product\/6704","targetHints":{"allow":["GET"]}}],"collection":[{"href":"https:\/\/dcobys.com\/es\/wp-json\/wp\/v2\/product"}],"about":[{"href":"https:\/\/dcobys.com\/es\/wp-json\/wp\/v2\/types\/product"}],"version-history":[{"count":0,"href":"https:\/\/dcobys.com\/es\/wp-json\/wp\/v2\/product\/6704\/revisions"}],"wp:featuredmedia":[{"embeddable":true,"href":"https:\/\/dcobys.com\/es\/wp-json\/wp\/v2\/media\/8744"}],"wp:attachment":[{"href":"https:\/\/dcobys.com\/es\/wp-json\/wp\/v2\/media?parent=6704"}],"wp:term":[{"taxonomy":"country","embeddable":true,"href":"https:\/\/dcobys.com\/es\/wp-json\/wp\/v2\/country?post=6704"},{"taxonomy":"product_brand","embeddable":true,"href":"https:\/\/dcobys.com\/es\/wp-json\/wp\/v2\/product_brand?post=6704"},{"taxonomy":"product_cat","embeddable":true,"href":"https:\/\/dcobys.com\/es\/wp-json\/wp\/v2\/product_cat?post=6704"},{"taxonomy":"product_tag","embeddable":true,"href":"https:\/\/dcobys.com\/es\/wp-json\/wp\/v2\/product_tag?post=6704"}],"curies":[{"name":"wp","href":"https:\/\/api.w.org\/{rel}","templated":true}]}}