{"id":6700,"date":"2025-12-15T13:02:13","date_gmt":"2025-12-15T18:02:13","guid":{"rendered":"https:\/\/dcobys.com\/services\/uncategorized\/energy-efficiency-e-gt-usa-2\/"},"modified":"2026-01-30T21:36:01","modified_gmt":"2026-01-31T02:36:01","slug":"energy-efficiency-e-gt-usa-2","status":"publish","type":"product","link":"https:\/\/dcobys.com\/es\/services\/misiones-comerciales\/energia-y-transicion-verde\/eficiencia-energetica-e-gt\/energy-efficiency-e-gt-usa-2\/","title":{"rendered":"Eficiencia energ\u00e9tica &#8211; EE. UU."},"content":{"rendered":"<p>La Misi\u00f3n Comercial en Estados Unidos destacada en Eficiencia energ\u00e9tica ofrece a las empresas acceso a un mercado l\u00edder en construcci\u00f3n sostenible, certificaciones ambientales y tecnolog\u00edas HVAC de \u00faltima generaci\u00f3n. Boston es reconocido por su ecosistema de innovaci\u00f3n, universidades y actores clave en edificios verdes y est\u00e1ndares energ\u00e9ticos. La agenda permite conocer soluciones para optimizar el consumo en edificaciones, climatizaci\u00f3n avanzada, gesti\u00f3n energ\u00e9tica digital y tecnolog\u00edas aplicadas a infraestructura urbana. Adem\u00e1s, se abren oportunidades de networking con firmas de ingenier\u00eda, consultoras y organismos de certificaci\u00f3n. Es una misi\u00f3n ideal para quienes buscan integrar eficiencia con sostenibilidad. Fuentes: Greenbuild; AHR Expo (energy efficiency tracks).<\/p>\n","protected":false},"excerpt":{"rendered":"<p>La Misi\u00f3n Comercial en Estados Unidos destacada en Eficiencia energ\u00e9tica ofrece a las empresas acceso a un mercado l\u00edder en construcci\u00f3n sostenible, certificaciones ambientales y tecnolog\u00edas HVAC de \u00faltima generaci\u00f3n. Boston es reconocido por su ecosistema de innovaci\u00f3n, universidades y actores clave en edificios verdes y est\u00e1ndares energ\u00e9ticos. La agenda permite conocer soluciones para optimizar [&hellip;]<\/p>\n","protected":false},"featured_media":8738,"template":"","meta":{"_acf_changed":false},"country":[954],"product_brand":[],"product_cat":[987,983,893],"product_tag":[924],"class_list":{"0":"post-6700","1":"product","2":"type-product","3":"status-publish","4":"has-post-thumbnail","6":"country-ee-uu","7":"product_cat-eficiencia-energetica-e-gt","8":"product_cat-energia-y-transicion-verde","9":"product_cat-misiones-comerciales","10":"product_tag-misiones-comerciales","12":"first","13":"instock","14":"virtual","15":"product-type-simple"},"acf":[],"_links":{"self":[{"href":"https:\/\/dcobys.com\/es\/wp-json\/wp\/v2\/product\/6700","targetHints":{"allow":["GET"]}}],"collection":[{"href":"https:\/\/dcobys.com\/es\/wp-json\/wp\/v2\/product"}],"about":[{"href":"https:\/\/dcobys.com\/es\/wp-json\/wp\/v2\/types\/product"}],"version-history":[{"count":0,"href":"https:\/\/dcobys.com\/es\/wp-json\/wp\/v2\/product\/6700\/revisions"}],"wp:featuredmedia":[{"embeddable":true,"href":"https:\/\/dcobys.com\/es\/wp-json\/wp\/v2\/media\/8738"}],"wp:attachment":[{"href":"https:\/\/dcobys.com\/es\/wp-json\/wp\/v2\/media?parent=6700"}],"wp:term":[{"taxonomy":"country","embeddable":true,"href":"https:\/\/dcobys.com\/es\/wp-json\/wp\/v2\/country?post=6700"},{"taxonomy":"product_brand","embeddable":true,"href":"https:\/\/dcobys.com\/es\/wp-json\/wp\/v2\/product_brand?post=6700"},{"taxonomy":"product_cat","embeddable":true,"href":"https:\/\/dcobys.com\/es\/wp-json\/wp\/v2\/product_cat?post=6700"},{"taxonomy":"product_tag","embeddable":true,"href":"https:\/\/dcobys.com\/es\/wp-json\/wp\/v2\/product_tag?post=6700"}],"curies":[{"name":"wp","href":"https:\/\/api.w.org\/{rel}","templated":true}]}}