{"id":6696,"date":"2025-12-15T13:02:13","date_gmt":"2025-12-15T18:02:13","guid":{"rendered":"https:\/\/dcobys.com\/services\/uncategorized\/energy-efficiency-e-gt-norway-2\/"},"modified":"2026-01-30T21:36:01","modified_gmt":"2026-01-31T02:36:01","slug":"energy-efficiency-e-gt-norway-2","status":"publish","type":"product","link":"https:\/\/dcobys.com\/es\/services\/misiones-comerciales\/energia-y-transicion-verde\/eficiencia-energetica-e-gt\/energy-efficiency-e-gt-norway-2\/","title":{"rendered":"Eficiencia energ\u00e9tica &#8211; Noruega"},"content":{"rendered":"<p>La Misi\u00f3n Comercial en Noruega destacada en Eficiencia energ\u00e9tica brinda acceso a uno de los pa\u00edses m\u00e1s avanzados en gesti\u00f3n energ\u00e9tica, climatizaci\u00f3n sostenible y reducci\u00f3n de emisiones en entornos urbanos. Trondheim es un polo de investigaci\u00f3n y desarrollo especializado en tecnolog\u00edas limpias, donde universidades, centros de innovaci\u00f3n y empresas colaboran para acelerar la eficiencia en edificios, transporte y procesos industriales. La agenda propone visitas t\u00e9cnicas, reuniones con desarrolladores de soluciones energ\u00e9ticas n\u00f3rdicas y espacios de an\u00e1lisis sobre pol\u00edticas p\u00fablicas de eficiencia. El enfoque incluye digitalizaci\u00f3n, monitoreo energ\u00e9tico y sistemas de calefacci\u00f3n distrital. Esta misi\u00f3n es ideal para empresas que buscan modelos escalables y est\u00e1ndares de referencia. Fuentes: Nordic Energy Efficiency Conferences; eventos t\u00e9cnicos del sector en Trondheim.<\/p>\n","protected":false},"excerpt":{"rendered":"<p>La Misi\u00f3n Comercial en Noruega destacada en Eficiencia energ\u00e9tica brinda acceso a uno de los pa\u00edses m\u00e1s avanzados en gesti\u00f3n energ\u00e9tica, climatizaci\u00f3n sostenible y reducci\u00f3n de emisiones en entornos urbanos. Trondheim es un polo de investigaci\u00f3n y desarrollo especializado en tecnolog\u00edas limpias, donde universidades, centros de innovaci\u00f3n y empresas colaboran para acelerar la eficiencia en [&hellip;]<\/p>\n","protected":false},"featured_media":8736,"template":"","meta":{"_acf_changed":false},"country":[943],"product_brand":[],"product_cat":[987,983,893],"product_tag":[924],"class_list":{"0":"post-6696","1":"product","2":"type-product","3":"status-publish","4":"has-post-thumbnail","6":"country-noruega","7":"product_cat-eficiencia-energetica-e-gt","8":"product_cat-energia-y-transicion-verde","9":"product_cat-misiones-comerciales","10":"product_tag-misiones-comerciales","12":"first","13":"instock","14":"virtual","15":"product-type-simple"},"acf":[],"_links":{"self":[{"href":"https:\/\/dcobys.com\/es\/wp-json\/wp\/v2\/product\/6696","targetHints":{"allow":["GET"]}}],"collection":[{"href":"https:\/\/dcobys.com\/es\/wp-json\/wp\/v2\/product"}],"about":[{"href":"https:\/\/dcobys.com\/es\/wp-json\/wp\/v2\/types\/product"}],"version-history":[{"count":0,"href":"https:\/\/dcobys.com\/es\/wp-json\/wp\/v2\/product\/6696\/revisions"}],"wp:featuredmedia":[{"embeddable":true,"href":"https:\/\/dcobys.com\/es\/wp-json\/wp\/v2\/media\/8736"}],"wp:attachment":[{"href":"https:\/\/dcobys.com\/es\/wp-json\/wp\/v2\/media?parent=6696"}],"wp:term":[{"taxonomy":"country","embeddable":true,"href":"https:\/\/dcobys.com\/es\/wp-json\/wp\/v2\/country?post=6696"},{"taxonomy":"product_brand","embeddable":true,"href":"https:\/\/dcobys.com\/es\/wp-json\/wp\/v2\/product_brand?post=6696"},{"taxonomy":"product_cat","embeddable":true,"href":"https:\/\/dcobys.com\/es\/wp-json\/wp\/v2\/product_cat?post=6696"},{"taxonomy":"product_tag","embeddable":true,"href":"https:\/\/dcobys.com\/es\/wp-json\/wp\/v2\/product_tag?post=6696"}],"curies":[{"name":"wp","href":"https:\/\/api.w.org\/{rel}","templated":true}]}}