{"id":6694,"date":"2025-12-15T13:02:13","date_gmt":"2025-12-15T18:02:13","guid":{"rendered":"https:\/\/dcobys.com\/services\/uncategorized\/energy-efficiency-e-gt-germany-2\/"},"modified":"2026-01-30T21:36:01","modified_gmt":"2026-01-31T02:36:01","slug":"energy-efficiency-e-gt-germany-2","status":"publish","type":"product","link":"https:\/\/dcobys.com\/es\/services\/misiones-comerciales\/energia-y-transicion-verde\/eficiencia-energetica-e-gt\/energy-efficiency-e-gt-germany-2\/","title":{"rendered":"Eficiencia energ\u00e9tica &#8211; Alemania"},"content":{"rendered":"<p>La Misi\u00f3n Comercial en Alemania destacada en Eficiencia energ\u00e9tica permite a las empresas explorar uno de los ecosistemas m\u00e1s avanzados del mundo en tecnolog\u00edas de gesti\u00f3n eficiente de edificios, sistemas HVAC inteligentes e integraci\u00f3n con energ\u00eda renovable. La ciudad de Fr\u00e1ncfort constituye un centro clave por su concentraci\u00f3n de ingenier\u00eda, innovaci\u00f3n aplicada y normas t\u00e9cnicas l\u00edderes en la Uni\u00f3n Europea. Durante la agenda, las empresas pueden conocer soluciones para edificios inteligentes, automatizaci\u00f3n, ventilaci\u00f3n sostenible y optimizaci\u00f3n del consumo energ\u00e9tico industrial. Tambi\u00e9n se facilita el acercamiento a proveedores, clusters y entidades que impulsan la transici\u00f3n energ\u00e9tica alemana. Esta misi\u00f3n permite comparar est\u00e1ndares europeos, detectar oportunidades y generar alianzas tecnol\u00f3gicas. Fuentes: Light + Building; Intersolar Europe; ISH Energy.<\/p>\n","protected":false},"excerpt":{"rendered":"<p>La Misi\u00f3n Comercial en Alemania destacada en Eficiencia energ\u00e9tica permite a las empresas explorar uno de los ecosistemas m\u00e1s avanzados del mundo en tecnolog\u00edas de gesti\u00f3n eficiente de edificios, sistemas HVAC inteligentes e integraci\u00f3n con energ\u00eda renovable. La ciudad de Fr\u00e1ncfort constituye un centro clave por su concentraci\u00f3n de ingenier\u00eda, innovaci\u00f3n aplicada y normas t\u00e9cnicas [&hellip;]<\/p>\n","protected":false},"featured_media":8734,"template":"","meta":{"_acf_changed":false},"country":[934],"product_brand":[],"product_cat":[987,983,893],"product_tag":[924],"class_list":{"0":"post-6694","1":"product","2":"type-product","3":"status-publish","4":"has-post-thumbnail","6":"country-alemania","7":"product_cat-eficiencia-energetica-e-gt","8":"product_cat-energia-y-transicion-verde","9":"product_cat-misiones-comerciales","10":"product_tag-misiones-comerciales","12":"first","13":"instock","14":"virtual","15":"product-type-simple"},"acf":[],"_links":{"self":[{"href":"https:\/\/dcobys.com\/es\/wp-json\/wp\/v2\/product\/6694","targetHints":{"allow":["GET"]}}],"collection":[{"href":"https:\/\/dcobys.com\/es\/wp-json\/wp\/v2\/product"}],"about":[{"href":"https:\/\/dcobys.com\/es\/wp-json\/wp\/v2\/types\/product"}],"version-history":[{"count":0,"href":"https:\/\/dcobys.com\/es\/wp-json\/wp\/v2\/product\/6694\/revisions"}],"wp:featuredmedia":[{"embeddable":true,"href":"https:\/\/dcobys.com\/es\/wp-json\/wp\/v2\/media\/8734"}],"wp:attachment":[{"href":"https:\/\/dcobys.com\/es\/wp-json\/wp\/v2\/media?parent=6694"}],"wp:term":[{"taxonomy":"country","embeddable":true,"href":"https:\/\/dcobys.com\/es\/wp-json\/wp\/v2\/country?post=6694"},{"taxonomy":"product_brand","embeddable":true,"href":"https:\/\/dcobys.com\/es\/wp-json\/wp\/v2\/product_brand?post=6694"},{"taxonomy":"product_cat","embeddable":true,"href":"https:\/\/dcobys.com\/es\/wp-json\/wp\/v2\/product_cat?post=6694"},{"taxonomy":"product_tag","embeddable":true,"href":"https:\/\/dcobys.com\/es\/wp-json\/wp\/v2\/product_tag?post=6694"}],"curies":[{"name":"wp","href":"https:\/\/api.w.org\/{rel}","templated":true}]}}