{"id":6692,"date":"2025-12-15T13:02:13","date_gmt":"2025-12-15T18:02:13","guid":{"rendered":"https:\/\/dcobys.com\/services\/uncategorized\/green-hydrogen-mexico-2\/"},"modified":"2026-01-30T21:36:01","modified_gmt":"2026-01-31T02:36:01","slug":"green-hydrogen-mexico-2","status":"publish","type":"product","link":"https:\/\/dcobys.com\/es\/services\/misiones-comerciales\/energia-y-transicion-verde\/hidrogeno-verde\/green-hydrogen-mexico-2\/","title":{"rendered":"Hidr\u00f3geno verde &#8211; M\u00e9xico"},"content":{"rendered":"<p>La Misi\u00f3n Comercial en M\u00e9xico destacada en hidr\u00f3geno verde brinda una visi\u00f3n clara del avance de proyectos regionales impulsados por manufactura, movilidad y pol\u00edticas energ\u00e9ticas fronterizas. Tijuana y Baja California se posicionan como zonas estrat\u00e9gicas por su cercan\u00eda a EE. UU. y su capacidad industrial para integrar tecnolog\u00edas limpias. La misi\u00f3n incluye sesiones con instituciones, empresas y clusters que trabajan en energ\u00edas renovables, electr\u00f3lisis, movilidad de carga y reconversi\u00f3n industrial. Tambi\u00e9n se abordan incentivos, necesidades de infraestructura y oportunidades binacionales. Fuentes: Regional Hydrogen &#038; Energy Transition Seminars M\u00e9xico; Baja Energy Cluster; H2 Technical Forums.<\/p>\n","protected":false},"excerpt":{"rendered":"<p>La Misi\u00f3n Comercial en M\u00e9xico destacada en hidr\u00f3geno verde brinda una visi\u00f3n clara del avance de proyectos regionales impulsados por manufactura, movilidad y pol\u00edticas energ\u00e9ticas fronterizas. Tijuana y Baja California se posicionan como zonas estrat\u00e9gicas por su cercan\u00eda a EE. UU. y su capacidad industrial para integrar tecnolog\u00edas limpias. La misi\u00f3n incluye sesiones con instituciones, [&hellip;]<\/p>\n","protected":false},"featured_media":8711,"template":"","meta":{"_acf_changed":false},"country":[941],"product_brand":[],"product_cat":[983,986,893],"product_tag":[924],"class_list":{"0":"post-6692","1":"product","2":"type-product","3":"status-publish","4":"has-post-thumbnail","6":"country-mexico","7":"product_cat-energia-y-transicion-verde","8":"product_cat-hidrogeno-verde","9":"product_cat-misiones-comerciales","10":"product_tag-misiones-comerciales","12":"first","13":"instock","14":"virtual","15":"product-type-simple"},"acf":[],"_links":{"self":[{"href":"https:\/\/dcobys.com\/es\/wp-json\/wp\/v2\/product\/6692","targetHints":{"allow":["GET"]}}],"collection":[{"href":"https:\/\/dcobys.com\/es\/wp-json\/wp\/v2\/product"}],"about":[{"href":"https:\/\/dcobys.com\/es\/wp-json\/wp\/v2\/types\/product"}],"version-history":[{"count":0,"href":"https:\/\/dcobys.com\/es\/wp-json\/wp\/v2\/product\/6692\/revisions"}],"wp:featuredmedia":[{"embeddable":true,"href":"https:\/\/dcobys.com\/es\/wp-json\/wp\/v2\/media\/8711"}],"wp:attachment":[{"href":"https:\/\/dcobys.com\/es\/wp-json\/wp\/v2\/media?parent=6692"}],"wp:term":[{"taxonomy":"country","embeddable":true,"href":"https:\/\/dcobys.com\/es\/wp-json\/wp\/v2\/country?post=6692"},{"taxonomy":"product_brand","embeddable":true,"href":"https:\/\/dcobys.com\/es\/wp-json\/wp\/v2\/product_brand?post=6692"},{"taxonomy":"product_cat","embeddable":true,"href":"https:\/\/dcobys.com\/es\/wp-json\/wp\/v2\/product_cat?post=6692"},{"taxonomy":"product_tag","embeddable":true,"href":"https:\/\/dcobys.com\/es\/wp-json\/wp\/v2\/product_tag?post=6692"}],"curies":[{"name":"wp","href":"https:\/\/api.w.org\/{rel}","templated":true}]}}