{"id":6690,"date":"2025-12-15T13:02:13","date_gmt":"2025-12-15T18:02:13","guid":{"rendered":"https:\/\/dcobys.com\/services\/uncategorized\/green-hydrogen-colombia-2\/"},"modified":"2026-01-30T21:36:01","modified_gmt":"2026-01-31T02:36:01","slug":"green-hydrogen-colombia-2","status":"publish","type":"product","link":"https:\/\/dcobys.com\/es\/services\/misiones-comerciales\/energia-y-transicion-verde\/hidrogeno-verde\/green-hydrogen-colombia-2\/","title":{"rendered":"Hidr\u00f3geno verde &#8211; Colombia"},"content":{"rendered":"<p>La Misi\u00f3n Comercial en Colombia destacada en hidr\u00f3geno verde facilita el acercamiento a un mercado emergente con pol\u00edticas activas para impulsar H2 en industria, transporte y puertos. Cartagena, con su plataforma log\u00edstica y petroqu\u00edmica, impulsa pilotos que integran energ\u00edas renovables con producci\u00f3n de hidr\u00f3geno limpio. La misi\u00f3n permite dialogar con autoridades, clusters energ\u00e9ticos y compa\u00f1\u00edas que eval\u00faan proyectos de descarbonizaci\u00f3n en la regi\u00f3n Caribe. Adem\u00e1s, incluye seminarios especializados, intercambios t\u00e9cnicos y visitas a actores que construyen capacidades locales. Fuentes: Regional Hydrogen Summits Colombia; H2 Colombia Events; Foros de Transici\u00f3n Energ\u00e9tica.<\/p>\n","protected":false},"excerpt":{"rendered":"<p>La Misi\u00f3n Comercial en Colombia destacada en hidr\u00f3geno verde facilita el acercamiento a un mercado emergente con pol\u00edticas activas para impulsar H2 en industria, transporte y puertos. Cartagena, con su plataforma log\u00edstica y petroqu\u00edmica, impulsa pilotos que integran energ\u00edas renovables con producci\u00f3n de hidr\u00f3geno limpio. La misi\u00f3n permite dialogar con autoridades, clusters energ\u00e9ticos y compa\u00f1\u00edas [&hellip;]<\/p>\n","protected":false},"featured_media":8719,"template":"","meta":{"_acf_changed":false},"country":[929],"product_brand":[],"product_cat":[983,986,893],"product_tag":[924],"class_list":{"0":"post-6690","1":"product","2":"type-product","3":"status-publish","4":"has-post-thumbnail","6":"country-colombia","7":"product_cat-energia-y-transicion-verde","8":"product_cat-hidrogeno-verde","9":"product_cat-misiones-comerciales","10":"product_tag-misiones-comerciales","12":"first","13":"instock","14":"virtual","15":"product-type-simple"},"acf":[],"_links":{"self":[{"href":"https:\/\/dcobys.com\/es\/wp-json\/wp\/v2\/product\/6690","targetHints":{"allow":["GET"]}}],"collection":[{"href":"https:\/\/dcobys.com\/es\/wp-json\/wp\/v2\/product"}],"about":[{"href":"https:\/\/dcobys.com\/es\/wp-json\/wp\/v2\/types\/product"}],"version-history":[{"count":0,"href":"https:\/\/dcobys.com\/es\/wp-json\/wp\/v2\/product\/6690\/revisions"}],"wp:featuredmedia":[{"embeddable":true,"href":"https:\/\/dcobys.com\/es\/wp-json\/wp\/v2\/media\/8719"}],"wp:attachment":[{"href":"https:\/\/dcobys.com\/es\/wp-json\/wp\/v2\/media?parent=6690"}],"wp:term":[{"taxonomy":"country","embeddable":true,"href":"https:\/\/dcobys.com\/es\/wp-json\/wp\/v2\/country?post=6690"},{"taxonomy":"product_brand","embeddable":true,"href":"https:\/\/dcobys.com\/es\/wp-json\/wp\/v2\/product_brand?post=6690"},{"taxonomy":"product_cat","embeddable":true,"href":"https:\/\/dcobys.com\/es\/wp-json\/wp\/v2\/product_cat?post=6690"},{"taxonomy":"product_tag","embeddable":true,"href":"https:\/\/dcobys.com\/es\/wp-json\/wp\/v2\/product_tag?post=6690"}],"curies":[{"name":"wp","href":"https:\/\/api.w.org\/{rel}","templated":true}]}}