{"id":6688,"date":"2025-12-15T13:02:13","date_gmt":"2025-12-15T18:02:13","guid":{"rendered":"https:\/\/dcobys.com\/services\/uncategorized\/green-hydrogen-denmark-2\/"},"modified":"2026-01-30T21:36:01","modified_gmt":"2026-01-31T02:36:01","slug":"green-hydrogen-denmark-2","status":"publish","type":"product","link":"https:\/\/dcobys.com\/es\/services\/misiones-comerciales\/energia-y-transicion-verde\/hidrogeno-verde\/green-hydrogen-denmark-2\/","title":{"rendered":"Hidr\u00f3geno verde &#8211; Dinamarca"},"content":{"rendered":"<p>La Misi\u00f3n Comercial en Dinamarca destacada en hidr\u00f3geno verde acerca a los participantes a uno de los pa\u00edses m\u00e1s comprometidos con la transici\u00f3n energ\u00e9tica y el despliegue de energ\u00eda e\u00f3lica offshore vinculada a H2. Esbjerg, nodo clave del Mar del Norte, concentra proyectos de electr\u00f3lisis a gran escala, exportaci\u00f3n de hidr\u00f3geno y desarrollo de combustibles sint\u00e9ticos. La misi\u00f3n contempla visitas a cl\u00fasteres, plantas piloto y centros de ingenier\u00eda enfocados en integraci\u00f3n renovable-hidr\u00f3geno. Tambi\u00e9n promueve el relacionamiento con entidades danesas que lideran est\u00e1ndares europeos. Fuentes: Danish Offshore &#038; Hydrogen Events; WindEurope Hydrogen Tracks; North Sea Energy H2 Projects.<\/p>\n","protected":false},"excerpt":{"rendered":"<p>La Misi\u00f3n Comercial en Dinamarca destacada en hidr\u00f3geno verde acerca a los participantes a uno de los pa\u00edses m\u00e1s comprometidos con la transici\u00f3n energ\u00e9tica y el despliegue de energ\u00eda e\u00f3lica offshore vinculada a H2. Esbjerg, nodo clave del Mar del Norte, concentra proyectos de electr\u00f3lisis a gran escala, exportaci\u00f3n de hidr\u00f3geno y desarrollo de combustibles [&hellip;]<\/p>\n","protected":false},"featured_media":8721,"template":"","meta":{"_acf_changed":false},"country":[930],"product_brand":[],"product_cat":[983,986,893],"product_tag":[924],"class_list":{"0":"post-6688","1":"product","2":"type-product","3":"status-publish","4":"has-post-thumbnail","6":"country-dinamarca","7":"product_cat-energia-y-transicion-verde","8":"product_cat-hidrogeno-verde","9":"product_cat-misiones-comerciales","10":"product_tag-misiones-comerciales","12":"first","13":"instock","14":"virtual","15":"product-type-simple"},"acf":[],"_links":{"self":[{"href":"https:\/\/dcobys.com\/es\/wp-json\/wp\/v2\/product\/6688","targetHints":{"allow":["GET"]}}],"collection":[{"href":"https:\/\/dcobys.com\/es\/wp-json\/wp\/v2\/product"}],"about":[{"href":"https:\/\/dcobys.com\/es\/wp-json\/wp\/v2\/types\/product"}],"version-history":[{"count":0,"href":"https:\/\/dcobys.com\/es\/wp-json\/wp\/v2\/product\/6688\/revisions"}],"wp:featuredmedia":[{"embeddable":true,"href":"https:\/\/dcobys.com\/es\/wp-json\/wp\/v2\/media\/8721"}],"wp:attachment":[{"href":"https:\/\/dcobys.com\/es\/wp-json\/wp\/v2\/media?parent=6688"}],"wp:term":[{"taxonomy":"country","embeddable":true,"href":"https:\/\/dcobys.com\/es\/wp-json\/wp\/v2\/country?post=6688"},{"taxonomy":"product_brand","embeddable":true,"href":"https:\/\/dcobys.com\/es\/wp-json\/wp\/v2\/product_brand?post=6688"},{"taxonomy":"product_cat","embeddable":true,"href":"https:\/\/dcobys.com\/es\/wp-json\/wp\/v2\/product_cat?post=6688"},{"taxonomy":"product_tag","embeddable":true,"href":"https:\/\/dcobys.com\/es\/wp-json\/wp\/v2\/product_tag?post=6688"}],"curies":[{"name":"wp","href":"https:\/\/api.w.org\/{rel}","templated":true}]}}