{"id":6686,"date":"2025-12-15T13:02:13","date_gmt":"2025-12-15T18:02:13","guid":{"rendered":"https:\/\/dcobys.com\/services\/uncategorized\/green-hydrogen-usa-2\/"},"modified":"2026-01-30T21:36:01","modified_gmt":"2026-01-31T02:36:01","slug":"green-hydrogen-usa-2","status":"publish","type":"product","link":"https:\/\/dcobys.com\/es\/services\/misiones-comerciales\/energia-y-transicion-verde\/hidrogeno-verde\/green-hydrogen-usa-2\/","title":{"rendered":"Hidr\u00f3geno verde &#8211; EE. UU."},"content":{"rendered":"<p>La Misi\u00f3n Comercial en Estados Unidos destacada en hidr\u00f3geno verde permite vincularse con el epicentro energ\u00e9tico norteamericano, donde Houston impulsa grandes hubs de H2 para uso industrial y transporte. La misi\u00f3n abre puertas a reuniones con proveedores de infraestructura, operadores de pipelines, centros de investigaci\u00f3n y empresas que integran hidr\u00f3geno en refiner\u00edas, industria qu\u00edmica y movilidad. Se incluyen sesiones sobre normativas, financiamiento federal y proyectos respaldados por laboratorios nacionales. Adem\u00e1s, se exploran oportunidades dentro del creciente mercado de energ\u00edas limpias de Texas. Fuentes: CERAWeek (S&#038;P Global); Hydrogen Americas Summit; Hydrogen USA Projects.<\/p>\n","protected":false},"excerpt":{"rendered":"<p>La Misi\u00f3n Comercial en Estados Unidos destacada en hidr\u00f3geno verde permite vincularse con el epicentro energ\u00e9tico norteamericano, donde Houston impulsa grandes hubs de H2 para uso industrial y transporte. La misi\u00f3n abre puertas a reuniones con proveedores de infraestructura, operadores de pipelines, centros de investigaci\u00f3n y empresas que integran hidr\u00f3geno en refiner\u00edas, industria qu\u00edmica y [&hellip;]<\/p>\n","protected":false},"featured_media":8723,"template":"","meta":{"_acf_changed":false},"country":[954],"product_brand":[],"product_cat":[983,986,893],"product_tag":[924],"class_list":{"0":"post-6686","1":"product","2":"type-product","3":"status-publish","4":"has-post-thumbnail","6":"country-ee-uu","7":"product_cat-energia-y-transicion-verde","8":"product_cat-hidrogeno-verde","9":"product_cat-misiones-comerciales","10":"product_tag-misiones-comerciales","12":"first","13":"instock","14":"virtual","15":"product-type-simple"},"acf":[],"_links":{"self":[{"href":"https:\/\/dcobys.com\/es\/wp-json\/wp\/v2\/product\/6686","targetHints":{"allow":["GET"]}}],"collection":[{"href":"https:\/\/dcobys.com\/es\/wp-json\/wp\/v2\/product"}],"about":[{"href":"https:\/\/dcobys.com\/es\/wp-json\/wp\/v2\/types\/product"}],"version-history":[{"count":0,"href":"https:\/\/dcobys.com\/es\/wp-json\/wp\/v2\/product\/6686\/revisions"}],"wp:featuredmedia":[{"embeddable":true,"href":"https:\/\/dcobys.com\/es\/wp-json\/wp\/v2\/media\/8723"}],"wp:attachment":[{"href":"https:\/\/dcobys.com\/es\/wp-json\/wp\/v2\/media?parent=6686"}],"wp:term":[{"taxonomy":"country","embeddable":true,"href":"https:\/\/dcobys.com\/es\/wp-json\/wp\/v2\/country?post=6686"},{"taxonomy":"product_brand","embeddable":true,"href":"https:\/\/dcobys.com\/es\/wp-json\/wp\/v2\/product_brand?post=6686"},{"taxonomy":"product_cat","embeddable":true,"href":"https:\/\/dcobys.com\/es\/wp-json\/wp\/v2\/product_cat?post=6686"},{"taxonomy":"product_tag","embeddable":true,"href":"https:\/\/dcobys.com\/es\/wp-json\/wp\/v2\/product_tag?post=6686"}],"curies":[{"name":"wp","href":"https:\/\/api.w.org\/{rel}","templated":true}]}}